{"id":3835,"date":"2024-01-24T16:28:02","date_gmt":"2024-01-24T15:28:02","guid":{"rendered":"https:\/\/softymed.ch\/?post_type=product&#038;p=3835"},"modified":"2026-03-27T18:27:59","modified_gmt":"2026-03-27T17:27:59","slug":"cromax","status":"publish","type":"product","link":"https:\/\/softymed.ch\/it\/boutique\/attelles-platres\/bras-epaule-et-coude\/cromax\/","title":{"rendered":"Cromax"},"content":{"rendered":"<p><strong>Indicazioni<\/strong><br \/>\n-Traitement fonctionnel des fractures de la clavicule avec ou sans d\u00e9placement<br \/>\n-Maintien confortable des \u00e9paules vers l\u2019arri\u00e8re<\/p>\n<p><strong>Caratteristiche<\/strong><br \/>\n-Sangles acromio-claviculaires avec syst\u00e8me d\u2019attache dorsale par bandes auto-agrippantes<br \/>\n-Ces sangles permettent un maintien r\u00e9glable de la traction<br \/>\n-Les \u00e9pauli\u00e8res molletonn\u00e9es assurent un excellent confort<br \/>\n-Mod\u00e8le bilat\u00e9ral<\/p>","protected":false},"excerpt":{"rendered":"<p>Supporto per la clavicola<\/p>","protected":false},"featured_media":2711,"template":"","meta":{"_acf_changed":false,"_seopress_robots_primary_cat":"none","_seopress_titles_title":"","_seopress_titles_desc":"","_seopress_robots_index":""},"product_brand":[],"product_cat":[149,240],"product_tag":[344],"categorie_principale":[28,30,29],"marque":[184],"class_list":{"0":"post-3835","1":"product","2":"type-product","3":"status-publish","4":"has-post-thumbnail","6":"product_cat-attelles-platres","7":"product_cat-bras-epaule-et-coude","8":"product_tag-destockage","9":"categorie_principale-medecine-generale","10":"categorie_principale-orthopedie","11":"categorie_principale-permanence-hopital","12":"marque-donjoy","14":"first","15":"instock","16":"sale","17":"taxable","18":"shipping-taxable","19":"purchasable","20":"product-type-variable"},"supplier_id":null,"supplier_sku":"","atum_controlled":true,"out_stock_date":null,"out_stock_threshold":null,"inheritable":true,"inbound_stock":null,"stock_on_hold":0,"sold_today":0,"sales_last_days":1,"reserved_stock":null,"customer_returns":null,"warehouse_damage":null,"lost_in_post":null,"other_logs":null,"out_stock_days":0,"lost_sales":0,"has_location":true,"update_date":"2026-04-09T00:03:52","atum_locations":[{"id":219,"name":"Cubo giallo","slug":"yellow-cube"}],"atum_stock_status":"instock","restock_status":false,"low_stock_amount":"","sales_update_date":"2026-04-09T00:03:52","calc_backorders":null,"acf":[],"_links":{"self":[{"href":"https:\/\/softymed.ch\/it\/wp-json\/wp\/v2\/product\/3835","targetHints":{"allow":["GET"]}}],"collection":[{"href":"https:\/\/softymed.ch\/it\/wp-json\/wp\/v2\/product"}],"about":[{"href":"https:\/\/softymed.ch\/it\/wp-json\/wp\/v2\/types\/product"}],"wp:featuredmedia":[{"embeddable":true,"href":"https:\/\/softymed.ch\/it\/wp-json\/wp\/v2\/media\/2711"}],"wp:attachment":[{"href":"https:\/\/softymed.ch\/it\/wp-json\/wp\/v2\/media?parent=3835"}],"wp:term":[{"taxonomy":"product_brand","embeddable":true,"href":"https:\/\/softymed.ch\/it\/wp-json\/wp\/v2\/product_brand?post=3835"},{"taxonomy":"product_cat","embeddable":true,"href":"https:\/\/softymed.ch\/it\/wp-json\/wp\/v2\/product_cat?post=3835"},{"taxonomy":"product_tag","embeddable":true,"href":"https:\/\/softymed.ch\/it\/wp-json\/wp\/v2\/product_tag?post=3835"},{"taxonomy":"categorie_principale","embeddable":true,"href":"https:\/\/softymed.ch\/it\/wp-json\/wp\/v2\/categorie_principale?post=3835"},{"taxonomy":"marque","embeddable":true,"href":"https:\/\/softymed.ch\/it\/wp-json\/wp\/v2\/marque?post=3835"}],"curies":[{"name":"wp","href":"https:\/\/api.w.org\/{rel}","templated":true}]}}