{"id":3806,"date":"2024-01-24T15:42:27","date_gmt":"2024-01-24T14:42:27","guid":{"rendered":"https:\/\/softymed.ch\/?post_type=product&#038;p=3806"},"modified":"2026-04-08T11:37:04","modified_gmt":"2026-04-08T09:37:04","slug":"vasco-nitril-light","status":"publish","type":"product","link":"https:\/\/softymed.ch\/it\/boutique\/carte-de-commande\/vasco-nitril-light\/","title":{"rendered":"Vasco\u00ae Nitril light"},"content":{"rendered":"<p><strong>Caratteristiche<\/strong><br \/>\n-Gant extra-l\u00e9ger en nitrile pour une excellente et tr\u00e8s haute sensibilit\u00e9 tactile<br \/>\nSenza polvere, blu<br \/>\n-\u00c9lasticit\u00e9 extraordinairement \u00e9lev\u00e9e pour une tenue confortable ainsi qu\u2019une bonne manipulation des doigts<br \/>\nSuperficie micro-ruvida e struttura della punta delle dita per una presa eccellente<br \/>\n-Enfilage et retrait faciles gr\u00e2ce au rev\u00eatement int\u00e9rieur<br \/>\nSenza polvere e senza lattice<\/p>","protected":false},"excerpt":{"rendered":"<p>Guanti in nitrile extra leggeri, senza polvere<\/p>","protected":false},"featured_media":2665,"template":"","meta":{"_acf_changed":false,"_seopress_robots_primary_cat":"none","_seopress_titles_title":"","_seopress_titles_desc":"","_seopress_robots_index":""},"product_brand":[],"product_cat":[287,176],"product_tag":[347],"categorie_principale":[165,32,31,27,106,28,29],"marque":[171],"class_list":{"0":"post-3806","1":"product","2":"type-product","3":"status-publish","4":"has-post-thumbnail","6":"product_cat-carte-de-commande","7":"product_cat-protection-consommable","8":"product_tag-best-seller","9":"categorie_principale-autre","10":"categorie_principale-cardiologie","11":"categorie_principale-gynecologie","12":"categorie_principale-laboratoire","13":"categorie_principale-medecine-dentaire","14":"categorie_principale-medecine-generale","15":"categorie_principale-permanence-hopital","16":"marque-b-braun","18":"first","19":"instock","20":"taxable","21":"shipping-taxable","22":"purchasable","23":"product-type-variable"},"supplier_id":null,"supplier_sku":"","atum_controlled":true,"out_stock_date":null,"out_stock_threshold":null,"inheritable":true,"inbound_stock":null,"stock_on_hold":0,"sold_today":0,"sales_last_days":98,"reserved_stock":null,"customer_returns":null,"warehouse_damage":null,"lost_in_post":null,"other_logs":null,"out_stock_days":0,"lost_sales":0,"has_location":true,"update_date":"2026-04-09T00:04:07","atum_locations":[{"id":373,"name":"Officine","slug":"officine"}],"atum_stock_status":"instock","restock_status":false,"low_stock_amount":"","sales_update_date":"2026-04-09T00:04:07","calc_backorders":null,"acf":[],"_links":{"self":[{"href":"https:\/\/softymed.ch\/it\/wp-json\/wp\/v2\/product\/3806","targetHints":{"allow":["GET"]}}],"collection":[{"href":"https:\/\/softymed.ch\/it\/wp-json\/wp\/v2\/product"}],"about":[{"href":"https:\/\/softymed.ch\/it\/wp-json\/wp\/v2\/types\/product"}],"wp:featuredmedia":[{"embeddable":true,"href":"https:\/\/softymed.ch\/it\/wp-json\/wp\/v2\/media\/2665"}],"wp:attachment":[{"href":"https:\/\/softymed.ch\/it\/wp-json\/wp\/v2\/media?parent=3806"}],"wp:term":[{"taxonomy":"product_brand","embeddable":true,"href":"https:\/\/softymed.ch\/it\/wp-json\/wp\/v2\/product_brand?post=3806"},{"taxonomy":"product_cat","embeddable":true,"href":"https:\/\/softymed.ch\/it\/wp-json\/wp\/v2\/product_cat?post=3806"},{"taxonomy":"product_tag","embeddable":true,"href":"https:\/\/softymed.ch\/it\/wp-json\/wp\/v2\/product_tag?post=3806"},{"taxonomy":"categorie_principale","embeddable":true,"href":"https:\/\/softymed.ch\/it\/wp-json\/wp\/v2\/categorie_principale?post=3806"},{"taxonomy":"marque","embeddable":true,"href":"https:\/\/softymed.ch\/it\/wp-json\/wp\/v2\/marque?post=3806"}],"curies":[{"name":"wp","href":"https:\/\/api.w.org\/{rel}","templated":true}]}}