{"id":3764,"date":"2024-01-24T14:32:19","date_gmt":"2024-01-24T13:32:19","guid":{"rendered":"https:\/\/softymed.ch\/?post_type=product&#038;p=3764"},"modified":"2025-11-24T08:39:05","modified_gmt":"2025-11-24T07:39:05","slug":"maglia-stockinette-3m-tubolare","status":"publish","type":"product","link":"https:\/\/softymed.ch\/it\/boutique\/attelles-platres\/platre\/3m-stockinette-jersey-tubulaire\/","title":{"rendered":"3M\u2122 Maglia Stockinette tubolare"},"content":{"rendered":"<p style=\"text-align: center;\">Le jersey tubulaire est indispensable \u00e0 la protection de la peau, lors de la r\u00e9alisation d\u2019un appareil en r\u00e9sine ou en pl\u00e2tre. En polyester c\u00f4tel\u00e9, finement tricot\u00e9, il offre une conformabilit\u00e9 optimale.<\/p>\n<p><strong>Caratteristiche<\/strong><br \/>\n-Jersey en polyester c\u00f4tel\u00e9 hydrofuge, perm\u00e9able \u00e0 l&rsquo;eau, hypoallerg\u00e9nique<br \/>\n-Tricot \u00e0 mailles fines, doux au toucher, tr\u00e8s confortable<br \/>\n-Extensible, il ne se d\u00e9forme pas et \u00e9pouse les reliefs anatomiques sur lesquels il est d\u00e9roul\u00e9<br \/>\n-Id\u00e9al pour une application sous r\u00e9sines rigides ou semi-rigides, le jersey doit \u00eatre d\u00e9roul\u00e9 sans pli sur une peau propre et s\u00e8che<br \/>\n-Per la protezione in caso di immobilizzazione rigida o semirigida.<\/p>","protected":false},"excerpt":{"rendered":"<p>Maglia in poliestere idrorepellente<\/p>","protected":false},"featured_media":2750,"template":"","meta":{"_acf_changed":false,"_seopress_robots_primary_cat":"none","_seopress_titles_title":"","_seopress_titles_desc":"","_seopress_robots_index":""},"product_brand":[],"product_cat":[149,150],"product_tag":[],"categorie_principale":[28,29],"marque":[],"class_list":{"0":"post-3764","1":"product","2":"type-product","3":"status-publish","4":"has-post-thumbnail","6":"product_cat-attelles-platres","7":"product_cat-platre","8":"categorie_principale-medecine-generale","9":"categorie_principale-permanence-hopital","11":"first","12":"instock","13":"taxable","14":"shipping-taxable","15":"purchasable","16":"product-type-variable"},"supplier_id":null,"supplier_sku":"","atum_controlled":true,"out_stock_date":null,"out_stock_threshold":null,"inheritable":true,"inbound_stock":null,"stock_on_hold":0,"sold_today":0,"sales_last_days":0,"reserved_stock":null,"customer_returns":null,"warehouse_damage":null,"lost_in_post":null,"other_logs":null,"out_stock_days":0,"lost_sales":0,"has_location":true,"update_date":"2026-04-08T00:03:17","atum_locations":[{"id":219,"name":"Cubo giallo","slug":"yellow-cube"}],"atum_stock_status":"instock","restock_status":false,"low_stock_amount":"","sales_update_date":"2026-04-08T00:03:17","calc_backorders":null,"acf":[],"_links":{"self":[{"href":"https:\/\/softymed.ch\/it\/wp-json\/wp\/v2\/product\/3764","targetHints":{"allow":["GET"]}}],"collection":[{"href":"https:\/\/softymed.ch\/it\/wp-json\/wp\/v2\/product"}],"about":[{"href":"https:\/\/softymed.ch\/it\/wp-json\/wp\/v2\/types\/product"}],"wp:featuredmedia":[{"embeddable":true,"href":"https:\/\/softymed.ch\/it\/wp-json\/wp\/v2\/media\/2750"}],"wp:attachment":[{"href":"https:\/\/softymed.ch\/it\/wp-json\/wp\/v2\/media?parent=3764"}],"wp:term":[{"taxonomy":"product_brand","embeddable":true,"href":"https:\/\/softymed.ch\/it\/wp-json\/wp\/v2\/product_brand?post=3764"},{"taxonomy":"product_cat","embeddable":true,"href":"https:\/\/softymed.ch\/it\/wp-json\/wp\/v2\/product_cat?post=3764"},{"taxonomy":"product_tag","embeddable":true,"href":"https:\/\/softymed.ch\/it\/wp-json\/wp\/v2\/product_tag?post=3764"},{"taxonomy":"categorie_principale","embeddable":true,"href":"https:\/\/softymed.ch\/it\/wp-json\/wp\/v2\/categorie_principale?post=3764"},{"taxonomy":"marque","embeddable":true,"href":"https:\/\/softymed.ch\/it\/wp-json\/wp\/v2\/marque?post=3764"}],"curies":[{"name":"wp","href":"https:\/\/api.w.org\/{rel}","templated":true}]}}