{"id":3743,"date":"2024-01-23T14:17:29","date_gmt":"2024-01-23T13:17:29","guid":{"rendered":"https:\/\/softymed.ch\/?post_type=product&#038;p=3743"},"modified":"2026-04-02T15:07:21","modified_gmt":"2026-04-02T13:07:21","slug":"3m-scotchcast-plus","status":"publish","type":"product","link":"https:\/\/softymed.ch\/it\/boutique\/attelles-platres\/platre\/3m-scotchcast-plus\/","title":{"rendered":"3M\u2122 Scotchcast\u2122 Plus"},"content":{"rendered":"<p>La r\u00e9sine 3M\u2122 Scotchcast\u2122 Plus est la marque de r\u00e9f\u00e9rence des r\u00e9sines synth\u00e9tiques rigides. L\u00e9g\u00e8re, r\u00e9sistante et confortable, elle offre une excellente rigidit\u00e9 de l&rsquo;appareil fini.<\/p>\n<p><strong>Caratteristiche<\/strong><\/p>\n<ul>\n<li>Bande de r\u00e9sine synth\u00e9tique rigide en fibre de verre pour immobilisation stricte.<\/li>\n<li>Permet la r\u00e9alisation d&rsquo;appareils l\u00e9gers, fins et r\u00e9sistants<\/li>\n<li>Temps de prise modulable et fonction de la technique de polym\u00e9risation choisie<\/li>\n<\/ul>","protected":false},"excerpt":{"rendered":"<p>Resina rigida<\/p>","protected":false},"featured_media":2477,"template":"","meta":{"_acf_changed":false,"_seopress_robots_primary_cat":"none","_seopress_titles_title":"","_seopress_titles_desc":"","_seopress_robots_index":""},"product_brand":[],"product_cat":[149,150],"product_tag":[],"categorie_principale":[28,29],"marque":[102],"class_list":{"0":"post-3743","1":"product","2":"type-product","3":"status-publish","4":"has-post-thumbnail","6":"product_cat-attelles-platres","7":"product_cat-platre","8":"categorie_principale-medecine-generale","9":"categorie_principale-permanence-hopital","10":"marque-3m","12":"first","13":"instock","14":"sale","15":"taxable","16":"shipping-taxable","17":"purchasable","18":"product-type-variable"},"supplier_id":null,"supplier_sku":"","atum_controlled":true,"out_stock_date":null,"out_stock_threshold":null,"inheritable":true,"inbound_stock":null,"stock_on_hold":0,"sold_today":0,"sales_last_days":0,"reserved_stock":null,"customer_returns":null,"warehouse_damage":null,"lost_in_post":null,"other_logs":null,"out_stock_days":0,"lost_sales":0,"has_location":true,"update_date":"2026-04-08T00:03:59","atum_locations":[{"id":373,"name":"Officine","slug":"officine"}],"atum_stock_status":"instock","restock_status":false,"low_stock_amount":"","sales_update_date":"2026-04-08T00:03:59","calc_backorders":null,"acf":[],"_links":{"self":[{"href":"https:\/\/softymed.ch\/it\/wp-json\/wp\/v2\/product\/3743","targetHints":{"allow":["GET"]}}],"collection":[{"href":"https:\/\/softymed.ch\/it\/wp-json\/wp\/v2\/product"}],"about":[{"href":"https:\/\/softymed.ch\/it\/wp-json\/wp\/v2\/types\/product"}],"wp:featuredmedia":[{"embeddable":true,"href":"https:\/\/softymed.ch\/it\/wp-json\/wp\/v2\/media\/2477"}],"wp:attachment":[{"href":"https:\/\/softymed.ch\/it\/wp-json\/wp\/v2\/media?parent=3743"}],"wp:term":[{"taxonomy":"product_brand","embeddable":true,"href":"https:\/\/softymed.ch\/it\/wp-json\/wp\/v2\/product_brand?post=3743"},{"taxonomy":"product_cat","embeddable":true,"href":"https:\/\/softymed.ch\/it\/wp-json\/wp\/v2\/product_cat?post=3743"},{"taxonomy":"product_tag","embeddable":true,"href":"https:\/\/softymed.ch\/it\/wp-json\/wp\/v2\/product_tag?post=3743"},{"taxonomy":"categorie_principale","embeddable":true,"href":"https:\/\/softymed.ch\/it\/wp-json\/wp\/v2\/categorie_principale?post=3743"},{"taxonomy":"marque","embeddable":true,"href":"https:\/\/softymed.ch\/it\/wp-json\/wp\/v2\/marque?post=3743"}],"curies":[{"name":"wp","href":"https:\/\/api.w.org\/{rel}","templated":true}]}}