{"id":3421,"date":"2023-12-27T15:36:09","date_gmt":"2023-12-27T14:36:09","guid":{"rendered":"https:\/\/softymed.ch\/boutique\/flacon-gradue\/"},"modified":"2025-10-30T17:38:13","modified_gmt":"2025-10-30T16:38:13","slug":"bottiglia-graduata","status":"publish","type":"product","link":"https:\/\/softymed.ch\/it\/boutique\/chimie-hematologie\/flacon-gradue\/","title":{"rendered":"Bottiglia graduata"},"content":{"rendered":"<p>Collecte et transport d\u2019\u00e9chantillons liquides ou solides d\u2019origine biologique.<br \/>\nMati\u00e8re de la cape: poly\u00e9thyl\u00e8ne<br \/>\nColore della bottiglia: traslucido<br \/>\nFlacon + cape assembl\u00e9s: oui<br \/>\nType de cape: \u00e0 vis<br \/>\nChiusura: chiusura semplice<br \/>\nColore del mantello: rosso<br \/>\nForma della bottiglia: rotonda<br \/>\nVolume totale: 150 ml<br \/>\nVolume utile: 125 ml<br \/>\nDiam\u00e8tre ext\u00e9rieur du corps: 62.1 mm<br \/>\nLunghezza della base: 48,3 mm<br \/>\nAltezza con mantello: 74,3 mm<br \/>\nLaurea: s\u00ec<br \/>\nTipo di laurea: in massa<br \/>\nMarcatura piatta: s\u00ec<br \/>\nAplat de marquage dimensions: 33&#215;50 mm<br \/>\nNiveau de st\u00e9rilit\u00e9: st\u00e9rile<br \/>\nEmballage: unitaire sachet soud\u00e9<br \/>\nUso singolo: s\u00ec<br \/>\nUso diagnostico: in vitro<br \/>\nAutres caract\u00e9ristiques \u2013 St\u00e9rile R : st\u00e9rile par irradiation (rayon beta) SAL 10-6<br \/>\nDur\u00e9e de vie: 48 mois<\/p>","protected":false},"excerpt":{"rendered":"<p>Sterile, confezione singola<\/p>","protected":false},"featured_media":2705,"template":"","meta":{"_acf_changed":false,"_seopress_robots_primary_cat":"none","_seopress_titles_title":"","_seopress_titles_desc":"","_seopress_robots_index":""},"product_brand":[],"product_cat":[123,131,132,136],"product_tag":[],"categorie_principale":[32,31,27,28,29],"marque":[],"class_list":{"0":"post-3421","1":"product","2":"type-product","3":"status-publish","4":"has-post-thumbnail","6":"product_cat-chimie-hematologie","7":"product_cat-microbiologie","8":"product_cat-microscopie","9":"product_cat-prelevements","10":"categorie_principale-cardiologie","11":"categorie_principale-gynecologie","12":"categorie_principale-laboratoire","13":"categorie_principale-medecine-generale","14":"categorie_principale-permanence-hopital","16":"first","17":"instock","18":"taxable","19":"shipping-taxable","20":"purchasable","21":"product-type-simple"},"supplier_id":null,"supplier_sku":"","atum_controlled":true,"out_stock_date":null,"out_stock_threshold":null,"inheritable":false,"inbound_stock":null,"stock_on_hold":0,"sold_today":0,"sales_last_days":0,"reserved_stock":null,"customer_returns":null,"warehouse_damage":null,"lost_in_post":null,"other_logs":null,"out_stock_days":0,"lost_sales":0,"has_location":true,"update_date":"2026-04-08T00:03:17","atum_locations":[{"id":373,"name":"Officine","slug":"officine"}],"atum_stock_status":"instock","restock_status":false,"low_stock_amount":"","sales_update_date":"2026-04-08T00:03:17","calc_backorders":null,"acf":[],"_links":{"self":[{"href":"https:\/\/softymed.ch\/it\/wp-json\/wp\/v2\/product\/3421","targetHints":{"allow":["GET"]}}],"collection":[{"href":"https:\/\/softymed.ch\/it\/wp-json\/wp\/v2\/product"}],"about":[{"href":"https:\/\/softymed.ch\/it\/wp-json\/wp\/v2\/types\/product"}],"wp:featuredmedia":[{"embeddable":true,"href":"https:\/\/softymed.ch\/it\/wp-json\/wp\/v2\/media\/2705"}],"wp:attachment":[{"href":"https:\/\/softymed.ch\/it\/wp-json\/wp\/v2\/media?parent=3421"}],"wp:term":[{"taxonomy":"product_brand","embeddable":true,"href":"https:\/\/softymed.ch\/it\/wp-json\/wp\/v2\/product_brand?post=3421"},{"taxonomy":"product_cat","embeddable":true,"href":"https:\/\/softymed.ch\/it\/wp-json\/wp\/v2\/product_cat?post=3421"},{"taxonomy":"product_tag","embeddable":true,"href":"https:\/\/softymed.ch\/it\/wp-json\/wp\/v2\/product_tag?post=3421"},{"taxonomy":"categorie_principale","embeddable":true,"href":"https:\/\/softymed.ch\/it\/wp-json\/wp\/v2\/categorie_principale?post=3421"},{"taxonomy":"marque","embeddable":true,"href":"https:\/\/softymed.ch\/it\/wp-json\/wp\/v2\/marque?post=3421"}],"curies":[{"name":"wp","href":"https:\/\/api.w.org\/{rel}","templated":true}]}}