{"id":3417,"date":"2023-12-27T15:36:09","date_gmt":"2023-12-27T14:36:09","guid":{"rendered":"https:\/\/softymed.ch\/boutique\/v-monovette-urine-4\/"},"modified":"2026-03-10T14:49:51","modified_gmt":"2026-03-10T13:49:51","slug":"v-monovette-urine-gialle","status":"publish","type":"product","link":"https:\/\/softymed.ch\/it\/boutique\/prelevements\/prelevement-urinaire\/v-monovette-urine-jaune\/","title":{"rendered":"V-Monovette\u00ae Urina"},"content":{"rendered":"<p>Volume nominale: 9,5 ml, senza additivo<br \/>\nSyst\u00e8me sous-vide pour le transfert d&rsquo;urine en circuit ferm\u00e9<br \/>\n(L x \u00d8): 100 x 15 mm, transparent, graduation maximale<br \/>\nMat\u00e9riau: PET, cape \u00e0 membrane, bouchon jaune, avec \u00e9tiquette papier, st\u00e9rile<br \/>\n50 pi\u00e8ce(s)\/sachet<\/p>","protected":false},"excerpt":{"rendered":"<p>Sistema sottovuoto senza additivi per il trasferimento di urina a circuito chiuso<\/p>","protected":false},"featured_media":2298,"template":"","meta":{"_acf_changed":false,"_seopress_robots_primary_cat":"none","_seopress_titles_title":"","_seopress_titles_desc":"","_seopress_robots_index":""},"product_brand":[],"product_cat":[287,131,140,136],"product_tag":[400],"categorie_principale":[31,27,28,29],"marque":[207],"class_list":{"0":"post-3417","1":"product","2":"type-product","3":"status-publish","4":"has-post-thumbnail","6":"product_cat-carte-de-commande","7":"product_cat-microbiologie","8":"product_cat-prelevement-urinaire","9":"product_cat-prelevements","10":"product_tag-arret-de-fabrication","11":"categorie_principale-gynecologie","12":"categorie_principale-laboratoire","13":"categorie_principale-medecine-generale","14":"categorie_principale-permanence-hopital","15":"marque-sarstedt","17":"first","18":"outofstock","19":"taxable","20":"shipping-taxable","21":"purchasable","22":"product-type-simple"},"supplier_id":null,"supplier_sku":"","atum_controlled":true,"out_stock_date":"2026-03-02 15:56:37","out_stock_threshold":null,"inheritable":false,"inbound_stock":0,"stock_on_hold":0,"sold_today":0,"sales_last_days":0,"reserved_stock":0,"customer_returns":0,"warehouse_damage":0,"lost_in_post":0,"other_logs":0,"out_stock_days":38,"lost_sales":889,"has_location":true,"update_date":"2026-04-10T00:04:38","atum_locations":[{"id":373,"name":"Officine","slug":"officine"}],"atum_stock_status":"outofstock","restock_status":false,"low_stock_amount":"","sales_update_date":"2026-04-10T00:04:38","calc_backorders":null,"acf":[],"_links":{"self":[{"href":"https:\/\/softymed.ch\/it\/wp-json\/wp\/v2\/product\/3417","targetHints":{"allow":["GET"]}}],"collection":[{"href":"https:\/\/softymed.ch\/it\/wp-json\/wp\/v2\/product"}],"about":[{"href":"https:\/\/softymed.ch\/it\/wp-json\/wp\/v2\/types\/product"}],"wp:featuredmedia":[{"embeddable":true,"href":"https:\/\/softymed.ch\/it\/wp-json\/wp\/v2\/media\/2298"}],"wp:attachment":[{"href":"https:\/\/softymed.ch\/it\/wp-json\/wp\/v2\/media?parent=3417"}],"wp:term":[{"taxonomy":"product_brand","embeddable":true,"href":"https:\/\/softymed.ch\/it\/wp-json\/wp\/v2\/product_brand?post=3417"},{"taxonomy":"product_cat","embeddable":true,"href":"https:\/\/softymed.ch\/it\/wp-json\/wp\/v2\/product_cat?post=3417"},{"taxonomy":"product_tag","embeddable":true,"href":"https:\/\/softymed.ch\/it\/wp-json\/wp\/v2\/product_tag?post=3417"},{"taxonomy":"categorie_principale","embeddable":true,"href":"https:\/\/softymed.ch\/it\/wp-json\/wp\/v2\/categorie_principale?post=3417"},{"taxonomy":"marque","embeddable":true,"href":"https:\/\/softymed.ch\/it\/wp-json\/wp\/v2\/marque?post=3417"}],"curies":[{"name":"wp","href":"https:\/\/api.w.org\/{rel}","templated":true}]}}