{"id":3406,"date":"2023-12-27T15:36:01","date_gmt":"2023-12-27T14:36:01","guid":{"rendered":"https:\/\/softymed.ch\/boutique\/s-monovette-thromboexact\/"},"modified":"2026-03-25T13:02:48","modified_gmt":"2026-03-25T12:02:48","slug":"s-monovette-tromboexact","status":"publish","type":"product","link":"https:\/\/softymed.ch\/it\/boutique\/prelevements\/prelevement-special\/s-monovette-thromboexact\/","title":{"rendered":"S-Monovette\u00ae ThromboExact"},"content":{"rendered":"<p>Pr\u00e9paration: Liaison Mg2+, 2,7 ml<br \/>\nBouchon filet\u00e9 \u00e0 membrane, bouchon rouge fonc\u00e9<br \/>\n(L x \u00d8) sans bouchon: 66 x 11 mm, avec \u00e9tiquette papier<br \/>\n\u00c9tiquette\/impression: rouge fonc\u00e9<br \/>\n50 pi\u00e8ce(s)\/carton, st\u00e9rile<\/p>","protected":false},"excerpt":{"rendered":"<p>Preparazione: Legante Mg2+, 2,7 ml Membrana con tappo a vite, tappo rosso scuro (L x \u00d8) senza tappo: 66 x 11 mm, con etichetta di carta Etichetta\/stampa: rosso scuro 50 pz\/cartone, sterile<\/p>","protected":false},"featured_media":2285,"template":"","meta":{"_acf_changed":false,"_seopress_robots_primary_cat":"none","_seopress_titles_title":"","_seopress_titles_desc":"","_seopress_robots_index":""},"product_brand":[],"product_cat":[287,142,137,136],"product_tag":[],"categorie_principale":[32,27,28,29],"marque":[207],"class_list":{"0":"post-3406","1":"product","2":"type-product","3":"status-publish","4":"has-post-thumbnail","6":"product_cat-carte-de-commande","7":"product_cat-prelevement-special","8":"product_cat-prelevement-veineux","9":"product_cat-prelevements","10":"categorie_principale-cardiologie","11":"categorie_principale-laboratoire","12":"categorie_principale-medecine-generale","13":"categorie_principale-permanence-hopital","14":"marque-sarstedt","16":"first","17":"instock","18":"taxable","19":"shipping-taxable","20":"purchasable","21":"product-type-simple"},"supplier_id":null,"supplier_sku":"","atum_controlled":true,"out_stock_date":null,"out_stock_threshold":null,"inheritable":false,"inbound_stock":null,"stock_on_hold":0,"sold_today":0,"sales_last_days":2,"reserved_stock":null,"customer_returns":null,"warehouse_damage":null,"lost_in_post":null,"other_logs":null,"out_stock_days":0,"lost_sales":0,"has_location":true,"update_date":"2026-04-08T00:03:47","atum_locations":[{"id":373,"name":"Officine","slug":"officine"}],"atum_stock_status":"instock","restock_status":false,"low_stock_amount":"","sales_update_date":"2026-04-08T00:03:47","calc_backorders":null,"acf":[],"_links":{"self":[{"href":"https:\/\/softymed.ch\/it\/wp-json\/wp\/v2\/product\/3406","targetHints":{"allow":["GET"]}}],"collection":[{"href":"https:\/\/softymed.ch\/it\/wp-json\/wp\/v2\/product"}],"about":[{"href":"https:\/\/softymed.ch\/it\/wp-json\/wp\/v2\/types\/product"}],"wp:featuredmedia":[{"embeddable":true,"href":"https:\/\/softymed.ch\/it\/wp-json\/wp\/v2\/media\/2285"}],"wp:attachment":[{"href":"https:\/\/softymed.ch\/it\/wp-json\/wp\/v2\/media?parent=3406"}],"wp:term":[{"taxonomy":"product_brand","embeddable":true,"href":"https:\/\/softymed.ch\/it\/wp-json\/wp\/v2\/product_brand?post=3406"},{"taxonomy":"product_cat","embeddable":true,"href":"https:\/\/softymed.ch\/it\/wp-json\/wp\/v2\/product_cat?post=3406"},{"taxonomy":"product_tag","embeddable":true,"href":"https:\/\/softymed.ch\/it\/wp-json\/wp\/v2\/product_tag?post=3406"},{"taxonomy":"categorie_principale","embeddable":true,"href":"https:\/\/softymed.ch\/it\/wp-json\/wp\/v2\/categorie_principale?post=3406"},{"taxonomy":"marque","embeddable":true,"href":"https:\/\/softymed.ch\/it\/wp-json\/wp\/v2\/marque?post=3406"}],"curies":[{"name":"wp","href":"https:\/\/api.w.org\/{rel}","templated":true}]}}