{"id":3390,"date":"2023-12-27T15:35:54","date_gmt":"2023-12-27T14:35:54","guid":{"rendered":"https:\/\/softymed.ch\/boutique\/microvette-apt-250-k2e\/"},"modified":"2025-10-14T15:51:10","modified_gmt":"2025-10-14T13:51:10","slug":"microvette-apt-250-k2e","status":"publish","type":"product","link":"https:\/\/softymed.ch\/it\/boutique\/prelevements\/prelevement-capillaire\/microvette-apt-250-k2e\/","title":{"rendered":"Microvette\u00ae APT 250 K2E"},"content":{"rendered":"<p>Pr\u00e9paration: EDTA K2, K2E<br \/>\nVolume nominal: 250 \u00b5l, \u00d8: 13 mm<br \/>\nAvec \u00e9tiquette plastique, bouchon violet, cape \u00e0 pression, avec membrane perforable, fond rond, tube int\u00e9rieur: cylindrique, avec bouchon, non st\u00e9riles<br \/>\n50 pi\u00e8ce(s)\/carton<\/p>","protected":false},"excerpt":{"rendered":"<p>Preparazione: EDTA K2, K2E Volume nominale: 250 \u00b5l, \u00d8: 13 mm Con etichetta in plastica, tappo viola, tappo a pressione, con membrana perforabile, fondo rotondo, tubo interno: cilindrico, con tappo, non sterile 50 pz\/cartone<\/p>","protected":false},"featured_media":2317,"template":"","meta":{"_acf_changed":false,"_seopress_robots_primary_cat":"none","_seopress_titles_title":"","_seopress_titles_desc":"","_seopress_robots_index":""},"product_brand":[],"product_cat":[333,138,136],"product_tag":[],"categorie_principale":[31,27,28,29],"marque":[207],"class_list":{"0":"post-3390","1":"product","2":"type-product","3":"status-publish","4":"has-post-thumbnail","6":"product_cat-autre-materiel-de-prelevement-labpoint","7":"product_cat-prelevement-capillaire","8":"product_cat-prelevements","9":"categorie_principale-gynecologie","10":"categorie_principale-laboratoire","11":"categorie_principale-medecine-generale","12":"categorie_principale-permanence-hopital","13":"marque-sarstedt","15":"first","16":"outofstock","17":"taxable","18":"shipping-taxable","19":"product-type-simple"},"supplier_id":null,"supplier_sku":"","atum_controlled":true,"out_stock_date":"2025-07-23 15:01:50","out_stock_threshold":null,"inheritable":false,"inbound_stock":null,"stock_on_hold":0,"sold_today":0,"sales_last_days":0,"reserved_stock":null,"customer_returns":null,"warehouse_damage":null,"lost_in_post":null,"other_logs":null,"out_stock_days":258,"lost_sales":0,"has_location":true,"update_date":"2026-04-08T00:03:16","atum_locations":[{"id":373,"name":"Officine","slug":"officine"}],"atum_stock_status":"outofstock","restock_status":false,"low_stock_amount":"","sales_update_date":"2026-04-08T00:03:16","calc_backorders":null,"acf":[],"_links":{"self":[{"href":"https:\/\/softymed.ch\/it\/wp-json\/wp\/v2\/product\/3390","targetHints":{"allow":["GET"]}}],"collection":[{"href":"https:\/\/softymed.ch\/it\/wp-json\/wp\/v2\/product"}],"about":[{"href":"https:\/\/softymed.ch\/it\/wp-json\/wp\/v2\/types\/product"}],"wp:featuredmedia":[{"embeddable":true,"href":"https:\/\/softymed.ch\/it\/wp-json\/wp\/v2\/media\/2317"}],"wp:attachment":[{"href":"https:\/\/softymed.ch\/it\/wp-json\/wp\/v2\/media?parent=3390"}],"wp:term":[{"taxonomy":"product_brand","embeddable":true,"href":"https:\/\/softymed.ch\/it\/wp-json\/wp\/v2\/product_brand?post=3390"},{"taxonomy":"product_cat","embeddable":true,"href":"https:\/\/softymed.ch\/it\/wp-json\/wp\/v2\/product_cat?post=3390"},{"taxonomy":"product_tag","embeddable":true,"href":"https:\/\/softymed.ch\/it\/wp-json\/wp\/v2\/product_tag?post=3390"},{"taxonomy":"categorie_principale","embeddable":true,"href":"https:\/\/softymed.ch\/it\/wp-json\/wp\/v2\/categorie_principale?post=3390"},{"taxonomy":"marque","embeddable":true,"href":"https:\/\/softymed.ch\/it\/wp-json\/wp\/v2\/marque?post=3390"}],"curies":[{"name":"wp","href":"https:\/\/api.w.org\/{rel}","templated":true}]}}