{"id":3384,"date":"2023-12-27T15:35:54","date_gmt":"2023-12-27T14:35:54","guid":{"rendered":"https:\/\/softymed.ch\/boutique\/flacon-avec-bouchon-a-vis-2\/"},"modified":"2026-04-07T08:24:16","modified_gmt":"2026-04-07T06:24:16","slug":"bottiglia-con-tappo-a-vite-giallo","status":"publish","type":"product","link":"https:\/\/softymed.ch\/it\/boutique\/prelevements\/prelevement-urinaire\/flacon-avec-bouchon-a-vis-jaune\/","title":{"rendered":"Bottiglia con tappo a vite"},"content":{"rendered":"<p>Recueil et conservation d\u2019urine<br \/>\nVolume massimo di lavoro: 100 ml<br \/>\n(\u00d8 x h) : 57 x 76 mm, \u00d8 orifice : 62 mm<br \/>\nTransparent, gradu\u00e9(e).<br \/>\nMat\u00e9riau: PP, bouchon \u00e0 vis, bouchon : jaune, avec \u00e9tiquette de s\u00e9curit\u00e9, avec dispositif de transfert int\u00e9gr\u00e9, bouchon assembl\u00e9, st\u00e9rile.<br \/>\n5 pi\u00e8ces\/sachet<\/p>","protected":false},"excerpt":{"rendered":"<p>Sterile, con dispositivo di trasferimento integrato<\/p>","protected":false},"featured_media":2377,"template":"","meta":{"_acf_changed":false,"_seopress_robots_primary_cat":"none","_seopress_titles_title":"","_seopress_titles_desc":"","_seopress_robots_index":""},"product_brand":[],"product_cat":[287,140,136],"product_tag":[401],"categorie_principale":[31,27,28,29],"marque":[207],"class_list":{"0":"post-3384","1":"product","2":"type-product","3":"status-publish","4":"has-post-thumbnail","6":"product_cat-carte-de-commande","7":"product_cat-prelevement-urinaire","8":"product_cat-prelevements","9":"product_tag-dernieres-pieces","10":"categorie_principale-gynecologie","11":"categorie_principale-laboratoire","12":"categorie_principale-medecine-generale","13":"categorie_principale-permanence-hopital","14":"marque-sarstedt","16":"first","17":"outofstock","18":"taxable","19":"shipping-taxable","20":"purchasable","21":"product-type-simple"},"supplier_id":null,"supplier_sku":"","atum_controlled":true,"out_stock_date":"2026-04-07 08:24:16","out_stock_threshold":null,"inheritable":false,"inbound_stock":null,"stock_on_hold":0,"sold_today":0,"sales_last_days":8,"reserved_stock":null,"customer_returns":null,"warehouse_damage":null,"lost_in_post":null,"other_logs":null,"out_stock_days":1,"lost_sales":76,"has_location":true,"update_date":"2026-04-09T00:04:01","atum_locations":[{"id":373,"name":"Officine","slug":"officine"}],"atum_stock_status":"outofstock","restock_status":false,"low_stock_amount":"","sales_update_date":"2026-04-09T00:04:01","calc_backorders":null,"acf":[],"_links":{"self":[{"href":"https:\/\/softymed.ch\/it\/wp-json\/wp\/v2\/product\/3384","targetHints":{"allow":["GET"]}}],"collection":[{"href":"https:\/\/softymed.ch\/it\/wp-json\/wp\/v2\/product"}],"about":[{"href":"https:\/\/softymed.ch\/it\/wp-json\/wp\/v2\/types\/product"}],"wp:featuredmedia":[{"embeddable":true,"href":"https:\/\/softymed.ch\/it\/wp-json\/wp\/v2\/media\/2377"}],"wp:attachment":[{"href":"https:\/\/softymed.ch\/it\/wp-json\/wp\/v2\/media?parent=3384"}],"wp:term":[{"taxonomy":"product_brand","embeddable":true,"href":"https:\/\/softymed.ch\/it\/wp-json\/wp\/v2\/product_brand?post=3384"},{"taxonomy":"product_cat","embeddable":true,"href":"https:\/\/softymed.ch\/it\/wp-json\/wp\/v2\/product_cat?post=3384"},{"taxonomy":"product_tag","embeddable":true,"href":"https:\/\/softymed.ch\/it\/wp-json\/wp\/v2\/product_tag?post=3384"},{"taxonomy":"categorie_principale","embeddable":true,"href":"https:\/\/softymed.ch\/it\/wp-json\/wp\/v2\/categorie_principale?post=3384"},{"taxonomy":"marque","embeddable":true,"href":"https:\/\/softymed.ch\/it\/wp-json\/wp\/v2\/marque?post=3384"}],"curies":[{"name":"wp","href":"https:\/\/api.w.org\/{rel}","templated":true}]}}