{"id":3348,"date":"2023-12-27T15:35:40","date_gmt":"2023-12-27T14:35:40","guid":{"rendered":"https:\/\/softymed.ch\/boutique\/oc-sensor-sampling-bottle-3\/"},"modified":"2026-02-18T15:56:29","modified_gmt":"2026-02-18T14:56:29","slug":"sensore-oc-bottiglia-di-campionamento-3","status":"publish","type":"product","link":"https:\/\/softymed.ch\/it\/boutique\/prelevements\/prelevement-de-selles\/oc-sensor-sampling-bottle-3\/","title":{"rendered":"Bottiglia di campionamento OC-Sensor\u2122 3"},"content":{"rendered":"<p>Les tubes d\u2019\u00e9chantillons OC-Sensor sont \u00e0 usage unique.<br \/>\n-Pr\u00e9l\u00e8vement simple et hygi\u00e9nique<br \/>\n-Analyse enti\u00e8rement automatis\u00e9e et hygi\u00e9nique sans n\u00e9cessit\u00e9 d&rsquo;ouverture du tube<br \/>\n-Stabilit\u00e9 optimale avant analyse<br \/>\n-Filtre int\u00e9gr\u00e9<br \/>\n-\u00c9tiquette code barre double pour une tra\u00e7abilit\u00e9 des produits de mani\u00e8re s\u00fbre et anonyme<br \/>\n-Dispositif stable, surface plane pour une \u00e9criture facilit\u00e9e et une s\u00e9curit\u00e9 de transport<br \/>\n-Pr\u00e9l\u00e8vement pr\u00e9cis et standardis\u00e9<\/p>","protected":false},"excerpt":{"rendered":"<p>Les tubes d\u2019\u00e9chantillons OC-Sensor sont \u00e0 usage unique. -Pr\u00e9l\u00e8vement simple et hygi\u00e9nique -Analyse enti\u00e8rement automatis\u00e9e et hygi\u00e9nique sans n\u00e9cessit\u00e9 d&rsquo;ouverture du tube -Stabilit\u00e9 optimale avant analyse -Filtre int\u00e9gr\u00e9 -\u00c9tiquette code barre double pour une tra\u00e7abilit\u00e9 des produits de mani\u00e8re s\u00fbre et anonyme -Dispositif stable, surface plane pour une \u00e9criture facilit\u00e9e et une s\u00e9curit\u00e9 de transport [&hellip;]<\/p>\n","protected":false},"featured_media":2772,"template":"","meta":{"_acf_changed":false,"_seopress_robots_primary_cat":"none","_seopress_titles_title":"","_seopress_titles_desc":"","_seopress_robots_index":""},"product_brand":[],"product_cat":[141,136,68],"product_tag":[],"categorie_principale":[165,27,28,29],"marque":[227],"class_list":{"0":"post-3348","1":"product","2":"type-product","3":"status-publish","4":"has-post-thumbnail","6":"product_cat-prelevement-de-selles","7":"product_cat-prelevements","8":"product_cat-test-rapide","9":"categorie_principale-autre","10":"categorie_principale-laboratoire","11":"categorie_principale-medecine-generale","12":"categorie_principale-permanence-hopital","13":"marque-mast-group","15":"first","16":"instock","17":"taxable","18":"shipping-taxable","19":"purchasable","20":"product-type-simple"},"supplier_id":null,"supplier_sku":"","atum_controlled":true,"out_stock_date":null,"out_stock_threshold":null,"inheritable":false,"inbound_stock":null,"stock_on_hold":0,"sold_today":0,"sales_last_days":0,"reserved_stock":null,"customer_returns":null,"warehouse_damage":null,"lost_in_post":null,"other_logs":null,"out_stock_days":0,"lost_sales":0,"has_location":true,"update_date":"2026-04-09T00:03:30","atum_locations":[{"id":373,"name":"Officine","slug":"officine"}],"atum_stock_status":"instock","restock_status":false,"low_stock_amount":"","sales_update_date":"2026-04-09T00:03:30","calc_backorders":null,"acf":[],"_links":{"self":[{"href":"https:\/\/softymed.ch\/it\/wp-json\/wp\/v2\/product\/3348","targetHints":{"allow":["GET"]}}],"collection":[{"href":"https:\/\/softymed.ch\/it\/wp-json\/wp\/v2\/product"}],"about":[{"href":"https:\/\/softymed.ch\/it\/wp-json\/wp\/v2\/types\/product"}],"wp:featuredmedia":[{"embeddable":true,"href":"https:\/\/softymed.ch\/it\/wp-json\/wp\/v2\/media\/2772"}],"wp:attachment":[{"href":"https:\/\/softymed.ch\/it\/wp-json\/wp\/v2\/media?parent=3348"}],"wp:term":[{"taxonomy":"product_brand","embeddable":true,"href":"https:\/\/softymed.ch\/it\/wp-json\/wp\/v2\/product_brand?post=3348"},{"taxonomy":"product_cat","embeddable":true,"href":"https:\/\/softymed.ch\/it\/wp-json\/wp\/v2\/product_cat?post=3348"},{"taxonomy":"product_tag","embeddable":true,"href":"https:\/\/softymed.ch\/it\/wp-json\/wp\/v2\/product_tag?post=3348"},{"taxonomy":"categorie_principale","embeddable":true,"href":"https:\/\/softymed.ch\/it\/wp-json\/wp\/v2\/categorie_principale?post=3348"},{"taxonomy":"marque","embeddable":true,"href":"https:\/\/softymed.ch\/it\/wp-json\/wp\/v2\/marque?post=3348"}],"curies":[{"name":"wp","href":"https:\/\/api.w.org\/{rel}","templated":true}]}}