{"id":3334,"date":"2023-12-27T15:35:40","date_gmt":"2023-12-27T14:35:40","guid":{"rendered":"https:\/\/softymed.ch\/boutique\/boite-de-transport-vacuette-vtb\/"},"modified":"2026-03-06T11:10:42","modified_gmt":"2026-03-06T10:10:42","slug":"scatola-di-trasporto-per-vacuette-vtb","status":"publish","type":"product","link":"https:\/\/softymed.ch\/it\/boutique\/expedition-transport\/boite-de-transport-vacuette-vtb\/","title":{"rendered":"Scatola di trasporto VACUETTE\u00ae (VTB)"},"content":{"rendered":"<p>Les bo\u00eetes de transport VACUETTE\u00ae en polypropyl\u00e8ne (PP) sont empilables et permettent de transporter jusqu&rsquo;\u00e0 40 tubes. La bo\u00eete est \u00e9tanche aux liquides et poss\u00e8de une fermeture \u00e0 clic pour une ouverture et une fermeture rapides et faciles. Elles permettent d\u2019assurer le transfert des \u00e9chantillons des centres de pr\u00e9l\u00e8vement vers les plateaux techniques.<\/p>\n<p>Les syst\u00e8mes de transport (tubes + VTB + bo\u00eete d\u2019exp\u00e9dition ou tubes + VTC + bo\u00eete d\u2019exp\u00e9dition) sont conformes aux normes ADR \/ RID et \u00e0 la directive sur les emballages P650<\/p>\n<p><strong>Caratteristiche<\/strong><br \/>\n-Assure le transport s\u00e9curis\u00e9 de tubes<br \/>\n-En polypropyl\u00e8ne<br \/>\n-Guarnizione in silicone<br \/>\n-L&rsquo;insert en mousse convient aux tubes de diam\u00e8tre 9 \u00e0 16 mm<br \/>\n-Non-st\u00e9rile<br \/>\n-Tampon en polym\u00e8re absorbant<br \/>\n-Temp\u00e9rature de stockage -18 \u00b0C \u00e0 +50 \u00b0C<br \/>\n-Conforme alle norme ADR\/RID, IATA-DG, ICAO e IMDG.<\/p>","protected":false},"excerpt":{"rendered":"<p>Con supporto in schiuma per 40 provette<\/p>","protected":false},"featured_media":2572,"template":"","meta":{"_acf_changed":false,"_seopress_robots_primary_cat":"none","_seopress_titles_title":"","_seopress_titles_desc":"","_seopress_robots_index":""},"product_brand":[],"product_cat":[126],"product_tag":[],"categorie_principale":[27],"marque":[186],"class_list":{"0":"post-3334","1":"product","2":"type-product","3":"status-publish","4":"has-post-thumbnail","6":"product_cat-expedition-transport","7":"categorie_principale-laboratoire","8":"marque-greiner","10":"first","11":"outofstock","12":"taxable","13":"shipping-taxable","14":"purchasable","15":"product-type-simple"},"supplier_id":null,"supplier_sku":"","atum_controlled":true,"out_stock_date":"2026-03-06 11:10:42","out_stock_threshold":null,"inheritable":false,"inbound_stock":null,"stock_on_hold":0,"sold_today":0,"sales_last_days":0,"reserved_stock":null,"customer_returns":null,"warehouse_damage":null,"lost_in_post":null,"other_logs":null,"out_stock_days":33,"lost_sales":1461,"has_location":true,"update_date":"2026-04-09T00:03:39","atum_locations":[{"id":373,"name":"Officine","slug":"officine"}],"atum_stock_status":"outofstock","restock_status":false,"low_stock_amount":"","sales_update_date":"2026-04-09T00:03:39","calc_backorders":null,"acf":[],"_links":{"self":[{"href":"https:\/\/softymed.ch\/it\/wp-json\/wp\/v2\/product\/3334","targetHints":{"allow":["GET"]}}],"collection":[{"href":"https:\/\/softymed.ch\/it\/wp-json\/wp\/v2\/product"}],"about":[{"href":"https:\/\/softymed.ch\/it\/wp-json\/wp\/v2\/types\/product"}],"wp:featuredmedia":[{"embeddable":true,"href":"https:\/\/softymed.ch\/it\/wp-json\/wp\/v2\/media\/2572"}],"wp:attachment":[{"href":"https:\/\/softymed.ch\/it\/wp-json\/wp\/v2\/media?parent=3334"}],"wp:term":[{"taxonomy":"product_brand","embeddable":true,"href":"https:\/\/softymed.ch\/it\/wp-json\/wp\/v2\/product_brand?post=3334"},{"taxonomy":"product_cat","embeddable":true,"href":"https:\/\/softymed.ch\/it\/wp-json\/wp\/v2\/product_cat?post=3334"},{"taxonomy":"product_tag","embeddable":true,"href":"https:\/\/softymed.ch\/it\/wp-json\/wp\/v2\/product_tag?post=3334"},{"taxonomy":"categorie_principale","embeddable":true,"href":"https:\/\/softymed.ch\/it\/wp-json\/wp\/v2\/categorie_principale?post=3334"},{"taxonomy":"marque","embeddable":true,"href":"https:\/\/softymed.ch\/it\/wp-json\/wp\/v2\/marque?post=3334"}],"curies":[{"name":"wp","href":"https:\/\/api.w.org\/{rel}","templated":true}]}}