{"id":3318,"date":"2023-12-27T15:35:31","date_gmt":"2023-12-27T14:35:31","guid":{"rendered":"https:\/\/softymed.ch\/boutique\/bd-vacutainer-elements-trace\/"},"modified":"2026-01-02T18:59:24","modified_gmt":"2026-01-02T17:59:24","slug":"bd-vacutainer-elementi-traccia","status":"publish","type":"product","link":"https:\/\/softymed.ch\/it\/boutique\/prelevements\/prelevement-special\/bd-vacutainer-elements-trace\/","title":{"rendered":"BD Vacutainer\u00ae elementi in traccia"},"content":{"rendered":"<p>Tubes pour dosage des \u00e9l\u00e9ments trace &#8211; Anticoagulant h\u00e9parine de sodium (NH) 17 U.I. \/ mL<br \/>\nFormat: 13&#215;100<br \/>\nVuoto: 7 ml<br \/>\n\u00c9tiquette papier<br \/>\nTubi di vetro<\/p>","protected":false},"excerpt":{"rendered":"<p>Per l'analisi dei metalli pesanti<\/p>","protected":false},"featured_media":2537,"template":"","meta":{"_acf_changed":false,"_seopress_robots_primary_cat":"none","_seopress_titles_title":"","_seopress_titles_desc":"","_seopress_robots_index":""},"product_brand":[],"product_cat":[142,137,136],"product_tag":[],"categorie_principale":[27,28,29],"marque":[172],"class_list":{"0":"post-3318","1":"product","2":"type-product","3":"status-publish","4":"has-post-thumbnail","6":"product_cat-prelevement-special","7":"product_cat-prelevement-veineux","8":"product_cat-prelevements","9":"categorie_principale-laboratoire","10":"categorie_principale-medecine-generale","11":"categorie_principale-permanence-hopital","12":"marque-becton-dickinson","14":"first","15":"outofstock","16":"taxable","17":"shipping-taxable","18":"product-type-simple"},"supplier_id":null,"supplier_sku":"","atum_controlled":true,"out_stock_date":"2023-12-27 14:44:04","out_stock_threshold":null,"inheritable":false,"inbound_stock":null,"stock_on_hold":0,"sold_today":0,"sales_last_days":0,"reserved_stock":null,"customer_returns":null,"warehouse_damage":null,"lost_in_post":null,"other_logs":null,"out_stock_days":832,"lost_sales":0,"has_location":false,"update_date":"2026-04-08T00:03:16","atum_locations":[],"atum_stock_status":"outofstock","restock_status":false,"low_stock_amount":"","sales_update_date":"2026-04-08T00:03:16","calc_backorders":null,"acf":[],"_links":{"self":[{"href":"https:\/\/softymed.ch\/it\/wp-json\/wp\/v2\/product\/3318","targetHints":{"allow":["GET"]}}],"collection":[{"href":"https:\/\/softymed.ch\/it\/wp-json\/wp\/v2\/product"}],"about":[{"href":"https:\/\/softymed.ch\/it\/wp-json\/wp\/v2\/types\/product"}],"wp:featuredmedia":[{"embeddable":true,"href":"https:\/\/softymed.ch\/it\/wp-json\/wp\/v2\/media\/2537"}],"wp:attachment":[{"href":"https:\/\/softymed.ch\/it\/wp-json\/wp\/v2\/media?parent=3318"}],"wp:term":[{"taxonomy":"product_brand","embeddable":true,"href":"https:\/\/softymed.ch\/it\/wp-json\/wp\/v2\/product_brand?post=3318"},{"taxonomy":"product_cat","embeddable":true,"href":"https:\/\/softymed.ch\/it\/wp-json\/wp\/v2\/product_cat?post=3318"},{"taxonomy":"product_tag","embeddable":true,"href":"https:\/\/softymed.ch\/it\/wp-json\/wp\/v2\/product_tag?post=3318"},{"taxonomy":"categorie_principale","embeddable":true,"href":"https:\/\/softymed.ch\/it\/wp-json\/wp\/v2\/categorie_principale?post=3318"},{"taxonomy":"marque","embeddable":true,"href":"https:\/\/softymed.ch\/it\/wp-json\/wp\/v2\/marque?post=3318"}],"curies":[{"name":"wp","href":"https:\/\/api.w.org\/{rel}","templated":true}]}}