{"id":3315,"date":"2023-12-27T15:35:31","date_gmt":"2023-12-27T14:35:31","guid":{"rendered":"https:\/\/softymed.ch\/boutique\/aiguille-securite-bd-eclipse-2\/"},"modified":"2026-04-01T14:49:49","modified_gmt":"2026-04-01T12:49:49","slug":"ago-di-sicurezza-nero-eclipse","status":"publish","type":"product","link":"https:\/\/softymed.ch\/it\/boutique\/prelevements\/aiguille\/aiguille-securite-bd-eclipse-noir\/","title":{"rendered":"Ago di sicurezza BD Eclipse\u2122"},"content":{"rendered":"<p><strong>Caratteristiche<\/strong><br \/>\n-Aiguilles \u00e0 pr\u00e9l\u00e8vement de sang veineux (technique sous vide) avec syst\u00e8me de protection int\u00e9gr\u00e9 \u00e0 l\u2019aiguille, permettant une activation unimanuelle, dans la continuit\u00e9 du geste, d\u00e8s le retrait de la veine<br \/>\n-Deux t\u00e9moins d\u2019activation: \u201dclic\u201d sonore et fen\u00eatre de contr\u00f4le (visuel)<br \/>\n-Mise en s\u00e9curit\u00e9 irr\u00e9versible: double syst\u00e8me de verrouillage<br \/>\n-Biseau et gaine de s\u00e9curit\u00e9 align\u00e9s<br \/>\n-Lunghezza ago: 32 mm<br \/>\n-\u00f8 externe aiguille: 7\/10 &#8211; 22G<br \/>\n-Corps pr\u00e9-mont\u00e9: non<\/p>","protected":false},"excerpt":{"rendered":"<p>Sterile, monouso<\/p>","protected":false},"featured_media":2547,"template":"","meta":{"_acf_changed":false,"_seopress_robots_primary_cat":"none","_seopress_titles_title":"","_seopress_titles_desc":"","_seopress_robots_index":""},"product_brand":[],"product_cat":[144,287,137,136],"product_tag":[],"categorie_principale":[31,27,28,29],"marque":[172],"class_list":{"0":"post-3315","1":"product","2":"type-product","3":"status-publish","4":"has-post-thumbnail","6":"product_cat-aiguille","7":"product_cat-carte-de-commande","8":"product_cat-prelevement-veineux","9":"product_cat-prelevements","10":"categorie_principale-gynecologie","11":"categorie_principale-laboratoire","12":"categorie_principale-medecine-generale","13":"categorie_principale-permanence-hopital","14":"marque-becton-dickinson","16":"first","17":"instock","18":"taxable","19":"shipping-taxable","20":"purchasable","21":"product-type-simple"},"supplier_id":null,"supplier_sku":"","atum_controlled":true,"out_stock_date":null,"out_stock_threshold":null,"inheritable":false,"inbound_stock":null,"stock_on_hold":0,"sold_today":0,"sales_last_days":4,"reserved_stock":null,"customer_returns":null,"warehouse_damage":null,"lost_in_post":null,"other_logs":null,"out_stock_days":0,"lost_sales":0,"has_location":true,"update_date":"2026-04-10T00:04:58","atum_locations":[{"id":373,"name":"Officine","slug":"officine"}],"atum_stock_status":"instock","restock_status":false,"low_stock_amount":"","sales_update_date":"2026-04-10T00:04:58","calc_backorders":null,"acf":[],"_links":{"self":[{"href":"https:\/\/softymed.ch\/it\/wp-json\/wp\/v2\/product\/3315","targetHints":{"allow":["GET"]}}],"collection":[{"href":"https:\/\/softymed.ch\/it\/wp-json\/wp\/v2\/product"}],"about":[{"href":"https:\/\/softymed.ch\/it\/wp-json\/wp\/v2\/types\/product"}],"wp:featuredmedia":[{"embeddable":true,"href":"https:\/\/softymed.ch\/it\/wp-json\/wp\/v2\/media\/2547"}],"wp:attachment":[{"href":"https:\/\/softymed.ch\/it\/wp-json\/wp\/v2\/media?parent=3315"}],"wp:term":[{"taxonomy":"product_brand","embeddable":true,"href":"https:\/\/softymed.ch\/it\/wp-json\/wp\/v2\/product_brand?post=3315"},{"taxonomy":"product_cat","embeddable":true,"href":"https:\/\/softymed.ch\/it\/wp-json\/wp\/v2\/product_cat?post=3315"},{"taxonomy":"product_tag","embeddable":true,"href":"https:\/\/softymed.ch\/it\/wp-json\/wp\/v2\/product_tag?post=3315"},{"taxonomy":"categorie_principale","embeddable":true,"href":"https:\/\/softymed.ch\/it\/wp-json\/wp\/v2\/categorie_principale?post=3315"},{"taxonomy":"marque","embeddable":true,"href":"https:\/\/softymed.ch\/it\/wp-json\/wp\/v2\/marque?post=3315"}],"curies":[{"name":"wp","href":"https:\/\/api.w.org\/{rel}","templated":true}]}}