{"id":3111,"date":"2023-12-19T17:08:38","date_gmt":"2023-12-19T16:08:38","guid":{"rendered":"https:\/\/softymed.ch\/boutique\/non%20class\u00e9\/aiguille-a-usage-unique-terumo-agani\/"},"modified":"2026-03-05T15:38:33","modified_gmt":"2026-03-05T14:38:33","slug":"ago-monouso-terumo-agani-26g","status":"publish","type":"product","link":"https:\/\/softymed.ch\/it\/boutique\/perfusion-injection\/aiguille-a-usage-unique-terumo-agani-26g\/","title":{"rendered":"Ago monouso Terumo Agani"},"content":{"rendered":"<p>Les aiguilles \u00e0 usage unique Teruma Agani sont les successeurs des canules Terumo Neolus tr\u00e8s appr\u00e9ci\u00e9es.<br \/>\nCes aiguilles d\u2019injection de haute qualit\u00e9 avec canule en acier inoxydable garantissent une injection particuli\u00e8rement douce pour le patient et peu douloureuse gr\u00e2ce \u00e0 leur coupe LANCET POINT ultra-tranchante et \u00e0 leur rev\u00eatement sp\u00e9cial en silicone. L\u2019embout transparent en polypropyl\u00e8ne est dot\u00e9 d\u2019un code couleur conforme \u00e0 la norme EN ISO 6009 et permet de trouver rapidement la taille d\u2019aiguille appropri\u00e9e.<\/p>\n<p><strong>Caratteristiche<\/strong><br \/>\n-Aghi monouso Terumo Agani<br \/>\n-La coppa LANCET POINT ultra-sottile garantisce una puntura delicata per il paziente.<br \/>\n-G\u00e9om\u00e9trie d\u2019aff\u00fbtage unique avec des bords aff\u00fbt\u00e9s avec pr\u00e9cision<br \/>\n-Ago in acciaio inossidabile<br \/>\n-Rev\u00eatement en silicone pour d\u2019excellentes propri\u00e9t\u00e9s de glissement<br \/>\n-Embout Luer transparent \u00e0 code couleur<br \/>\n-Conforme \u00e0 la norme EN ISO 6009<br \/>\nSenza lattice<br \/>\nSenza PVC<br \/>\n-Dur\u00e9e de vie st\u00e9rile de 5 ans<br \/>\n-Confezione sterile individuale<\/p>","protected":false},"excerpt":{"rendered":"<p>26 G x 7\/8<\/p>","protected":false},"featured_media":2437,"template":"","meta":{"_acf_changed":false,"_seopress_robots_primary_cat":"","_seopress_titles_title":"","_seopress_titles_desc":"","_seopress_robots_index":""},"product_brand":[],"product_cat":[133],"product_tag":[],"categorie_principale":[31,27,28,29],"marque":[214],"class_list":{"0":"post-3111","1":"product","2":"type-product","3":"status-publish","4":"has-post-thumbnail","6":"product_cat-perfusion-injection","7":"categorie_principale-gynecologie","8":"categorie_principale-laboratoire","9":"categorie_principale-medecine-generale","10":"categorie_principale-permanence-hopital","11":"marque-terumo","13":"first","14":"instock","15":"taxable","16":"shipping-taxable","17":"purchasable","18":"product-type-simple"},"supplier_id":null,"supplier_sku":"","atum_controlled":true,"out_stock_date":null,"out_stock_threshold":null,"inheritable":false,"inbound_stock":null,"stock_on_hold":0,"sold_today":0,"sales_last_days":0,"reserved_stock":null,"customer_returns":null,"warehouse_damage":null,"lost_in_post":null,"other_logs":null,"out_stock_days":0,"lost_sales":0,"has_location":true,"update_date":"2026-04-08T00:03:37","atum_locations":[{"id":219,"name":"Cubo giallo","slug":"yellow-cube"}],"atum_stock_status":"instock","restock_status":false,"low_stock_amount":"","sales_update_date":"2026-04-08T00:03:37","calc_backorders":null,"acf":[],"_links":{"self":[{"href":"https:\/\/softymed.ch\/it\/wp-json\/wp\/v2\/product\/3111","targetHints":{"allow":["GET"]}}],"collection":[{"href":"https:\/\/softymed.ch\/it\/wp-json\/wp\/v2\/product"}],"about":[{"href":"https:\/\/softymed.ch\/it\/wp-json\/wp\/v2\/types\/product"}],"wp:featuredmedia":[{"embeddable":true,"href":"https:\/\/softymed.ch\/it\/wp-json\/wp\/v2\/media\/2437"}],"wp:attachment":[{"href":"https:\/\/softymed.ch\/it\/wp-json\/wp\/v2\/media?parent=3111"}],"wp:term":[{"taxonomy":"product_brand","embeddable":true,"href":"https:\/\/softymed.ch\/it\/wp-json\/wp\/v2\/product_brand?post=3111"},{"taxonomy":"product_cat","embeddable":true,"href":"https:\/\/softymed.ch\/it\/wp-json\/wp\/v2\/product_cat?post=3111"},{"taxonomy":"product_tag","embeddable":true,"href":"https:\/\/softymed.ch\/it\/wp-json\/wp\/v2\/product_tag?post=3111"},{"taxonomy":"categorie_principale","embeddable":true,"href":"https:\/\/softymed.ch\/it\/wp-json\/wp\/v2\/categorie_principale?post=3111"},{"taxonomy":"marque","embeddable":true,"href":"https:\/\/softymed.ch\/it\/wp-json\/wp\/v2\/marque?post=3111"}],"curies":[{"name":"wp","href":"https:\/\/api.w.org\/{rel}","templated":true}]}}