{"id":3103,"date":"2023-12-19T17:08:38","date_gmt":"2023-12-19T16:08:38","guid":{"rendered":"https:\/\/softymed.ch\/boutique\/non%20class\u00e9\/stethoscope-cardio-prestige-ii\/"},"modified":"2026-01-29T19:02:49","modified_gmt":"2026-01-29T18:02:49","slug":"stetoscopio-cardio-prestige-ii","status":"publish","type":"product","link":"https:\/\/softymed.ch\/it\/boutique\/auscultation-diagnostic\/stethoscope-cardio-prestige-ii\/","title":{"rendered":"Stetoscopio Cardio Prestige II"},"content":{"rendered":"<p>D\u00e9velopp\u00e9 avec l\u2019aide du CNRS et de l\u2019\u00e9cole CENTRALE, le st\u00e9thoscope CARDIOPRESTIGE II est la quintescence du savoir faire SPENGLER.<br \/>\nAvec son pavillon lourd dot\u00e9 de la technologie \u00ab acoustique premium \u00bb, de sa tubulure oversize, il offre un niveau de performance jamais atteint.<\/p>\n<p><strong>Caratteristiche<\/strong><br \/>\n-Une acoustique d&rsquo;exception: Lyres large diam\u00e8tre, membrane flottante multi fr\u00e9quences<br \/>\n-Pression l\u00e9g\u00e8re = \u00e9coute des basses fr\u00e9quences (vasculaire et cardiaque)<br \/>\n-Pression ferme = \u00e9coute des hautes fr\u00e9quences (pulmonaire)<br \/>\nAnello antifreddo<br \/>\nInserti auricolari in nano-silicone<br \/>\n-Nouveau design de lyres plus adapt\u00e9 \u00e0 l\u2019anatomie<br \/>\n-Indicatore di bandiera<br \/>\n-Pavillon adulte et p\u00e9diatrique<\/p>","protected":false},"excerpt":{"rendered":"<p>Padiglione doppio<\/p>","protected":false},"featured_media":2575,"template":"","meta":{"_acf_changed":false,"_seopress_robots_primary_cat":"none","_seopress_titles_title":"","_seopress_titles_desc":"","_seopress_robots_index":""},"product_brand":[],"product_cat":[122],"product_tag":[],"categorie_principale":[32,28,29],"marque":[211],"class_list":{"0":"post-3103","1":"product","2":"type-product","3":"status-publish","4":"has-post-thumbnail","6":"product_cat-auscultation-diagnostic","7":"categorie_principale-cardiologie","8":"categorie_principale-medecine-generale","9":"categorie_principale-permanence-hopital","10":"marque-spengler","12":"first","13":"outofstock","14":"taxable","15":"shipping-taxable","16":"purchasable","17":"product-type-simple"},"supplier_id":null,"supplier_sku":"","atum_controlled":true,"out_stock_date":"2026-01-29 16:44:32","out_stock_threshold":null,"inheritable":false,"inbound_stock":0,"stock_on_hold":0,"sold_today":0,"sales_last_days":0,"reserved_stock":0,"customer_returns":0,"warehouse_damage":0,"lost_in_post":0,"other_logs":0,"out_stock_days":69,"lost_sales":4337,"has_location":true,"update_date":"2026-04-09T00:03:18","atum_locations":[{"id":373,"name":"Officine","slug":"officine"}],"atum_stock_status":"outofstock","restock_status":false,"low_stock_amount":"","sales_update_date":"2026-04-09T00:03:18","calc_backorders":null,"acf":[],"_links":{"self":[{"href":"https:\/\/softymed.ch\/it\/wp-json\/wp\/v2\/product\/3103","targetHints":{"allow":["GET"]}}],"collection":[{"href":"https:\/\/softymed.ch\/it\/wp-json\/wp\/v2\/product"}],"about":[{"href":"https:\/\/softymed.ch\/it\/wp-json\/wp\/v2\/types\/product"}],"wp:featuredmedia":[{"embeddable":true,"href":"https:\/\/softymed.ch\/it\/wp-json\/wp\/v2\/media\/2575"}],"wp:attachment":[{"href":"https:\/\/softymed.ch\/it\/wp-json\/wp\/v2\/media?parent=3103"}],"wp:term":[{"taxonomy":"product_brand","embeddable":true,"href":"https:\/\/softymed.ch\/it\/wp-json\/wp\/v2\/product_brand?post=3103"},{"taxonomy":"product_cat","embeddable":true,"href":"https:\/\/softymed.ch\/it\/wp-json\/wp\/v2\/product_cat?post=3103"},{"taxonomy":"product_tag","embeddable":true,"href":"https:\/\/softymed.ch\/it\/wp-json\/wp\/v2\/product_tag?post=3103"},{"taxonomy":"categorie_principale","embeddable":true,"href":"https:\/\/softymed.ch\/it\/wp-json\/wp\/v2\/categorie_principale?post=3103"},{"taxonomy":"marque","embeddable":true,"href":"https:\/\/softymed.ch\/it\/wp-json\/wp\/v2\/marque?post=3103"}],"curies":[{"name":"wp","href":"https:\/\/api.w.org\/{rel}","templated":true}]}}