{"id":3102,"date":"2023-12-19T17:08:38","date_gmt":"2023-12-19T16:08:38","guid":{"rendered":"https:\/\/softymed.ch\/boutique\/non%20class\u00e9\/oxymetre-de-pouls-oxygo\/"},"modified":"2026-01-20T13:53:48","modified_gmt":"2026-01-20T12:53:48","slug":"pulsossimetro-oxygo","status":"publish","type":"product","link":"https:\/\/softymed.ch\/it\/boutique\/appareils-equipements\/oxymetre-de-pouls-oxygo\/","title":{"rendered":"Pulsossimetro OXYGO"},"content":{"rendered":"<p>Convient aux professionnels de sant\u00e9 d\u00e9sireux d\u2019avoir un oxym\u00e8tre simple d\u2019utilisation et rapide \u00e0 mettre en \u0153uvre, pour une utilisation en cabinet ou en d\u00e9placement.<\/p>\n<p><strong>Caratteristiche<\/strong><br \/>\n-Tr\u00e8s haute pr\u00e9cision des mesures: technologie adapt\u00e9e aux enfants, capteur haute sensibilit\u00e9<br \/>\n-Facile da usare e pratico<br \/>\n-Misurazione in 10 secondi<br \/>\n-R\u00e9sistant aux chocs<br \/>\n-Tr\u00e8s grande autonomie<br \/>\n-Indicateur de d\u00e9saturation<br \/>\n-Tr\u00e8s facile \u00e0 nettoyer car d\u00e9velopp\u00e9 sans aucune asp\u00e9rit\u00e9<\/p>","protected":false},"excerpt":{"rendered":"<p>Convient aux professionnels de sant\u00e9 d\u00e9sireux d\u2019avoir un oxym\u00e8tre simple d\u2019utilisation et rapide \u00e0 mettre en \u0153uvre, pour une utilisation en cabinet ou en d\u00e9placement. Caract\u00e9ristiques -Tr\u00e8s haute pr\u00e9cision des mesures: technologie adapt\u00e9e aux enfants, capteur haute sensibilit\u00e9 -Facile d&rsquo;utilisation et pratique -Prise de mesure en 10 secondes -R\u00e9sistant aux chocs -Tr\u00e8s grande autonomie -Indicateur [&hellip;]<\/p>\n","protected":false},"featured_media":2467,"template":"","meta":{"_acf_changed":false,"_seopress_robots_primary_cat":"","_seopress_titles_title":"","_seopress_titles_desc":"","_seopress_robots_index":""},"product_brand":[],"product_cat":[163,122],"product_tag":[],"categorie_principale":[32,28,29],"marque":[211],"class_list":{"0":"post-3102","1":"product","2":"type-product","3":"status-publish","4":"has-post-thumbnail","6":"product_cat-appareils-equipements","7":"product_cat-auscultation-diagnostic","8":"categorie_principale-cardiologie","9":"categorie_principale-medecine-generale","10":"categorie_principale-permanence-hopital","11":"marque-spengler","13":"first","14":"instock","15":"taxable","16":"shipping-taxable","17":"purchasable","18":"product-type-simple"},"supplier_id":null,"supplier_sku":"","atum_controlled":true,"out_stock_date":null,"out_stock_threshold":null,"inheritable":false,"inbound_stock":0,"stock_on_hold":0,"sold_today":0,"sales_last_days":0,"reserved_stock":0,"customer_returns":0,"warehouse_damage":0,"lost_in_post":0,"other_logs":0,"out_stock_days":0,"lost_sales":0,"has_location":true,"update_date":"2026-04-08T00:03:15","atum_locations":[{"id":219,"name":"Cubo giallo","slug":"yellow-cube"}],"atum_stock_status":"instock","restock_status":false,"low_stock_amount":"","sales_update_date":"2026-04-08T00:03:15","calc_backorders":null,"acf":[],"_links":{"self":[{"href":"https:\/\/softymed.ch\/it\/wp-json\/wp\/v2\/product\/3102","targetHints":{"allow":["GET"]}}],"collection":[{"href":"https:\/\/softymed.ch\/it\/wp-json\/wp\/v2\/product"}],"about":[{"href":"https:\/\/softymed.ch\/it\/wp-json\/wp\/v2\/types\/product"}],"wp:featuredmedia":[{"embeddable":true,"href":"https:\/\/softymed.ch\/it\/wp-json\/wp\/v2\/media\/2467"}],"wp:attachment":[{"href":"https:\/\/softymed.ch\/it\/wp-json\/wp\/v2\/media?parent=3102"}],"wp:term":[{"taxonomy":"product_brand","embeddable":true,"href":"https:\/\/softymed.ch\/it\/wp-json\/wp\/v2\/product_brand?post=3102"},{"taxonomy":"product_cat","embeddable":true,"href":"https:\/\/softymed.ch\/it\/wp-json\/wp\/v2\/product_cat?post=3102"},{"taxonomy":"product_tag","embeddable":true,"href":"https:\/\/softymed.ch\/it\/wp-json\/wp\/v2\/product_tag?post=3102"},{"taxonomy":"categorie_principale","embeddable":true,"href":"https:\/\/softymed.ch\/it\/wp-json\/wp\/v2\/categorie_principale?post=3102"},{"taxonomy":"marque","embeddable":true,"href":"https:\/\/softymed.ch\/it\/wp-json\/wp\/v2\/marque?post=3102"}],"curies":[{"name":"wp","href":"https:\/\/api.w.org\/{rel}","templated":true}]}}