{"id":3100,"date":"2023-12-19T17:08:38","date_gmt":"2023-12-19T16:08:38","guid":{"rendered":"https:\/\/softymed.ch\/boutique\/non%20class\u00e9\/mobi-manopoire\/"},"modified":"2025-04-15T08:21:26","modified_gmt":"2025-04-15T06:21:26","slug":"mobi-manopoire","status":"publish","type":"product","link":"https:\/\/softymed.ch\/it\/boutique\/appareils-equipements\/mobi-manopoire\/","title":{"rendered":"Mobi Manopoire"},"content":{"rendered":"<p><strong>Caratteristiche<\/strong><br \/>\n-La tubulure \u00ab LIFE LINK\u00ae \u00bb permet le changement de brassard en moins d\u2019une seconde gr\u00e2ce \u00e0 ses connecteurs aimant\u00e9s qui assure la connexion et l\u2019\u00e9tanch\u00e9it\u00e9 entre le manom\u00e8tre et la tubulure.<br \/>\n-Ambidextre: Mobi est sp\u00e9cialement \u00e9tudi\u00e9 pour \u00eatre ambidextre, choisissez votre configuration et changez la position de la valve de d\u00e9compression, de la connectique \u00ab LIFE LINK\u00ae \u00bb et de la cuill\u00e8re.<br \/>\n-Poire ergonomique: La poire ergonomique est adapt\u00e9e \u00e0 toutes les morphologies de mains et offre un gain de volume de 11% sur les poires traditionnelles.<br \/>\n-Valve de pr\u00e9cision: MOBI est \u00e9quip\u00e9 d\u2019une valve de d\u00e9compression dont la forme est \u00e9tudi\u00e9e pour offrir la meilleure sensibilit\u00e9 lors de la d\u00e9compression mais aussi une tr\u00e8s bonne ergonomie et prise en main.<br \/>\n-R\u00e9sistant aux chocs: De par sa construction en plastique ABS, sa double coque interne et sa partie arri\u00e8re en \u00e9lastom\u00e8re, MOBI est sp\u00e9cialement \u00e9tudi\u00e9 pour offrir une grande r\u00e9sistance aux chocs et aux chutes du quotidien.<br \/>\n-Brassard facile avec la connectique r\u00e9volutionnaire \u00ab LIFE LINK\u00ae \u00bb, con\u00e7u en rev\u00eatement TPU pour \u00eatre plus l\u00e9ger et d\u2019une grande facilit\u00e9 de nettoyage.<br \/>\n-Livr\u00e9 avec un brassard M et une tubulure LIFE LINK\u00ae<\/p>","protected":false},"excerpt":{"rendered":"<p>Con bracciale per adulti<\/p>","protected":false},"featured_media":2580,"template":"","meta":{"_acf_changed":false,"_seopress_robots_primary_cat":"","_seopress_titles_title":"","_seopress_titles_desc":"","_seopress_robots_index":""},"product_brand":[],"product_cat":[163,122],"product_tag":[],"categorie_principale":[32,28,29],"marque":[211],"class_list":{"0":"post-3100","1":"product","2":"type-product","3":"status-publish","4":"has-post-thumbnail","6":"product_cat-appareils-equipements","7":"product_cat-auscultation-diagnostic","8":"categorie_principale-cardiologie","9":"categorie_principale-medecine-generale","10":"categorie_principale-permanence-hopital","11":"marque-spengler","13":"first","14":"instock","15":"taxable","16":"shipping-taxable","17":"purchasable","18":"product-type-simple"},"supplier_id":null,"supplier_sku":"","atum_controlled":true,"out_stock_date":null,"out_stock_threshold":null,"inheritable":false,"inbound_stock":0,"stock_on_hold":0,"sold_today":0,"sales_last_days":0,"reserved_stock":0,"customer_returns":0,"warehouse_damage":0,"lost_in_post":0,"other_logs":0,"out_stock_days":0,"lost_sales":0,"has_location":true,"update_date":"2026-04-09T00:03:16","atum_locations":[{"id":219,"name":"Cubo giallo","slug":"yellow-cube"}],"atum_stock_status":"instock","restock_status":false,"low_stock_amount":"","sales_update_date":"2026-04-09T00:03:16","calc_backorders":null,"acf":[],"_links":{"self":[{"href":"https:\/\/softymed.ch\/it\/wp-json\/wp\/v2\/product\/3100","targetHints":{"allow":["GET"]}}],"collection":[{"href":"https:\/\/softymed.ch\/it\/wp-json\/wp\/v2\/product"}],"about":[{"href":"https:\/\/softymed.ch\/it\/wp-json\/wp\/v2\/types\/product"}],"wp:featuredmedia":[{"embeddable":true,"href":"https:\/\/softymed.ch\/it\/wp-json\/wp\/v2\/media\/2580"}],"wp:attachment":[{"href":"https:\/\/softymed.ch\/it\/wp-json\/wp\/v2\/media?parent=3100"}],"wp:term":[{"taxonomy":"product_brand","embeddable":true,"href":"https:\/\/softymed.ch\/it\/wp-json\/wp\/v2\/product_brand?post=3100"},{"taxonomy":"product_cat","embeddable":true,"href":"https:\/\/softymed.ch\/it\/wp-json\/wp\/v2\/product_cat?post=3100"},{"taxonomy":"product_tag","embeddable":true,"href":"https:\/\/softymed.ch\/it\/wp-json\/wp\/v2\/product_tag?post=3100"},{"taxonomy":"categorie_principale","embeddable":true,"href":"https:\/\/softymed.ch\/it\/wp-json\/wp\/v2\/categorie_principale?post=3100"},{"taxonomy":"marque","embeddable":true,"href":"https:\/\/softymed.ch\/it\/wp-json\/wp\/v2\/marque?post=3100"}],"curies":[{"name":"wp","href":"https:\/\/api.w.org\/{rel}","templated":true}]}}