{"id":2992,"date":"2023-12-19T17:07:57","date_gmt":"2023-12-19T16:07:57","guid":{"rendered":"https:\/\/softymed.ch\/boutique\/non%20class\u00e9\/lames-3\/"},"modified":"2026-02-18T22:11:10","modified_gmt":"2026-02-18T21:11:10","slug":"lames-bords-rodes-rs-france","status":"publish","type":"product","link":"https:\/\/softymed.ch\/it\/boutique\/chimie-hematologie\/lames-bords-rodes-rs-france\/","title":{"rendered":"Vetrini"},"content":{"rendered":"<p><strong>Applicazione<\/strong><br \/>\nAnalisi di laboratorio al microscopio<\/p>\n<p><strong>Vantaggi<\/strong><br \/>\n-Trasparenza perfetta<br \/>\n-Absence d\u2019art\u00e9fact de lecture facilitant le diagnostic<br \/>\n-Identification ais\u00e9e des \u00e9chantillons gr\u00e2ce \u00e0 la plage d&rsquo;identification<\/p>\n<p><strong>Dettagli del prodotto<\/strong><br \/>\n-Qualit\u00e9 du verre: verre sodocalcique<br \/>\n-Lunghezza lama: 75-76 mm<br \/>\n-Larghezza lama: 25-26 mm<br \/>\n-\u00c9paisseur de la lame: 0.95-1.05 mm<br \/>\n-Bords Rod\u00e9s \u00e0 90\u00b0<br \/>\n-Angles\/Coins Droits \u00e0 90\u00b0<br \/>\n-Plage d&rsquo;identification d\u00e9polie 2 faces<\/p>","protected":false},"excerpt":{"rendered":"<p>Bordi lappati a 90\u00b0, superficie smerigliata<\/p>","protected":false},"featured_media":2697,"template":"","meta":{"_acf_changed":false,"_seopress_robots_primary_cat":"123","_seopress_titles_title":"","_seopress_titles_desc":"","_seopress_robots_index":""},"product_brand":[],"product_cat":[123,371,131,132,380],"product_tag":[344],"categorie_principale":[165,27],"marque":[206],"class_list":{"0":"post-2992","1":"product","2":"type-product","3":"status-publish","4":"has-post-thumbnail","6":"product_cat-chimie-hematologie","7":"product_cat-clients-labpoint-avantages-particuliers","8":"product_cat-microbiologie","9":"product_cat-microscopie","10":"product_cat-pedrazzini","11":"product_tag-destockage","12":"categorie_principale-autre","13":"categorie_principale-laboratoire","14":"marque-rs-france","16":"first","17":"instock","18":"sale","19":"taxable","20":"shipping-taxable","21":"purchasable","22":"product-type-simple"},"supplier_id":null,"supplier_sku":"","atum_controlled":true,"out_stock_date":null,"out_stock_threshold":null,"inheritable":false,"inbound_stock":null,"stock_on_hold":0,"sold_today":0,"sales_last_days":0,"reserved_stock":null,"customer_returns":null,"warehouse_damage":null,"lost_in_post":null,"other_logs":null,"out_stock_days":0,"lost_sales":0,"has_location":true,"update_date":"2026-04-09T00:03:25","atum_locations":[{"id":219,"name":"Cubo giallo","slug":"yellow-cube"}],"atum_stock_status":"instock","restock_status":false,"low_stock_amount":"","sales_update_date":"2026-04-09T00:03:25","calc_backorders":null,"acf":[],"_links":{"self":[{"href":"https:\/\/softymed.ch\/it\/wp-json\/wp\/v2\/product\/2992","targetHints":{"allow":["GET"]}}],"collection":[{"href":"https:\/\/softymed.ch\/it\/wp-json\/wp\/v2\/product"}],"about":[{"href":"https:\/\/softymed.ch\/it\/wp-json\/wp\/v2\/types\/product"}],"wp:featuredmedia":[{"embeddable":true,"href":"https:\/\/softymed.ch\/it\/wp-json\/wp\/v2\/media\/2697"}],"wp:attachment":[{"href":"https:\/\/softymed.ch\/it\/wp-json\/wp\/v2\/media?parent=2992"}],"wp:term":[{"taxonomy":"product_brand","embeddable":true,"href":"https:\/\/softymed.ch\/it\/wp-json\/wp\/v2\/product_brand?post=2992"},{"taxonomy":"product_cat","embeddable":true,"href":"https:\/\/softymed.ch\/it\/wp-json\/wp\/v2\/product_cat?post=2992"},{"taxonomy":"product_tag","embeddable":true,"href":"https:\/\/softymed.ch\/it\/wp-json\/wp\/v2\/product_tag?post=2992"},{"taxonomy":"categorie_principale","embeddable":true,"href":"https:\/\/softymed.ch\/it\/wp-json\/wp\/v2\/categorie_principale?post=2992"},{"taxonomy":"marque","embeddable":true,"href":"https:\/\/softymed.ch\/it\/wp-json\/wp\/v2\/marque?post=2992"}],"curies":[{"name":"wp","href":"https:\/\/api.w.org\/{rel}","templated":true}]}}