{"id":2991,"date":"2023-12-19T17:07:57","date_gmt":"2023-12-19T16:07:57","guid":{"rendered":"https:\/\/softymed.ch\/boutique\/non%20class\u00e9\/combur-test-ux\/"},"modified":"2026-04-02T13:44:06","modified_gmt":"2026-04-02T11:44:06","slug":"combur-test-ux","status":"publish","type":"product","link":"https:\/\/softymed.ch\/it\/boutique\/prelevements\/prelevement-urinaire\/combur-test-ux\/","title":{"rendered":"Combur-Test\u00ae UX"},"content":{"rendered":"<p>-Bandelettes r\u00e9actives \u00e9valuables par des instruments<br \/>\n-Utilisation avec l\u2019appareil d\u2019analyse d\u2019urine Urisys 1100<br \/>\n-Pour la d\u00e9tection pr\u00e9coce et le suivi<br \/>\n-10 param\u00e8tres de mesure diff\u00e9rents<br \/>\n-1 paquet contient 100 pi\u00e8ces<\/p>\n<p><strong>Applicazione<\/strong><br \/>\n-D\u00e9tection des maladies du foie, des reins et du tractus urog\u00e9nital<br \/>\n-Pour la d\u00e9tection des processus m\u00e9taboliques<\/p>\n<p><strong>Permet de d\u00e9terminer dans les urines:<\/strong><br \/>\n-La densit\u00e9<br \/>\n-Il ph<br \/>\n-Leucociti<br \/>\n-Nitrito<br \/>\n-La prot\u00e9ine<br \/>\n-Glucosio<br \/>\n-La c\u00e9tone<br \/>\n-L\u2019urobilinogen<br \/>\n-Bilirubina<br \/>\n-Il sangue<\/p>","protected":false},"excerpt":{"rendered":"<p>-Bandelettes r\u00e9actives \u00e9valuables par des instruments -Utilisation avec l\u2019appareil d\u2019analyse d\u2019urine Urisys 1100 -Pour la d\u00e9tection pr\u00e9coce et le suivi -10 param\u00e8tres de mesure diff\u00e9rents -1 paquet contient 100 pi\u00e8ces Application -D\u00e9tection des maladies du foie, des reins et du tractus urog\u00e9nital -Pour la d\u00e9tection des processus m\u00e9taboliques Permet de d\u00e9terminer dans les urines: -La [&hellip;]<\/p>\n","protected":false},"featured_media":2673,"template":"","meta":{"_acf_changed":false,"_seopress_robots_primary_cat":"none","_seopress_titles_title":"","_seopress_titles_desc":"","_seopress_robots_index":""},"product_brand":[],"product_cat":[288,140,136,68],"product_tag":[347],"categorie_principale":[31,27,28,29],"marque":[205],"class_list":{"0":"post-2991","1":"product","2":"type-product","3":"status-publish","4":"has-post-thumbnail","6":"product_cat-liste-additionnelle","7":"product_cat-prelevement-urinaire","8":"product_cat-prelevements","9":"product_cat-test-rapide","10":"product_tag-best-seller","11":"categorie_principale-gynecologie","12":"categorie_principale-laboratoire","13":"categorie_principale-medecine-generale","14":"categorie_principale-permanence-hopital","15":"marque-roche-diagnostics-gmbh","17":"first","18":"instock","19":"taxable","20":"shipping-taxable","21":"purchasable","22":"product-type-simple"},"supplier_id":null,"supplier_sku":"","atum_controlled":true,"out_stock_date":null,"out_stock_threshold":null,"inheritable":false,"inbound_stock":null,"stock_on_hold":0,"sold_today":0,"sales_last_days":20,"reserved_stock":null,"customer_returns":null,"warehouse_damage":null,"lost_in_post":null,"other_logs":null,"out_stock_days":0,"lost_sales":0,"has_location":true,"update_date":"2026-04-08T00:04:01","atum_locations":[{"id":373,"name":"Officine","slug":"officine"}],"atum_stock_status":"instock","restock_status":false,"low_stock_amount":10,"sales_update_date":"2026-04-08T00:04:01","calc_backorders":null,"acf":[],"_links":{"self":[{"href":"https:\/\/softymed.ch\/it\/wp-json\/wp\/v2\/product\/2991","targetHints":{"allow":["GET"]}}],"collection":[{"href":"https:\/\/softymed.ch\/it\/wp-json\/wp\/v2\/product"}],"about":[{"href":"https:\/\/softymed.ch\/it\/wp-json\/wp\/v2\/types\/product"}],"wp:featuredmedia":[{"embeddable":true,"href":"https:\/\/softymed.ch\/it\/wp-json\/wp\/v2\/media\/2673"}],"wp:attachment":[{"href":"https:\/\/softymed.ch\/it\/wp-json\/wp\/v2\/media?parent=2991"}],"wp:term":[{"taxonomy":"product_brand","embeddable":true,"href":"https:\/\/softymed.ch\/it\/wp-json\/wp\/v2\/product_brand?post=2991"},{"taxonomy":"product_cat","embeddable":true,"href":"https:\/\/softymed.ch\/it\/wp-json\/wp\/v2\/product_cat?post=2991"},{"taxonomy":"product_tag","embeddable":true,"href":"https:\/\/softymed.ch\/it\/wp-json\/wp\/v2\/product_tag?post=2991"},{"taxonomy":"categorie_principale","embeddable":true,"href":"https:\/\/softymed.ch\/it\/wp-json\/wp\/v2\/categorie_principale?post=2991"},{"taxonomy":"marque","embeddable":true,"href":"https:\/\/softymed.ch\/it\/wp-json\/wp\/v2\/marque?post=2991"}],"curies":[{"name":"wp","href":"https:\/\/api.w.org\/{rel}","templated":true}]}}