{"id":2989,"date":"2023-12-19T17:07:57","date_gmt":"2023-12-19T16:07:57","guid":{"rendered":"https:\/\/softymed.ch\/boutique\/non%20class\u00e9\/accu-chek-safe-t-pro-plus\/"},"modified":"2026-04-08T16:33:00","modified_gmt":"2026-04-08T14:33:00","slug":"batteria-chek-safe-t-pro-plus","status":"publish","type":"product","link":"https:\/\/softymed.ch\/it\/boutique\/prelevements\/prelevement-capillaire\/accu-chek-safe-t-pro-plus\/","title":{"rendered":"Accu-Chek\u00ae Safe-T-Pro Plus"},"content":{"rendered":"<p>Que ce soient pour des contr\u00f4les dans lesquels une seule profondeur de ponction est n\u00e9cessaire ou pour un groupe de patients plus large, tels que les enfants ou bien par exemple les artisans qui n\u00e9cessitent des variations de profondeur de p\u00e9n\u00e9tration (Plus)- Accu-Chek Safe-T Pro offre toujours la bonne solution au sein de votre cabinet.<br \/>\nPour une ponction douce, l\u2019autopiqueur Accu-Chek Safe-T Pro a une aiguille biseaut\u00e9e et silicon\u00e9e optimisant la p\u00e9n\u00e9tration et augmentant la rapidit\u00e9 de p\u00e9n\u00e9tration de l\u2019aiguille.<\/p>\n<p><strong>Caratteristiche<\/strong><br \/>\n-Convient pour la ponction sanguine professionnelle, m\u00eame pour de grands volumes de patients<br \/>\n-Offre: confort, hygi\u00e8ne et s\u00e9curit\u00e9 dans la manipulation<br \/>\n-Lancette douce avec 3 profondeurs de piq\u00fbre<br \/>\n-R\u00e9duit le risque de blessure (r\u00e9tractation compl\u00e8te de l\u2019aiguille apr\u00e8s usage)<br \/>\n-Plus avec une profondeur de piq\u00fbre variable de (1.3 \/ 1.8 \/ 2.3 mm)<\/p>","protected":false},"excerpt":{"rendered":"<p>Dispositivo pungidito<\/p>","protected":false},"featured_media":2679,"template":"","meta":{"_acf_changed":false,"_seopress_robots_primary_cat":"none","_seopress_titles_title":"","_seopress_titles_desc":"","_seopress_robots_index":""},"product_brand":[],"product_cat":[288,138,136],"product_tag":[],"categorie_principale":[165,32,31,27,28,29],"marque":[205],"class_list":{"0":"post-2989","1":"product","2":"type-product","3":"status-publish","4":"has-post-thumbnail","6":"product_cat-liste-additionnelle","7":"product_cat-prelevement-capillaire","8":"product_cat-prelevements","9":"categorie_principale-autre","10":"categorie_principale-cardiologie","11":"categorie_principale-gynecologie","12":"categorie_principale-laboratoire","13":"categorie_principale-medecine-generale","14":"categorie_principale-permanence-hopital","15":"marque-roche-diagnostics-gmbh","17":"first","18":"instock","19":"taxable","20":"shipping-taxable","21":"purchasable","22":"product-type-simple"},"supplier_id":null,"supplier_sku":"","atum_controlled":true,"out_stock_date":null,"out_stock_threshold":null,"inheritable":false,"inbound_stock":null,"stock_on_hold":0,"sold_today":0,"sales_last_days":6,"reserved_stock":null,"customer_returns":null,"warehouse_damage":null,"lost_in_post":null,"other_logs":null,"out_stock_days":0,"lost_sales":0,"has_location":true,"update_date":"2026-04-09T00:04:05","atum_locations":[{"id":373,"name":"Officine","slug":"officine"}],"atum_stock_status":"instock","restock_status":false,"low_stock_amount":20,"sales_update_date":"2026-04-09T00:04:05","calc_backorders":null,"acf":[],"_links":{"self":[{"href":"https:\/\/softymed.ch\/it\/wp-json\/wp\/v2\/product\/2989","targetHints":{"allow":["GET"]}}],"collection":[{"href":"https:\/\/softymed.ch\/it\/wp-json\/wp\/v2\/product"}],"about":[{"href":"https:\/\/softymed.ch\/it\/wp-json\/wp\/v2\/types\/product"}],"wp:featuredmedia":[{"embeddable":true,"href":"https:\/\/softymed.ch\/it\/wp-json\/wp\/v2\/media\/2679"}],"wp:attachment":[{"href":"https:\/\/softymed.ch\/it\/wp-json\/wp\/v2\/media?parent=2989"}],"wp:term":[{"taxonomy":"product_brand","embeddable":true,"href":"https:\/\/softymed.ch\/it\/wp-json\/wp\/v2\/product_brand?post=2989"},{"taxonomy":"product_cat","embeddable":true,"href":"https:\/\/softymed.ch\/it\/wp-json\/wp\/v2\/product_cat?post=2989"},{"taxonomy":"product_tag","embeddable":true,"href":"https:\/\/softymed.ch\/it\/wp-json\/wp\/v2\/product_tag?post=2989"},{"taxonomy":"categorie_principale","embeddable":true,"href":"https:\/\/softymed.ch\/it\/wp-json\/wp\/v2\/categorie_principale?post=2989"},{"taxonomy":"marque","embeddable":true,"href":"https:\/\/softymed.ch\/it\/wp-json\/wp\/v2\/marque?post=2989"}],"curies":[{"name":"wp","href":"https:\/\/api.w.org\/{rel}","templated":true}]}}