{"id":2980,"date":"2023-12-19T17:07:57","date_gmt":"2023-12-19T16:07:57","guid":{"rendered":"https:\/\/softymed.ch\/boutique\/non%20class\u00e9\/easyone-flowtube\/"},"modified":"2025-06-27T22:09:53","modified_gmt":"2025-06-27T20:09:53","slug":"tubo-di-flusso-easyone","status":"publish","type":"product","link":"https:\/\/softymed.ch\/it\/boutique\/appareils-equipements\/easyone-flowtube\/","title":{"rendered":"Tubo di flusso EasyOne"},"content":{"rendered":"<p>L&#8217;embout buccal FlowTube de ndd est l\u2019accessoire adapt\u00e9 au spirom\u00e8tre EasyOne Air de ndd.<br \/>\nLa spirette hygi\u00e9nique \u00e0 usage unique sert \u00e0 la fois de tube respiratoire et d\u2019embout buccal. L\u2019utilisation d\u2019un article \u00e0 usage unique permet de r\u00e9duire le nettoyage du spirom\u00e8tre et d\u2019augmenter la s\u00e9curit\u00e9 du patient.<\/p>\n<p><strong>Dettagli del prodotto<\/strong><br \/>\n-Embout buccal hygi\u00e9nique \u00e0 usage unique<br \/>\n-Convient parfaitement au spirom\u00e8tre EasyOne Air de ndd<br \/>\n-Protection accrue contre les contaminations crois\u00e9es<br \/>\n-\u00c9limination simple apr\u00e8s utilisation<br \/>\n-Aucune incidence sur les r\u00e9sultats de mesure<br \/>\n-Compatible avec l\u2019adaptateur de filtre FT et filtre frontal Inline pour EasyOne Air (vendu s\u00e9par\u00e9ment)<br \/>\n-Design ergonomico<br \/>\n-Colore: bianco<br \/>\n-Mat\u00e9riau: polypropyl\u00e8ne (PP)<br \/>\n-Emball\u00e9 individuellement<br \/>\n-Dimensions: L 150 \u00d7 l 21 \u00d7 H 38 mm<br \/>\n-Peso: 8 g<\/p>\n<p><strong>Contenuto<\/strong><br \/>\n1 paquet d\u2019embouts buccaux FlowTube pour spirom\u00e8tre EasyOne Air de ndd \u00e0 50 pi\u00e8ces<\/p>","protected":false},"excerpt":{"rendered":"<p>Boccagli FlowTube per spirometro EasyOne Air ndd<\/p>","protected":false},"featured_media":2443,"template":"","meta":{"_acf_changed":false,"_seopress_robots_primary_cat":"163","_seopress_titles_title":"","_seopress_titles_desc":"","_seopress_robots_index":""},"product_brand":[],"product_cat":[163,372],"product_tag":[],"categorie_principale":[28,29],"marque":[224],"class_list":{"0":"post-2980","1":"product","2":"type-product","3":"status-publish","4":"has-post-thumbnail","6":"product_cat-appareils-equipements","7":"product_cat-medicusana","8":"categorie_principale-medecine-generale","9":"categorie_principale-permanence-hopital","10":"marque-ndd","12":"first","13":"instock","14":"taxable","15":"shipping-taxable","16":"purchasable","17":"product-type-simple"},"supplier_id":null,"supplier_sku":"","atum_controlled":true,"out_stock_date":null,"out_stock_threshold":null,"inheritable":false,"inbound_stock":null,"stock_on_hold":0,"sold_today":0,"sales_last_days":0,"reserved_stock":null,"customer_returns":null,"warehouse_damage":null,"lost_in_post":null,"other_logs":null,"out_stock_days":0,"lost_sales":0,"has_location":true,"update_date":"2026-04-09T00:03:14","atum_locations":[{"id":373,"name":"Officine","slug":"officine"}],"atum_stock_status":"instock","restock_status":false,"low_stock_amount":"","sales_update_date":"2026-04-09T00:03:14","calc_backorders":null,"acf":[],"_links":{"self":[{"href":"https:\/\/softymed.ch\/it\/wp-json\/wp\/v2\/product\/2980","targetHints":{"allow":["GET"]}}],"collection":[{"href":"https:\/\/softymed.ch\/it\/wp-json\/wp\/v2\/product"}],"about":[{"href":"https:\/\/softymed.ch\/it\/wp-json\/wp\/v2\/types\/product"}],"wp:featuredmedia":[{"embeddable":true,"href":"https:\/\/softymed.ch\/it\/wp-json\/wp\/v2\/media\/2443"}],"wp:attachment":[{"href":"https:\/\/softymed.ch\/it\/wp-json\/wp\/v2\/media?parent=2980"}],"wp:term":[{"taxonomy":"product_brand","embeddable":true,"href":"https:\/\/softymed.ch\/it\/wp-json\/wp\/v2\/product_brand?post=2980"},{"taxonomy":"product_cat","embeddable":true,"href":"https:\/\/softymed.ch\/it\/wp-json\/wp\/v2\/product_cat?post=2980"},{"taxonomy":"product_tag","embeddable":true,"href":"https:\/\/softymed.ch\/it\/wp-json\/wp\/v2\/product_tag?post=2980"},{"taxonomy":"categorie_principale","embeddable":true,"href":"https:\/\/softymed.ch\/it\/wp-json\/wp\/v2\/categorie_principale?post=2980"},{"taxonomy":"marque","embeddable":true,"href":"https:\/\/softymed.ch\/it\/wp-json\/wp\/v2\/marque?post=2980"}],"curies":[{"name":"wp","href":"https:\/\/api.w.org\/{rel}","templated":true}]}}