{"id":2978,"date":"2023-12-19T17:07:51","date_gmt":"2023-12-19T16:07:51","guid":{"rendered":"https:\/\/softymed.ch\/boutique\/non%20class\u00e9\/minuteur-numerique\/"},"modified":"2026-03-10T18:10:27","modified_gmt":"2026-03-10T17:10:27","slug":"timer-digitale","status":"publish","type":"product","link":"https:\/\/softymed.ch\/it\/boutique\/dechets\/minuteur-numerique\/","title":{"rendered":"Timer digitale"},"content":{"rendered":"<p>Minuteur num\u00e9rique avec grand affichage, facile \u00e0 lire, pouvant \u00eatre \u00e9galement utilis\u00e9 comme chronom\u00e8tre. Le minuteur sur batterie avec fonction memory peut \u00eatre fix\u00e9 sur diff\u00e9rents types comme par ex. au mur ou avec les pieds d\u00e9pliants sur la table.<\/p>\n<p><strong>D\u00e9tails produit<\/strong><br \/>\n-Minuteur num\u00e9rique<br \/>\n-Display con cifre grandi<br \/>\n-Tr\u00e8s bien lisible<br \/>\n-Peut \u00eatre fix\u00e9 au choix avec aimant, clip ou accroch\u00e9<br \/>\n-Con piede per l'appoggio sul tavolo<br \/>\n-Fonction m\u00e9moire<br \/>\n-Temps maximum r\u00e9glable: 99 minutes, 59 secondes<br \/>\n-Utilisable comme chronom\u00e8tre<br \/>\nFacile funzionamento a 3 pulsanti<br \/>\n-Funzionamento a batteria (1 x 1,5 V AAA)<br \/>\n-Dimensioni: 8,3 x 2,8 x 7,0 cm (L x L x A)<br \/>\n-Peso: 68 g<br \/>\n-Robusta custodia in plastica<br \/>\n-Colore: bianco<br \/>\n-Livr\u00e9 avec la batterie<\/p>","protected":false},"excerpt":{"rendered":"<p>Minuteur num\u00e9rique avec grand affichage, facile \u00e0 lire, pouvant \u00eatre \u00e9galement utilis\u00e9 comme chronom\u00e8tre. Le minuteur sur batterie avec fonction memory peut \u00eatre fix\u00e9 sur diff\u00e9rents types comme par ex. au mur ou avec les pieds d\u00e9pliants sur la table. D\u00e9tails produit -Minuteur num\u00e9rique -Affichage avec grands chiffres -Tr\u00e8s bien lisible -Peut \u00eatre fix\u00e9 au [&hellip;]<\/p>\n","protected":false},"featured_media":2496,"template":"","meta":{"_acf_changed":false,"_seopress_robots_primary_cat":"none","_seopress_titles_title":"","_seopress_titles_desc":"","_seopress_robots_index":""},"product_brand":[],"product_cat":[124,288],"product_tag":[],"categorie_principale":[165,32,31,27,28,29],"marque":[],"class_list":{"0":"post-2978","1":"product","2":"type-product","3":"status-publish","4":"has-post-thumbnail","6":"product_cat-dechets","7":"product_cat-liste-additionnelle","8":"categorie_principale-autre","9":"categorie_principale-cardiologie","10":"categorie_principale-gynecologie","11":"categorie_principale-laboratoire","12":"categorie_principale-medecine-generale","13":"categorie_principale-permanence-hopital","15":"first","16":"instock","17":"taxable","18":"shipping-taxable","19":"purchasable","20":"product-type-simple"},"supplier_id":null,"supplier_sku":"","atum_controlled":true,"out_stock_date":null,"out_stock_threshold":null,"inheritable":false,"inbound_stock":null,"stock_on_hold":0,"sold_today":0,"sales_last_days":0,"reserved_stock":null,"customer_returns":null,"warehouse_damage":null,"lost_in_post":null,"other_logs":null,"out_stock_days":0,"lost_sales":0,"has_location":true,"update_date":"2026-04-08T00:03:37","atum_locations":[{"id":373,"name":"Officine","slug":"officine"}],"atum_stock_status":"instock","restock_status":false,"low_stock_amount":"","sales_update_date":"2026-04-08T00:03:37","calc_backorders":null,"acf":[],"_links":{"self":[{"href":"https:\/\/softymed.ch\/it\/wp-json\/wp\/v2\/product\/2978","targetHints":{"allow":["GET"]}}],"collection":[{"href":"https:\/\/softymed.ch\/it\/wp-json\/wp\/v2\/product"}],"about":[{"href":"https:\/\/softymed.ch\/it\/wp-json\/wp\/v2\/types\/product"}],"wp:featuredmedia":[{"embeddable":true,"href":"https:\/\/softymed.ch\/it\/wp-json\/wp\/v2\/media\/2496"}],"wp:attachment":[{"href":"https:\/\/softymed.ch\/it\/wp-json\/wp\/v2\/media?parent=2978"}],"wp:term":[{"taxonomy":"product_brand","embeddable":true,"href":"https:\/\/softymed.ch\/it\/wp-json\/wp\/v2\/product_brand?post=2978"},{"taxonomy":"product_cat","embeddable":true,"href":"https:\/\/softymed.ch\/it\/wp-json\/wp\/v2\/product_cat?post=2978"},{"taxonomy":"product_tag","embeddable":true,"href":"https:\/\/softymed.ch\/it\/wp-json\/wp\/v2\/product_tag?post=2978"},{"taxonomy":"categorie_principale","embeddable":true,"href":"https:\/\/softymed.ch\/it\/wp-json\/wp\/v2\/categorie_principale?post=2978"},{"taxonomy":"marque","embeddable":true,"href":"https:\/\/softymed.ch\/it\/wp-json\/wp\/v2\/marque?post=2978"}],"curies":[{"name":"wp","href":"https:\/\/api.w.org\/{rel}","templated":true}]}}