{"id":2976,"date":"2023-12-28T11:49:19","date_gmt":"2023-12-28T10:49:19","guid":{"rendered":"https:\/\/softymed.ch\/boutique\/non%20class\u00e9\/attrape-echantillons-de-selles\/"},"modified":"2026-04-01T15:45:29","modified_gmt":"2026-04-01T13:45:29","slug":"sgabello-raccogli-campioni","status":"publish","type":"product","link":"https:\/\/softymed.ch\/it\/boutique\/prelevements\/prelevement-de-selles\/attrape-echantillons-de-selles\/","title":{"rendered":"Campione di feci"},"content":{"rendered":"<p><strong>Caratteristiche<\/strong><br \/>\n-Produits en papier pour la pr\u00e9paration s\u00fbre et hygi\u00e9nique d\u2019\u00e9chantillons de selles avec description imprim\u00e9e pour la manipulation<br \/>\n-Facile \u00e0 d\u00e9plier et destin\u00e9 \u00e0 \u00eatre mont\u00e9 sur la lunette des toilettes \u00e0 l\u2019aide de son adh\u00e9sif amovible externe<br \/>\n-Lors du d\u00e9pliage, un adh\u00e9sif int\u00e9rieur forme un bac de collecte qui emp\u00eache les selles liquides de glisser dans les toilettes, assurant ainsi une collecte s\u00fbre de l\u2019\u00e9chantillon<br \/>\n-Les mat\u00e9riaux et les processus de fabrication sont bas\u00e9s sur des crit\u00e8res environnementaux \u00e0 jour.<br \/>\nCela garantit que le papier et l\u2019adh\u00e9sif ne g\u00e9n\u00e8rent aucune pollution des eaux us\u00e9es lors de leur \u00e9limination.<\/p>\n<p><strong>Le lingue<\/strong><br \/>\nAllemand, fran\u00e7ais, italien, espagnol et anglais<\/p>\n<p><strong>Champ d\u2019application<\/strong><br \/>\n\u00c9chantillonnage des selles, inspection des selles<\/p>","protected":false},"excerpt":{"rendered":"<p>Tedesco, francese, italiano, spagnolo e inglese<\/p>","protected":false},"featured_media":3550,"template":"","meta":{"_acf_changed":false,"_seopress_robots_primary_cat":"","_seopress_titles_title":"","_seopress_titles_desc":"","_seopress_robots_index":""},"product_brand":[],"product_cat":[287,131,141,136],"product_tag":[],"categorie_principale":[27,28,29],"marque":[],"class_list":{"0":"post-2976","1":"product","2":"type-product","3":"status-publish","4":"has-post-thumbnail","6":"product_cat-carte-de-commande","7":"product_cat-microbiologie","8":"product_cat-prelevement-de-selles","9":"product_cat-prelevements","10":"categorie_principale-laboratoire","11":"categorie_principale-medecine-generale","12":"categorie_principale-permanence-hopital","14":"first","15":"instock","16":"taxable","17":"shipping-taxable","18":"purchasable","19":"product-type-simple"},"supplier_id":null,"supplier_sku":"","atum_controlled":true,"out_stock_date":null,"out_stock_threshold":null,"inheritable":false,"inbound_stock":0,"stock_on_hold":0,"sold_today":0,"sales_last_days":1,"reserved_stock":0,"customer_returns":0,"warehouse_damage":0,"lost_in_post":0,"other_logs":0,"out_stock_days":0,"lost_sales":0,"has_location":true,"update_date":"2026-04-09T00:03:58","atum_locations":[{"id":219,"name":"Cubo giallo","slug":"yellow-cube"}],"atum_stock_status":"instock","restock_status":false,"low_stock_amount":"","sales_update_date":"2026-04-09T00:03:58","calc_backorders":null,"acf":[],"_links":{"self":[{"href":"https:\/\/softymed.ch\/it\/wp-json\/wp\/v2\/product\/2976","targetHints":{"allow":["GET"]}}],"collection":[{"href":"https:\/\/softymed.ch\/it\/wp-json\/wp\/v2\/product"}],"about":[{"href":"https:\/\/softymed.ch\/it\/wp-json\/wp\/v2\/types\/product"}],"wp:featuredmedia":[{"embeddable":true,"href":"https:\/\/softymed.ch\/it\/wp-json\/wp\/v2\/media\/3550"}],"wp:attachment":[{"href":"https:\/\/softymed.ch\/it\/wp-json\/wp\/v2\/media?parent=2976"}],"wp:term":[{"taxonomy":"product_brand","embeddable":true,"href":"https:\/\/softymed.ch\/it\/wp-json\/wp\/v2\/product_brand?post=2976"},{"taxonomy":"product_cat","embeddable":true,"href":"https:\/\/softymed.ch\/it\/wp-json\/wp\/v2\/product_cat?post=2976"},{"taxonomy":"product_tag","embeddable":true,"href":"https:\/\/softymed.ch\/it\/wp-json\/wp\/v2\/product_tag?post=2976"},{"taxonomy":"categorie_principale","embeddable":true,"href":"https:\/\/softymed.ch\/it\/wp-json\/wp\/v2\/categorie_principale?post=2976"},{"taxonomy":"marque","embeddable":true,"href":"https:\/\/softymed.ch\/it\/wp-json\/wp\/v2\/marque?post=2976"}],"curies":[{"name":"wp","href":"https:\/\/api.w.org\/{rel}","templated":true}]}}