{"id":2971,"date":"2023-12-19T17:07:51","date_gmt":"2023-12-19T16:07:51","guid":{"rendered":"https:\/\/softymed.ch\/boutique\/non%20class\u00e9\/bandelette-indicatrice-de-ph-3\/"},"modified":"2025-09-11T10:07:55","modified_gmt":"2025-09-11T08:07:55","slug":"striscia-indicatrice-di-ph-6-10","status":"publish","type":"product","link":"https:\/\/softymed.ch\/it\/boutique\/chimie-hematologie\/bandelette-indicatrice-de-ph-6-10\/","title":{"rendered":"Striscia indicatrice di pH"},"content":{"rendered":"<p><strong>Applicazione<\/strong><br \/>\nAnalisi di soluzioni in ambiente acido, neutro o alcalino<\/p>\n<p><strong>Vantaggi<\/strong><br \/>\n-Indicatore universale<br \/>\n-Ne d\u00e9teint pas<\/p>\n<p><strong>Descrizione del prodotto<\/strong><br \/>\n-Confezione: scatola da 100 pezzi<br \/>\n-pH: 6,5-10,0<br \/>\n-\u00c9chelon 0,2-0,5<br \/>\n-Temp\u00e9rature de stockage: stocker \u00e0 10-25\u00b0C pour les conserver en excellente condition pendant 3-5 ans<br \/>\n-Conditions de stockage: prot\u00e9ger de la lumi\u00e8re et de l&rsquo;humidit\u00e9<br \/>\n-Refermer la bo\u00eete imm\u00e9diatement apr\u00e8s le retrait de chaque bandelette ou papier<\/p>","protected":false},"excerpt":{"rendered":"<p>pH 6,5-10,0<\/p>","protected":false},"featured_media":2760,"template":"","meta":{"_acf_changed":false,"_seopress_robots_primary_cat":"none","_seopress_titles_title":"","_seopress_titles_desc":"","_seopress_robots_index":""},"product_brand":[],"product_cat":[123,131,132],"product_tag":[],"categorie_principale":[165,27,29],"marque":[194],"class_list":{"0":"post-2971","1":"product","2":"type-product","3":"status-publish","4":"has-post-thumbnail","6":"product_cat-chimie-hematologie","7":"product_cat-microbiologie","8":"product_cat-microscopie","9":"categorie_principale-autre","10":"categorie_principale-laboratoire","11":"categorie_principale-permanence-hopital","12":"marque-mcolorphast-merck","14":"first","15":"instock","16":"taxable","17":"shipping-taxable","18":"purchasable","19":"product-type-simple"},"supplier_id":null,"supplier_sku":"","atum_controlled":true,"out_stock_date":null,"out_stock_threshold":null,"inheritable":false,"inbound_stock":null,"stock_on_hold":0,"sold_today":0,"sales_last_days":0,"reserved_stock":null,"customer_returns":null,"warehouse_damage":null,"lost_in_post":null,"other_logs":null,"out_stock_days":0,"lost_sales":0,"has_location":true,"update_date":"2026-04-08T00:03:13","atum_locations":[{"id":219,"name":"Cubo giallo","slug":"yellow-cube"}],"atum_stock_status":"instock","restock_status":false,"low_stock_amount":"","sales_update_date":"2026-04-08T00:03:13","calc_backorders":null,"acf":[],"_links":{"self":[{"href":"https:\/\/softymed.ch\/it\/wp-json\/wp\/v2\/product\/2971","targetHints":{"allow":["GET"]}}],"collection":[{"href":"https:\/\/softymed.ch\/it\/wp-json\/wp\/v2\/product"}],"about":[{"href":"https:\/\/softymed.ch\/it\/wp-json\/wp\/v2\/types\/product"}],"wp:featuredmedia":[{"embeddable":true,"href":"https:\/\/softymed.ch\/it\/wp-json\/wp\/v2\/media\/2760"}],"wp:attachment":[{"href":"https:\/\/softymed.ch\/it\/wp-json\/wp\/v2\/media?parent=2971"}],"wp:term":[{"taxonomy":"product_brand","embeddable":true,"href":"https:\/\/softymed.ch\/it\/wp-json\/wp\/v2\/product_brand?post=2971"},{"taxonomy":"product_cat","embeddable":true,"href":"https:\/\/softymed.ch\/it\/wp-json\/wp\/v2\/product_cat?post=2971"},{"taxonomy":"product_tag","embeddable":true,"href":"https:\/\/softymed.ch\/it\/wp-json\/wp\/v2\/product_tag?post=2971"},{"taxonomy":"categorie_principale","embeddable":true,"href":"https:\/\/softymed.ch\/it\/wp-json\/wp\/v2\/categorie_principale?post=2971"},{"taxonomy":"marque","embeddable":true,"href":"https:\/\/softymed.ch\/it\/wp-json\/wp\/v2\/marque?post=2971"}],"curies":[{"name":"wp","href":"https:\/\/api.w.org\/{rel}","templated":true}]}}