{"id":2966,"date":"2023-12-19T17:07:51","date_gmt":"2023-12-19T16:07:51","guid":{"rendered":"https:\/\/softymed.ch\/boutique\/non%20class\u00e9\/lames\/"},"modified":"2026-03-06T12:17:23","modified_gmt":"2026-03-06T11:17:23","slug":"lame-taglienti","status":"publish","type":"product","link":"https:\/\/softymed.ch\/it\/boutique\/chimie-hematologie\/lames-bords-coupes\/","title":{"rendered":"Vetrini"},"content":{"rendered":"<p><strong>Applicazione<\/strong><br \/>\n-H\u00e9matologie (r\u00e9alisation de frottis)<br \/>\n-Citologia<br \/>\n-Microbiologia<br \/>\n-Istologia<br \/>\n-Applicazione di routine, tecniche manuali<\/p>\n<p><strong>Caratteristiche<\/strong><br \/>\n-Lunghezza lama: 76,0 +0,0\/-1,0 mm<br \/>\n-Larghezza lama: 26,0 +0,0\/-1,0 mm<br \/>\n-\u00c9paisseur de la lame: 1.1 +\/-0.1 mm<\/p>\n<p><strong>Autres caract\u00e9ristiques<\/strong><br \/>\n-Lames lav\u00e9es, d\u00e9graiss\u00e9es, pr\u00eates \u00e0 l\u2019emploi<br \/>\nQualit\u00e9 du verre: Verre sodocalcique<\/p>","protected":false},"excerpt":{"rendered":"<p>Bordi tagliati, angoli retti a 90\u00b0<\/p>","protected":false},"featured_media":2737,"template":"","meta":{"_acf_changed":false,"_seopress_robots_primary_cat":"none","_seopress_titles_title":"","_seopress_titles_desc":"","_seopress_robots_index":""},"product_brand":[],"product_cat":[123,131,132],"product_tag":[344],"categorie_principale":[165,31,27],"marque":[192],"class_list":{"0":"post-2966","1":"product","2":"type-product","3":"status-publish","4":"has-post-thumbnail","6":"product_cat-chimie-hematologie","7":"product_cat-microbiologie","8":"product_cat-microscopie","9":"product_tag-destockage","10":"categorie_principale-autre","11":"categorie_principale-gynecologie","12":"categorie_principale-laboratoire","13":"marque-labelians","15":"first","16":"instock","17":"sale","18":"taxable","19":"shipping-taxable","20":"purchasable","21":"product-type-simple"},"supplier_id":null,"supplier_sku":"","atum_controlled":true,"out_stock_date":null,"out_stock_threshold":null,"inheritable":false,"inbound_stock":null,"stock_on_hold":0,"sold_today":0,"sales_last_days":0,"reserved_stock":null,"customer_returns":null,"warehouse_damage":null,"lost_in_post":null,"other_logs":null,"out_stock_days":0,"lost_sales":0,"has_location":true,"update_date":"2026-04-09T00:03:38","atum_locations":[{"id":219,"name":"Cubo giallo","slug":"yellow-cube"}],"atum_stock_status":"instock","restock_status":false,"low_stock_amount":"","sales_update_date":"2026-04-09T00:03:38","calc_backorders":null,"acf":[],"_links":{"self":[{"href":"https:\/\/softymed.ch\/it\/wp-json\/wp\/v2\/product\/2966","targetHints":{"allow":["GET"]}}],"collection":[{"href":"https:\/\/softymed.ch\/it\/wp-json\/wp\/v2\/product"}],"about":[{"href":"https:\/\/softymed.ch\/it\/wp-json\/wp\/v2\/types\/product"}],"wp:featuredmedia":[{"embeddable":true,"href":"https:\/\/softymed.ch\/it\/wp-json\/wp\/v2\/media\/2737"}],"wp:attachment":[{"href":"https:\/\/softymed.ch\/it\/wp-json\/wp\/v2\/media?parent=2966"}],"wp:term":[{"taxonomy":"product_brand","embeddable":true,"href":"https:\/\/softymed.ch\/it\/wp-json\/wp\/v2\/product_brand?post=2966"},{"taxonomy":"product_cat","embeddable":true,"href":"https:\/\/softymed.ch\/it\/wp-json\/wp\/v2\/product_cat?post=2966"},{"taxonomy":"product_tag","embeddable":true,"href":"https:\/\/softymed.ch\/it\/wp-json\/wp\/v2\/product_tag?post=2966"},{"taxonomy":"categorie_principale","embeddable":true,"href":"https:\/\/softymed.ch\/it\/wp-json\/wp\/v2\/categorie_principale?post=2966"},{"taxonomy":"marque","embeddable":true,"href":"https:\/\/softymed.ch\/it\/wp-json\/wp\/v2\/marque?post=2966"}],"curies":[{"name":"wp","href":"https:\/\/api.w.org\/{rel}","templated":true}]}}