{"id":2965,"date":"2023-12-19T17:07:51","date_gmt":"2023-12-19T16:07:51","guid":{"rendered":"https:\/\/softymed.ch\/boutique\/non%20class\u00e9\/lamelle-couvre-objet-4\/"},"modified":"2025-10-03T10:21:53","modified_gmt":"2025-10-03T08:21:53","slug":"copertura-delloggetto-24x50","status":"publish","type":"product","link":"https:\/\/softymed.ch\/it\/boutique\/chimie-hematologie\/lamelle-couvre-objet-24x50\/","title":{"rendered":"Striscia di copertura"},"content":{"rendered":"<p><strong>Applicazione<\/strong><br \/>\nRecouvrement des \u00e9chantillons lors d&rsquo;analyses microscopiques<\/p>\n<p><strong>Vantaggi<\/strong><br \/>\nConditionn\u00e9e en bo\u00eete plastique prot\u00e9geant de la poussi\u00e8re et des chocs<\/p>\n<p><strong>Qualit\u00e9 du verre<\/strong><br \/>\nVerre borosilicat\u00e9 blanc, \u00e9paisseur n\u00b01 Epredia<\/p>","protected":false},"excerpt":{"rendered":"<p>Spessore tipo 1<\/p>","protected":false},"featured_media":2746,"template":"","meta":{"_acf_changed":false,"_seopress_robots_primary_cat":"none","_seopress_titles_title":"","_seopress_titles_desc":"","_seopress_robots_index":""},"product_brand":[],"product_cat":[123,131,132],"product_tag":[],"categorie_principale":[165,31,27],"marque":[192],"class_list":{"0":"post-2965","1":"product","2":"type-product","3":"status-publish","4":"has-post-thumbnail","6":"product_cat-chimie-hematologie","7":"product_cat-microbiologie","8":"product_cat-microscopie","9":"categorie_principale-autre","10":"categorie_principale-gynecologie","11":"categorie_principale-laboratoire","12":"marque-labelians","14":"first","15":"instock","16":"taxable","17":"shipping-taxable","18":"purchasable","19":"product-type-simple"},"supplier_id":null,"supplier_sku":"","atum_controlled":true,"out_stock_date":null,"out_stock_threshold":null,"inheritable":false,"inbound_stock":null,"stock_on_hold":0,"sold_today":0,"sales_last_days":0,"reserved_stock":null,"customer_returns":null,"warehouse_damage":null,"lost_in_post":null,"other_logs":null,"out_stock_days":0,"lost_sales":0,"has_location":true,"update_date":"2026-04-09T00:03:13","atum_locations":[{"id":219,"name":"Cubo giallo","slug":"yellow-cube"}],"atum_stock_status":"instock","restock_status":false,"low_stock_amount":"","sales_update_date":"2026-04-09T00:03:13","calc_backorders":null,"acf":[],"_links":{"self":[{"href":"https:\/\/softymed.ch\/it\/wp-json\/wp\/v2\/product\/2965","targetHints":{"allow":["GET"]}}],"collection":[{"href":"https:\/\/softymed.ch\/it\/wp-json\/wp\/v2\/product"}],"about":[{"href":"https:\/\/softymed.ch\/it\/wp-json\/wp\/v2\/types\/product"}],"wp:featuredmedia":[{"embeddable":true,"href":"https:\/\/softymed.ch\/it\/wp-json\/wp\/v2\/media\/2746"}],"wp:attachment":[{"href":"https:\/\/softymed.ch\/it\/wp-json\/wp\/v2\/media?parent=2965"}],"wp:term":[{"taxonomy":"product_brand","embeddable":true,"href":"https:\/\/softymed.ch\/it\/wp-json\/wp\/v2\/product_brand?post=2965"},{"taxonomy":"product_cat","embeddable":true,"href":"https:\/\/softymed.ch\/it\/wp-json\/wp\/v2\/product_cat?post=2965"},{"taxonomy":"product_tag","embeddable":true,"href":"https:\/\/softymed.ch\/it\/wp-json\/wp\/v2\/product_tag?post=2965"},{"taxonomy":"categorie_principale","embeddable":true,"href":"https:\/\/softymed.ch\/it\/wp-json\/wp\/v2\/categorie_principale?post=2965"},{"taxonomy":"marque","embeddable":true,"href":"https:\/\/softymed.ch\/it\/wp-json\/wp\/v2\/marque?post=2965"}],"curies":[{"name":"wp","href":"https:\/\/api.w.org\/{rel}","templated":true}]}}