{"id":2956,"date":"2023-12-19T17:07:43","date_gmt":"2023-12-19T16:07:43","guid":{"rendered":"https:\/\/softymed.ch\/boutique\/non%20class\u00e9\/canule-a-bouton\/"},"modified":"2026-03-16T11:52:00","modified_gmt":"2026-03-16T10:52:00","slug":"cannula-a-bottone","status":"publish","type":"product","link":"https:\/\/softymed.ch\/it\/boutique\/petite-chirurgie-suture\/canule-a-bouton\/","title":{"rendered":"Cannula a bottone"},"content":{"rendered":"<p>La canule \u00e0 bouton st\u00e9rile \u00e0 usage unique en plastique flexible est id\u00e9ale pour le rin\u00e7age topique des plaies. Gr\u00e2ce \u00e0 son \u00e9lasticit\u00e9, l\u2019utilisation de la canule \u00e0 bouton est particuli\u00e8rement s\u00fbre et douce, et le risque de blessure est r\u00e9duit.<\/p>\n<p>Comme la canule \u00e0 bouton \u00e0 usage unique, emball\u00e9e individuellement et st\u00e9rilement, peut \u00eatre utilis\u00e9e imm\u00e9diatement et ne n\u00e9cessite pas de pr\u00e9paration complexe, elle permet un gain de temps et d\u2019argent consid\u00e9rable.<\/p>\n<p><strong>Caratteristiche<\/strong><br \/>\n-Canule \u00e0 bouton \u00e0 usage unique en plastique, st\u00e9rile<br \/>\n-Pour le rin\u00e7age topique des plaies<br \/>\n-D\u00e9licate, s\u00fbre et facile \u00e0 utiliser<br \/>\n-Forma rettilinea con puntale Luer Lock<br \/>\n-Confezione sterile individuale<br \/>\n-Risque de blessure r\u00e9duit<br \/>\n-Flessibile e pieghevole<br \/>\n-Aucune pr\u00e9paration n\u00e9cessaire<br \/>\n-In plastica trasparente<br \/>\n-Lunghezza di lavoro: 60 mm<br \/>\n-Lunghezza totale: 70 mm<\/p>","protected":false},"excerpt":{"rendered":"<p>Plastica, sterile, monouso<\/p>","protected":false},"featured_media":2500,"template":"","meta":{"_acf_changed":false,"_seopress_robots_primary_cat":"none","_seopress_titles_title":"","_seopress_titles_desc":"","_seopress_robots_index":""},"product_brand":[],"product_cat":[134],"product_tag":[],"categorie_principale":[28,29],"marque":[189],"class_list":{"0":"post-2956","1":"product","2":"type-product","3":"status-publish","4":"has-post-thumbnail","6":"product_cat-petite-chirurgie-suture","7":"categorie_principale-medecine-generale","8":"categorie_principale-permanence-hopital","9":"marque-key-surgical","11":"first","12":"outofstock","13":"taxable","14":"shipping-taxable","15":"purchasable","16":"product-type-simple"},"supplier_id":null,"supplier_sku":"","atum_controlled":true,"out_stock_date":"2026-03-16 11:52:00","out_stock_threshold":null,"inheritable":false,"inbound_stock":null,"stock_on_hold":0,"sold_today":0,"sales_last_days":0,"reserved_stock":null,"customer_returns":null,"warehouse_damage":null,"lost_in_post":null,"other_logs":null,"out_stock_days":23,"lost_sales":138,"has_location":true,"update_date":"2026-04-09T00:03:40","atum_locations":[{"id":373,"name":"Officine","slug":"officine"}],"atum_stock_status":"outofstock","restock_status":false,"low_stock_amount":"","sales_update_date":"2026-04-09T00:03:40","calc_backorders":null,"acf":[],"_links":{"self":[{"href":"https:\/\/softymed.ch\/it\/wp-json\/wp\/v2\/product\/2956","targetHints":{"allow":["GET"]}}],"collection":[{"href":"https:\/\/softymed.ch\/it\/wp-json\/wp\/v2\/product"}],"about":[{"href":"https:\/\/softymed.ch\/it\/wp-json\/wp\/v2\/types\/product"}],"wp:featuredmedia":[{"embeddable":true,"href":"https:\/\/softymed.ch\/it\/wp-json\/wp\/v2\/media\/2500"}],"wp:attachment":[{"href":"https:\/\/softymed.ch\/it\/wp-json\/wp\/v2\/media?parent=2956"}],"wp:term":[{"taxonomy":"product_brand","embeddable":true,"href":"https:\/\/softymed.ch\/it\/wp-json\/wp\/v2\/product_brand?post=2956"},{"taxonomy":"product_cat","embeddable":true,"href":"https:\/\/softymed.ch\/it\/wp-json\/wp\/v2\/product_cat?post=2956"},{"taxonomy":"product_tag","embeddable":true,"href":"https:\/\/softymed.ch\/it\/wp-json\/wp\/v2\/product_tag?post=2956"},{"taxonomy":"categorie_principale","embeddable":true,"href":"https:\/\/softymed.ch\/it\/wp-json\/wp\/v2\/categorie_principale?post=2956"},{"taxonomy":"marque","embeddable":true,"href":"https:\/\/softymed.ch\/it\/wp-json\/wp\/v2\/marque?post=2956"}],"curies":[{"name":"wp","href":"https:\/\/api.w.org\/{rel}","templated":true}]}}