{"id":2951,"date":"2023-12-19T17:07:43","date_gmt":"2023-12-19T16:07:43","guid":{"rendered":"https:\/\/softymed.ch\/boutique\/non%20class\u00e9\/pur-zellin\/"},"modified":"2026-04-07T12:14:46","modified_gmt":"2026-04-07T10:14:46","slug":"zellin-puro","status":"publish","type":"product","link":"https:\/\/softymed.ch\/it\/boutique\/hygiene-desinfection\/desinfection-peau\/pur-zellin\/","title":{"rendered":"Pur-Zellin\u00ae"},"content":{"rendered":"<p>Les tampons Pur-Zellin\u00ae non st\u00e9riles et pr\u00eats \u00e0 l\u2019emploi sont en pure cellulose blanchie. Ils n\u2019engendrent aucune poussi\u00e8re ni abrasion.<\/p>\n<p>Les tampons en cellulose Pur-Zellin\u00ae permettent de nettoyer la peau et de d\u00e9sinfecter localement. Ils sont \u00e9galement utilis\u00e9s comme tampons absorbants pour les blessures superficielles et poss\u00e8dent diverses applications en laboratoire.<\/p>\n<p><strong>Caratteristiche<\/strong><br \/>\n-Rotolo di cuscinetti di cellulosa<br \/>\n-Non-st\u00e9riles<br \/>\n-Mantenere la forma<br \/>\n-Pas de poussi\u00e8re<br \/>\nNon abrasivo<br \/>\n-Cellulosa sbiancata<br \/>\n-1 x 500 pi\u00e8ces<\/p>","protected":false},"excerpt":{"rendered":"<p>Tamponi piatti assorbenti non sterili<\/p>","protected":false},"featured_media":2501,"template":"","meta":{"_acf_changed":false,"_seopress_robots_primary_cat":"none","_seopress_titles_title":"","_seopress_titles_desc":"","_seopress_robots_index":""},"product_brand":[],"product_cat":[129,127,288,133,138,142,137,136,104],"product_tag":[347],"categorie_principale":[32,31,27,28,29],"marque":[107],"class_list":{"0":"post-2951","1":"product","2":"type-product","3":"status-publish","4":"has-post-thumbnail","6":"product_cat-desinfection-peau","7":"product_cat-hygiene-desinfection","8":"product_cat-liste-additionnelle","9":"product_cat-perfusion-injection","10":"product_cat-prelevement-capillaire","11":"product_cat-prelevement-special","12":"product_cat-prelevement-veineux","13":"product_cat-prelevements","14":"product_cat-soin-des-plaies","15":"product_tag-best-seller","16":"categorie_principale-cardiologie","17":"categorie_principale-gynecologie","18":"categorie_principale-laboratoire","19":"categorie_principale-medecine-generale","20":"categorie_principale-permanence-hopital","21":"marque-hartmann","23":"first","24":"instock","25":"taxable","26":"shipping-taxable","27":"purchasable","28":"product-type-simple"},"supplier_id":null,"supplier_sku":"","atum_controlled":true,"out_stock_date":null,"out_stock_threshold":null,"inheritable":false,"inbound_stock":null,"stock_on_hold":0,"sold_today":0,"sales_last_days":65,"reserved_stock":null,"customer_returns":null,"warehouse_damage":null,"lost_in_post":null,"other_logs":null,"out_stock_days":0,"lost_sales":0,"has_location":true,"update_date":"2026-04-08T00:04:01","atum_locations":[{"id":373,"name":"Officine","slug":"officine"}],"atum_stock_status":"instock","restock_status":false,"low_stock_amount":"","sales_update_date":"2026-04-08T00:04:01","calc_backorders":null,"acf":[],"_links":{"self":[{"href":"https:\/\/softymed.ch\/it\/wp-json\/wp\/v2\/product\/2951","targetHints":{"allow":["GET"]}}],"collection":[{"href":"https:\/\/softymed.ch\/it\/wp-json\/wp\/v2\/product"}],"about":[{"href":"https:\/\/softymed.ch\/it\/wp-json\/wp\/v2\/types\/product"}],"wp:featuredmedia":[{"embeddable":true,"href":"https:\/\/softymed.ch\/it\/wp-json\/wp\/v2\/media\/2501"}],"wp:attachment":[{"href":"https:\/\/softymed.ch\/it\/wp-json\/wp\/v2\/media?parent=2951"}],"wp:term":[{"taxonomy":"product_brand","embeddable":true,"href":"https:\/\/softymed.ch\/it\/wp-json\/wp\/v2\/product_brand?post=2951"},{"taxonomy":"product_cat","embeddable":true,"href":"https:\/\/softymed.ch\/it\/wp-json\/wp\/v2\/product_cat?post=2951"},{"taxonomy":"product_tag","embeddable":true,"href":"https:\/\/softymed.ch\/it\/wp-json\/wp\/v2\/product_tag?post=2951"},{"taxonomy":"categorie_principale","embeddable":true,"href":"https:\/\/softymed.ch\/it\/wp-json\/wp\/v2\/categorie_principale?post=2951"},{"taxonomy":"marque","embeddable":true,"href":"https:\/\/softymed.ch\/it\/wp-json\/wp\/v2\/marque?post=2951"}],"curies":[{"name":"wp","href":"https:\/\/api.w.org\/{rel}","templated":true}]}}