{"id":2948,"date":"2023-12-19T17:07:43","date_gmt":"2023-12-19T16:07:43","guid":{"rendered":"https:\/\/softymed.ch\/boutique\/non%20class\u00e9\/peha\/"},"modified":"2025-12-05T22:48:30","modified_gmt":"2025-12-05T21:48:30","slug":"peha-doppia-curette","status":"publish","type":"product","link":"https:\/\/softymed.ch\/it\/boutique\/petite-chirurgie-suture\/peha-curette-double\/","title":{"rendered":"Peha\u00ae Doppia curette"},"content":{"rendered":"<p>Les dispositifs Peha\u00ae -instrument sont des instruments \u00e0 usage unique fabriqu\u00e9s en acier inoxydable bross\u00e9 mat de haute qualit\u00e9. La gamme d&rsquo;instruments Peha\u00ae -instrument est livr\u00e9e dans un emballage individuel st\u00e9rile avec une dur\u00e9e de conservation de 5 ans, est toujours pr\u00eate \u00e0 l\u2019emploi et peut \u00eatre utilis\u00e9 pour diverses interventions chirurgicales. En outre, le marquage de s\u00e9curit\u00e9 Peha\u00ae colour lock\u00ae permet une diff\u00e9renciation rapide et fiable des instruments \u00e0 usage multiple. En utilisant la gamme Peha\u00ae -instrument, vous simplifiez les processus.<\/p>\n<p>Cette curette est un instrument \u00e0 usage unique Peha\u00ae en acier bross\u00e9. Gr\u00e2ce \u00e0 l\u2019utilisation du m\u00e9tal mat, les reflets sont efficacement \u00e9limin\u00e9s. La curette est pr\u00e9sent\u00e9e dans un emballage st\u00e9rile individuel et a une dur\u00e9e de conservation st\u00e9rile de 5 ans. Par cons\u00e9quent, cette curette est \u00e9conomique, m\u00eame si elle est utilis\u00e9e fr\u00e9quemment.<\/p>\n<p>La curette est un instrument chirurgical principalement utilis\u00e9e pour enlever les tissus, par exemple, en cas de d\u00e9formations pathologiques.<\/p>\n<p><strong>Caratteristiche<\/strong><br \/>\n-Curette<br \/>\n-Version sp\u00e9ciale: Williger<br \/>\n-Lunghezza: 16,5 cm<br \/>\n-Mat\u00e9riau: acier bross\u00e9<br \/>\n-Dur\u00e9e de conservation st\u00e9rile: 5 ans<br \/>\n-Instrument \u00e0 double t\u00eate<br \/>\n-Clairement identifi\u00e9e sur les deux c\u00f4t\u00e9s comme \u00e9tant un instrument \u00e0 usage unique<br \/>\n-Manipulation en toute s\u00e9curit\u00e9 gr\u00e2ce \u00e0 une surface de prise rainur\u00e9e<br \/>\n-Distributeur avec 25 curettes emball\u00e9es individuellement<\/p>","protected":false},"excerpt":{"rendered":"<p>16,5 cm<\/p>","protected":false},"featured_media":2603,"template":"","meta":{"_acf_changed":false,"_seopress_robots_primary_cat":"134","_seopress_titles_title":"","_seopress_titles_desc":"","_seopress_robots_index":""},"product_brand":[],"product_cat":[372,134],"product_tag":[],"categorie_principale":[31,28,29],"marque":[107],"class_list":{"0":"post-2948","1":"product","2":"type-product","3":"status-publish","4":"has-post-thumbnail","6":"product_cat-medicusana","7":"product_cat-petite-chirurgie-suture","8":"categorie_principale-gynecologie","9":"categorie_principale-medecine-generale","10":"categorie_principale-permanence-hopital","11":"marque-hartmann","13":"first","14":"instock","15":"taxable","16":"shipping-taxable","17":"purchasable","18":"product-type-simple"},"supplier_id":null,"supplier_sku":"","atum_controlled":true,"out_stock_date":null,"out_stock_threshold":null,"inheritable":false,"inbound_stock":null,"stock_on_hold":0,"sold_today":0,"sales_last_days":0,"reserved_stock":null,"customer_returns":null,"warehouse_damage":null,"lost_in_post":null,"other_logs":null,"out_stock_days":0,"lost_sales":0,"has_location":true,"update_date":"2026-04-08T00:03:13","atum_locations":[{"id":373,"name":"Officine","slug":"officine"}],"atum_stock_status":"instock","restock_status":false,"low_stock_amount":"","sales_update_date":"2026-04-08T00:03:13","calc_backorders":null,"acf":[],"_links":{"self":[{"href":"https:\/\/softymed.ch\/it\/wp-json\/wp\/v2\/product\/2948","targetHints":{"allow":["GET"]}}],"collection":[{"href":"https:\/\/softymed.ch\/it\/wp-json\/wp\/v2\/product"}],"about":[{"href":"https:\/\/softymed.ch\/it\/wp-json\/wp\/v2\/types\/product"}],"wp:featuredmedia":[{"embeddable":true,"href":"https:\/\/softymed.ch\/it\/wp-json\/wp\/v2\/media\/2603"}],"wp:attachment":[{"href":"https:\/\/softymed.ch\/it\/wp-json\/wp\/v2\/media?parent=2948"}],"wp:term":[{"taxonomy":"product_brand","embeddable":true,"href":"https:\/\/softymed.ch\/it\/wp-json\/wp\/v2\/product_brand?post=2948"},{"taxonomy":"product_cat","embeddable":true,"href":"https:\/\/softymed.ch\/it\/wp-json\/wp\/v2\/product_cat?post=2948"},{"taxonomy":"product_tag","embeddable":true,"href":"https:\/\/softymed.ch\/it\/wp-json\/wp\/v2\/product_tag?post=2948"},{"taxonomy":"categorie_principale","embeddable":true,"href":"https:\/\/softymed.ch\/it\/wp-json\/wp\/v2\/categorie_principale?post=2948"},{"taxonomy":"marque","embeddable":true,"href":"https:\/\/softymed.ch\/it\/wp-json\/wp\/v2\/marque?post=2948"}],"curies":[{"name":"wp","href":"https:\/\/api.w.org\/{rel}","templated":true}]}}