{"id":2940,"date":"2023-12-19T17:07:43","date_gmt":"2023-12-19T16:07:43","guid":{"rendered":"https:\/\/softymed.ch\/boutique\/non%20class\u00e9\/grassolind-neutral\/"},"modified":"2025-12-11T15:15:45","modified_gmt":"2025-12-11T14:15:45","slug":"grassolind-neutro","status":"publish","type":"product","link":"https:\/\/softymed.ch\/it\/boutique\/soin-des-plaies\/pansement\/grassolind-neutral\/","title":{"rendered":"Grassolind\u00ae Neutro"},"content":{"rendered":"<p>Pansement gras neutres pour le traitement des plaies en phase de bourgeonnement et \u00e9pidermisation.<\/p>\n<p><strong>Caratteristiche<\/strong><br \/>\n-Grassolind Neutral est constitu\u00e9 d\u2019un tulle 100% coton, \u00e0 larges mailles impr\u00e9gn\u00e9es d\u2019un excipient neutre<br \/>\n-Cr\u00e9e un milieu humide au contact des exsudats, prot\u00e8ge les berges de la plaie, emp\u00eache la mac\u00e9ration<br \/>\n-Non-adh\u00e9rence \u00e0 la plaie, retrait atraumatique et indolore<br \/>\n-Indiqu\u00e9 dans les plaies aigu\u00ebs et chroniques faiblement \u00e0 mod\u00e9r\u00e9ment exsudatives telles que ulc\u00e8res, escarres, br\u00fblures, dermabrasions, plaies traumatiques<\/p>","protected":false},"excerpt":{"rendered":"<p>Condimento oleoso<\/p>","protected":false},"featured_media":2574,"template":"","meta":{"_acf_changed":false,"_seopress_robots_primary_cat":"","_seopress_titles_title":"","_seopress_titles_desc":"","_seopress_robots_index":""},"product_brand":[],"product_cat":[146,104],"product_tag":[],"categorie_principale":[28,29],"marque":[107],"class_list":{"0":"post-2940","1":"product","2":"type-product","3":"status-publish","4":"has-post-thumbnail","6":"product_cat-pansement","7":"product_cat-soin-des-plaies","8":"categorie_principale-medecine-generale","9":"categorie_principale-permanence-hopital","10":"marque-hartmann","12":"first","13":"instock","14":"taxable","15":"shipping-taxable","16":"purchasable","17":"product-type-simple"},"supplier_id":null,"supplier_sku":"","atum_controlled":true,"out_stock_date":null,"out_stock_threshold":null,"inheritable":false,"inbound_stock":null,"stock_on_hold":0,"sold_today":0,"sales_last_days":0,"reserved_stock":null,"customer_returns":null,"warehouse_damage":null,"lost_in_post":null,"other_logs":null,"out_stock_days":0,"lost_sales":0,"has_location":true,"update_date":"2026-04-08T00:03:13","atum_locations":[{"id":219,"name":"Cubo giallo","slug":"yellow-cube"}],"atum_stock_status":"instock","restock_status":false,"low_stock_amount":"","sales_update_date":"2026-04-08T00:03:13","calc_backorders":null,"acf":[],"_links":{"self":[{"href":"https:\/\/softymed.ch\/it\/wp-json\/wp\/v2\/product\/2940","targetHints":{"allow":["GET"]}}],"collection":[{"href":"https:\/\/softymed.ch\/it\/wp-json\/wp\/v2\/product"}],"about":[{"href":"https:\/\/softymed.ch\/it\/wp-json\/wp\/v2\/types\/product"}],"wp:featuredmedia":[{"embeddable":true,"href":"https:\/\/softymed.ch\/it\/wp-json\/wp\/v2\/media\/2574"}],"wp:attachment":[{"href":"https:\/\/softymed.ch\/it\/wp-json\/wp\/v2\/media?parent=2940"}],"wp:term":[{"taxonomy":"product_brand","embeddable":true,"href":"https:\/\/softymed.ch\/it\/wp-json\/wp\/v2\/product_brand?post=2940"},{"taxonomy":"product_cat","embeddable":true,"href":"https:\/\/softymed.ch\/it\/wp-json\/wp\/v2\/product_cat?post=2940"},{"taxonomy":"product_tag","embeddable":true,"href":"https:\/\/softymed.ch\/it\/wp-json\/wp\/v2\/product_tag?post=2940"},{"taxonomy":"categorie_principale","embeddable":true,"href":"https:\/\/softymed.ch\/it\/wp-json\/wp\/v2\/categorie_principale?post=2940"},{"taxonomy":"marque","embeddable":true,"href":"https:\/\/softymed.ch\/it\/wp-json\/wp\/v2\/marque?post=2940"}],"curies":[{"name":"wp","href":"https:\/\/api.w.org\/{rel}","templated":true}]}}