{"id":2939,"date":"2023-12-28T11:49:20","date_gmt":"2023-12-28T10:49:20","guid":{"rendered":"https:\/\/softymed.ch\/boutique\/non%20class\u00e9\/foliodress-mask-comfort-loop\/"},"modified":"2026-04-07T09:16:55","modified_gmt":"2026-04-07T07:16:55","slug":"anello-di-comfort-per-maschera-foliodress","status":"publish","type":"product","link":"https:\/\/softymed.ch\/it\/boutique\/liste-additionnelle\/foliodress-mask-comfort-loop\/","title":{"rendered":"Maschera Foliodress\u00ae Comfort Loop"},"content":{"rendered":"<p>Les masques chirurgicaux sont utilis\u00e9s \u00e0 usage unique dans toutes les zones chirurgicales, mais aussi dans les unit\u00e9s de soins intensifs et les services de contr\u00f4le des infections, dans les salles d\u2019accouchement et dans les services pour pr\u00e9matur\u00e9s et n\u00e9onatals.<\/p>\n<p><strong>Les masques chirurgicaux sont compos\u00e9s de:<\/strong><br \/>\n-Des tissus non-tiss\u00e9s hypoallerg\u00e9niques et particuli\u00e8rement souples<br \/>\n-Le filtre sp\u00e9cial \u00e0 microbes assure une respiration libre avec une performance optimale du filtre<br \/>\nSenza lattice naturale<br \/>\n-Ont un pince-nez long et int\u00e9gr\u00e9<br \/>\n-Extr\u00eamement durable<br \/>\n-Senza colore<\/p>\n<p><strong>Indicazioni<\/strong><br \/>\n-Convient pour un usage m\u00e9dical et priv\u00e9<br \/>\n-Per la pelle normale<br \/>\n-Id\u00e9al pour utilisation de courte dur\u00e9e, aux urgences et dans les services dentaires<\/p>\n<p><strong>Conseils d\u2019utilisation<\/strong><br \/>\n-Retirer le masque de l\u2019emballage<br \/>\n-Posizionare la maschera sul naso e sulla bocca.<br \/>\n-Attachez les boucles d\u2019oreille derri\u00e8re vos oreilles et appuyez doucement sur l\u2019aile avant pour qu\u2019elle s\u2019ajuste correctement autour de votre nez<\/p>","protected":false},"excerpt":{"rendered":"<p>Maschera chirurgica di tipo IIR<\/p>","protected":false},"featured_media":3553,"template":"","meta":{"_acf_changed":false,"_seopress_robots_primary_cat":"none","_seopress_titles_title":"","_seopress_titles_desc":"","_seopress_robots_index":""},"product_brand":[],"product_cat":[288,176],"product_tag":[],"categorie_principale":[165,32,31,27,106,28,30,29],"marque":[107],"class_list":{"0":"post-2939","1":"product","2":"type-product","3":"status-publish","4":"has-post-thumbnail","6":"product_cat-liste-additionnelle","7":"product_cat-protection-consommable","8":"categorie_principale-autre","9":"categorie_principale-cardiologie","10":"categorie_principale-gynecologie","11":"categorie_principale-laboratoire","12":"categorie_principale-medecine-dentaire","13":"categorie_principale-medecine-generale","14":"categorie_principale-orthopedie","15":"categorie_principale-permanence-hopital","16":"marque-hartmann","18":"first","19":"instock","20":"taxable","21":"shipping-taxable","22":"purchasable","23":"product-type-simple"},"supplier_id":null,"supplier_sku":"","atum_controlled":true,"out_stock_date":null,"out_stock_threshold":null,"inheritable":false,"inbound_stock":0,"stock_on_hold":0,"sold_today":0,"sales_last_days":12,"reserved_stock":0,"customer_returns":0,"warehouse_damage":0,"lost_in_post":0,"other_logs":0,"out_stock_days":0,"lost_sales":0,"has_location":true,"update_date":"2026-04-09T00:04:04","atum_locations":[{"id":373,"name":"Officine","slug":"officine"}],"atum_stock_status":"instock","restock_status":false,"low_stock_amount":"","sales_update_date":"2026-04-09T00:04:04","calc_backorders":null,"acf":[],"_links":{"self":[{"href":"https:\/\/softymed.ch\/it\/wp-json\/wp\/v2\/product\/2939","targetHints":{"allow":["GET"]}}],"collection":[{"href":"https:\/\/softymed.ch\/it\/wp-json\/wp\/v2\/product"}],"about":[{"href":"https:\/\/softymed.ch\/it\/wp-json\/wp\/v2\/types\/product"}],"wp:featuredmedia":[{"embeddable":true,"href":"https:\/\/softymed.ch\/it\/wp-json\/wp\/v2\/media\/3553"}],"wp:attachment":[{"href":"https:\/\/softymed.ch\/it\/wp-json\/wp\/v2\/media?parent=2939"}],"wp:term":[{"taxonomy":"product_brand","embeddable":true,"href":"https:\/\/softymed.ch\/it\/wp-json\/wp\/v2\/product_brand?post=2939"},{"taxonomy":"product_cat","embeddable":true,"href":"https:\/\/softymed.ch\/it\/wp-json\/wp\/v2\/product_cat?post=2939"},{"taxonomy":"product_tag","embeddable":true,"href":"https:\/\/softymed.ch\/it\/wp-json\/wp\/v2\/product_tag?post=2939"},{"taxonomy":"categorie_principale","embeddable":true,"href":"https:\/\/softymed.ch\/it\/wp-json\/wp\/v2\/categorie_principale?post=2939"},{"taxonomy":"marque","embeddable":true,"href":"https:\/\/softymed.ch\/it\/wp-json\/wp\/v2\/marque?post=2939"}],"curies":[{"name":"wp","href":"https:\/\/api.w.org\/{rel}","templated":true}]}}