{"id":2931,"date":"2023-12-19T17:07:36","date_gmt":"2023-12-19T16:07:36","guid":{"rendered":"https:\/\/softymed.ch\/boutique\/non%20class\u00e9\/baktolin-sensitive-2\/"},"modified":"2026-03-10T18:10:28","modified_gmt":"2026-03-10T17:10:28","slug":"baktolina-sensibile","status":"publish","type":"product","link":"https:\/\/softymed.ch\/it\/boutique\/hygiene-desinfection\/desinfection-peau\/baktolin-sensitive\/","title":{"rendered":"Baktolin\u00ae sensibile"},"content":{"rendered":"<p>Baktolin\u00ae sensitive est une lotion de lavage de qualit\u00e9 particuli\u00e8rement \u00e9lev\u00e9e pour les mains et la peau. Elle nettoie tout en douceur et convient donc tout sp\u00e9cialement aux peaux tr\u00e8s stress\u00e9es et sensibles. Les agents de conditionnement doux soutiennent efficacement la r\u00e9g\u00e9n\u00e9ration de la peau. Baktolin\u00ae sensitive est particuli\u00e8rement adapt\u00e9e au nettoyage des mains avant une chirurgie et apr\u00e8s une d\u00e9sinfection hygi\u00e9nique des mains.<\/p>\n<p><strong>Caratteristiche<\/strong><br \/>\n-Nettoyage doux avec substances hydratantes et nutritives sp\u00e9ciales<br \/>\n-Tr\u00e8s bien tol\u00e9r\u00e9e en usage conjoint avec des d\u00e9sinfectants pour les mains \u00e0 base d\u2019alcool<br \/>\n-Le bisabolol et l\u2019hamam\u00e9lis apaisent les irritations et les inflammations cutan\u00e9es<br \/>\n-L\u2019ur\u00e9e nourrit la peau et laisse une sensation de souplesse<br \/>\n-PH neutro per la pelle, valore di circa 5,5<br \/>\n-Senza alcali e saponi, pigmenti e coloranti.<br \/>\n-Una fragranza delicata<br \/>\n-Adatto alla pulizia di mani, doccia, corpo e capelli<\/p>","protected":false},"excerpt":{"rendered":"<p>Lozione lavante delicata<\/p>","protected":false},"featured_media":2600,"template":"","meta":{"_acf_changed":false,"_seopress_robots_primary_cat":"none","_seopress_titles_title":"","_seopress_titles_desc":"","_seopress_robots_index":""},"product_brand":[],"product_cat":[129,127,288],"product_tag":[],"categorie_principale":[165,32,31,27,106,28,30,29],"marque":[107],"class_list":{"0":"post-2931","1":"product","2":"type-product","3":"status-publish","4":"has-post-thumbnail","6":"product_cat-desinfection-peau","7":"product_cat-hygiene-desinfection","8":"product_cat-liste-additionnelle","9":"categorie_principale-autre","10":"categorie_principale-cardiologie","11":"categorie_principale-gynecologie","12":"categorie_principale-laboratoire","13":"categorie_principale-medecine-dentaire","14":"categorie_principale-medecine-generale","15":"categorie_principale-orthopedie","16":"categorie_principale-permanence-hopital","17":"marque-hartmann","19":"first","20":"instock","21":"taxable","22":"shipping-taxable","23":"purchasable","24":"product-type-simple"},"supplier_id":null,"supplier_sku":"","atum_controlled":true,"out_stock_date":null,"out_stock_threshold":null,"inheritable":false,"inbound_stock":null,"stock_on_hold":0,"sold_today":0,"sales_last_days":0,"reserved_stock":null,"customer_returns":null,"warehouse_damage":null,"lost_in_post":null,"other_logs":null,"out_stock_days":0,"lost_sales":0,"has_location":true,"update_date":"2026-04-08T00:03:37","atum_locations":[{"id":219,"name":"Cubo giallo","slug":"yellow-cube"}],"atum_stock_status":"instock","restock_status":false,"low_stock_amount":"","sales_update_date":"2026-04-08T00:03:37","calc_backorders":null,"acf":[],"_links":{"self":[{"href":"https:\/\/softymed.ch\/it\/wp-json\/wp\/v2\/product\/2931","targetHints":{"allow":["GET"]}}],"collection":[{"href":"https:\/\/softymed.ch\/it\/wp-json\/wp\/v2\/product"}],"about":[{"href":"https:\/\/softymed.ch\/it\/wp-json\/wp\/v2\/types\/product"}],"wp:featuredmedia":[{"embeddable":true,"href":"https:\/\/softymed.ch\/it\/wp-json\/wp\/v2\/media\/2600"}],"wp:attachment":[{"href":"https:\/\/softymed.ch\/it\/wp-json\/wp\/v2\/media?parent=2931"}],"wp:term":[{"taxonomy":"product_brand","embeddable":true,"href":"https:\/\/softymed.ch\/it\/wp-json\/wp\/v2\/product_brand?post=2931"},{"taxonomy":"product_cat","embeddable":true,"href":"https:\/\/softymed.ch\/it\/wp-json\/wp\/v2\/product_cat?post=2931"},{"taxonomy":"product_tag","embeddable":true,"href":"https:\/\/softymed.ch\/it\/wp-json\/wp\/v2\/product_tag?post=2931"},{"taxonomy":"categorie_principale","embeddable":true,"href":"https:\/\/softymed.ch\/it\/wp-json\/wp\/v2\/categorie_principale?post=2931"},{"taxonomy":"marque","embeddable":true,"href":"https:\/\/softymed.ch\/it\/wp-json\/wp\/v2\/marque?post=2931"}],"curies":[{"name":"wp","href":"https:\/\/api.w.org\/{rel}","templated":true}]}}