{"id":2919,"date":"2023-12-28T11:49:19","date_gmt":"2023-12-28T10:49:19","guid":{"rendered":"https:\/\/softymed.ch\/boutique\/non%20class\u00e9\/ecg-contec-600g\/"},"modified":"2024-05-15T16:44:53","modified_gmt":"2024-05-15T14:44:53","slug":"ecg-contec-600g","status":"publish","type":"product","link":"https:\/\/softymed.ch\/it\/boutique\/appareils-equipements\/echographie-ecg-electrodes\/ecg-contec-600g\/","title":{"rendered":"ECG Contec 600G"},"content":{"rendered":"<p>L\u2019ECG Contec 600 G est un \u00e9lectrocardiographe 6 pistes permettant l\u2019enregistrement d\u2019ECG en mode automatique ou manuel avec calcul des param\u00e8tres et interpr\u00e9tations. Il int\u00e8gre une m\u00e9moire interne qui permet l\u2019enregistrement et le stockage de plus de 1&rsquo;000 r\u00e9sultats.<\/p>\n<p>L\u2019appareil est \u00e9quip\u00e9 d\u2019un \u00e9cran LCD couleur tactile de 7 pouces et d\u2019une imprimante thermique. Il fonctionne sur batterie pour une utilisation mobile.<\/p>\n<p>Il dispose \u00e9galement d\u2019un syst\u00e8me de gestions des dossiers patients (identifiant, nom, \u00e2ge, sexe, taille, poids, sys\/dia.). L\u2019utilisateur peut ainsi s\u00e9lectionner et revisionner l\u2019ECG souhait\u00e9 en utilisant la fonction \u201cRevoir\u201d.<\/p>\n<p><strong>Caratteristiche<\/strong><br \/>\n-Peso: 1,7 kg<br \/>\n-Dimensioni: 31,5 x 21,5 x 9,2 cm<br \/>\n-Alimentation: secteur 220V\/110V \u2013 50\/60 Hz<br \/>\n-Batterie lithium rechargeable 7,4V \u2013 3700 mAh<br \/>\n-Autonomia: 90 min. o 150 ECG<br \/>\n-Syst\u00e8me d\u2019\u00e9criture: imprimante thermique<br \/>\n-Carta in rotoli, larghezza 110 mm x lunghezza 20 m<br \/>\n-\u00c9cran LCD TFT couleur 7\u201d (800\u00d7480)<br \/>\n-Modes d\u2019enregistrements des ECG manuel et automatique<br \/>\n-Enregistrement des 12 d\u00e9rivations simultan\u00e9ment<br \/>\n-M\u00e9moire: 1&rsquo;000 enregistrements.<br \/>\n-Vitesse d\u2019enregistrement en manuel: 5 mm\/s, 6,25 mm\/s, 10 mm\/s, 12,5 mm\/s, 25 mm\/s, 50 mm\/s<br \/>\n-Vitesse d\u2019enregistrement automatique: 25 mm\/s, 50 mm\/s<br \/>\n-Sensibilit\u00e9 d\u2019enregistrement: 5 mm\/mV, 10 mm\/mV, 20 mm\/mV, 40 mm\/mV<br \/>\n-Calcul des param\u00e8tres<br \/>\n-Analyse et interpr\u00e9tation des ECG<\/p>\n<p><strong>Filtri<\/strong><br \/>\nFiltre CA (supprime l\u2019interf\u00e9rence du courant alternatif ): on \/ off<br \/>\nFiltre EMG (supprime les perturbations provoqu\u00e9es par les tremblements musculaires): on \/ off<br \/>\nFiltre DFT (filtre anti-d\u00e9rive de la ligne de base): on \/ off<\/p>\n<p><strong>Contenuto<\/strong><br \/>\n-1 c\u00e2ble patient 10 fils \u00e0 fiche banane<br \/>\n-6 \u00e9lectrodes pr\u00e9cordiales<br \/>\n-4 morsetti per arti<br \/>\n-1 rotolo di carta<br \/>\n-1 batteria ricaricabile<br \/>\n-1 c\u00e2ble d\u2019alimentation<br \/>\n-1 c\u00e2ble de mise \u00e0 la terre<br \/>\n-1 manuel d\u2019utilisation<\/p>\n<p><strong>Garanzia:<\/strong> 1 anno.<br \/>\nLa garantie ne concerne pas le c\u00e2ble patient les accessoires et les accus.<\/p>","protected":false},"excerpt":{"rendered":"<p>6 tracce con monitor da 7<\/p>","protected":false},"featured_media":3531,"template":"","meta":{"_acf_changed":false,"_seopress_robots_primary_cat":"","_seopress_titles_title":"","_seopress_titles_desc":"","_seopress_robots_index":""},"product_brand":[],"product_cat":[163,122,164],"product_tag":[],"categorie_principale":[28,29],"marque":[222],"class_list":{"0":"post-2919","1":"product","2":"type-product","3":"status-publish","4":"has-post-thumbnail","6":"product_cat-appareils-equipements","7":"product_cat-auscultation-diagnostic","8":"product_cat-echographie-ecg-electrodes","9":"categorie_principale-medecine-generale","10":"categorie_principale-permanence-hopital","11":"marque-contec-medical-systems","13":"first","14":"instock","15":"taxable","16":"shipping-taxable","17":"purchasable","18":"product-type-simple"},"supplier_id":null,"supplier_sku":"","atum_controlled":true,"out_stock_date":null,"out_stock_threshold":null,"inheritable":false,"inbound_stock":0,"stock_on_hold":0,"sold_today":0,"sales_last_days":0,"reserved_stock":0,"customer_returns":0,"warehouse_damage":0,"lost_in_post":0,"other_logs":0,"out_stock_days":0,"lost_sales":0,"has_location":true,"update_date":"2026-04-08T00:03:12","atum_locations":[{"id":219,"name":"Cubo giallo","slug":"yellow-cube"}],"atum_stock_status":"instock","restock_status":false,"low_stock_amount":"","sales_update_date":"2026-04-08T00:03:12","calc_backorders":null,"acf":[],"_links":{"self":[{"href":"https:\/\/softymed.ch\/it\/wp-json\/wp\/v2\/product\/2919","targetHints":{"allow":["GET"]}}],"collection":[{"href":"https:\/\/softymed.ch\/it\/wp-json\/wp\/v2\/product"}],"about":[{"href":"https:\/\/softymed.ch\/it\/wp-json\/wp\/v2\/types\/product"}],"wp:featuredmedia":[{"embeddable":true,"href":"https:\/\/softymed.ch\/it\/wp-json\/wp\/v2\/media\/3531"}],"wp:attachment":[{"href":"https:\/\/softymed.ch\/it\/wp-json\/wp\/v2\/media?parent=2919"}],"wp:term":[{"taxonomy":"product_brand","embeddable":true,"href":"https:\/\/softymed.ch\/it\/wp-json\/wp\/v2\/product_brand?post=2919"},{"taxonomy":"product_cat","embeddable":true,"href":"https:\/\/softymed.ch\/it\/wp-json\/wp\/v2\/product_cat?post=2919"},{"taxonomy":"product_tag","embeddable":true,"href":"https:\/\/softymed.ch\/it\/wp-json\/wp\/v2\/product_tag?post=2919"},{"taxonomy":"categorie_principale","embeddable":true,"href":"https:\/\/softymed.ch\/it\/wp-json\/wp\/v2\/categorie_principale?post=2919"},{"taxonomy":"marque","embeddable":true,"href":"https:\/\/softymed.ch\/it\/wp-json\/wp\/v2\/marque?post=2919"}],"curies":[{"name":"wp","href":"https:\/\/api.w.org\/{rel}","templated":true}]}}