{"id":2917,"date":"2023-12-28T11:49:19","date_gmt":"2023-12-28T10:49:19","guid":{"rendered":"https:\/\/softymed.ch\/boutique\/non%20class\u00e9\/ecg-contec-1200g\/"},"modified":"2025-10-31T16:56:26","modified_gmt":"2025-10-31T15:56:26","slug":"ecg-contec-1200g","status":"publish","type":"product","link":"https:\/\/softymed.ch\/it\/boutique\/appareils-equipements\/echographie-ecg-electrodes\/ecg-contec-1200g\/","title":{"rendered":"ECG Contec 1200G"},"content":{"rendered":"<p>Le dispositif EKG Contec 1200G est un appareil ECG \u00e0 12 d\u00e9rivations avec analyse et interpr\u00e9tation automatiques.<\/p>\n<p><strong>Cet appareil ECG propose diff\u00e9rents modes d\u2019enregistrement:<\/strong><br \/>\n-Enregistrement automatique: param\u00e8tres d\u2019enregistrement en fonction du format et du mode d\u2019enregistrement automatique, modification automatique des d\u00e9rivations, mesure et analyse<br \/>\n-Enregistrement rythmique: configuration de l\u2019enregistrement en fonction du format et du mode d\u2019enregistrement rythmique, mesure et analyse automatiques<br \/>\n-Enregistrement manuel: param\u00e8tres d\u2019enregistrement en fonction du format d\u2019enregistrement manuel, modification manuelle des d\u00e9rivations<\/p>\n<p><strong>Caratteristiche<\/strong><br \/>\n-\u00c9cran LED en couleur TFT, 8 \u201d: 800 x 600 dots<br \/>\n-Haute r\u00e9solution<br \/>\n-R\u00e9tro-\u00e9clairage LED<br \/>\n-Acquisition et affichage simultan\u00e9s de 12 d\u00e9rivations<br \/>\n-Affichage et impression multimode: 12, 6 + 1 (rythme), 6, rythme 12, rythme 10, rythme 8, rythme 6. Manuel, Freeze, \u2026<br \/>\n-Analyse automatique et interpr\u00e9tative automatique<br \/>\n-Technologie de signal num\u00e9rique, filtre CA, filtre de ligne de base, filtre EMG<br \/>\n-Syst\u00e8me d\u2019impression thermique: sensibilit\u00e9: 2,5, 5, 10, 20, 40 mm \/ mV, vitesse du papier<br \/>\n-Enregistrement automatique et rythmique: 25, 50 mm \/ s, \u00b1 5%<br \/>\n-Enregistrement manuel: 5, 6.25, 10, 12.5, 25, 50 mm \/ s, \u00b1 5%<br \/>\n-M\u00e9moire flash int\u00e9gr\u00e9e<br \/>\n-&gt; salva oltre 1.000 file<br \/>\n-Connessione USB e LAN<br \/>\n-&gt; transfert de donn\u00e9es vers un PC<\/p>\n<p><strong>Sp\u00e9cifications techniques du dispositif ECG Contec 1200G<\/strong><br \/>\n-Carta termica: 210 mm x 20 m<br \/>\n-Plage de fr\u00e9quences: 0,05 \u2013 150 Hz (-3 \u2013 + 0,4 dB)<br \/>\n-Costante di tempo: = 3,2 s<br \/>\n-Filtre interf\u00e9rentiel EMG: 25\/35 Hz (-3 dB)<br \/>\n-AC: 100-240 V, 50\/60 Hz<br \/>\n-S\u00e9curit\u00e9: Classe I<\/p>\n<p><strong>Contenuto<\/strong><br \/>\n-1 jeu de c\u00e2ble ECG<br \/>\n-1 jeu d\u2019\u00e9lectrodes de poitrine<br \/>\n-1 jeu de pince-\u00e9lectrode de membre<br \/>\n-1 c\u00e2ble de terre<br \/>\n-Connexion \u00e9lectrique<br \/>\n-1 rotolo di carta<br \/>\n-Connessione USB<br \/>\n-Software per PC<\/p>\n<p><strong>Cibo:<\/strong> batteria al litio ricaricabile<br \/>\nDimensioni: 334 x 320 x 85 mm<\/p>\n<p><strong>Garanzia<\/strong>1 anno.<br \/>\nLa garantie ne concerne pas le c\u00e2ble patient les accessoires et les accus.<\/p>","protected":false},"excerpt":{"rendered":"<p>12 tracce con istruttore 8 \"<\/p>","protected":false},"featured_media":3535,"template":"","meta":{"_acf_changed":false,"_seopress_robots_primary_cat":"","_seopress_titles_title":"","_seopress_titles_desc":"","_seopress_robots_index":""},"product_brand":[],"product_cat":[163,122,164],"product_tag":[],"categorie_principale":[28,29],"marque":[222],"class_list":{"0":"post-2917","1":"product","2":"type-product","3":"status-publish","4":"has-post-thumbnail","6":"product_cat-appareils-equipements","7":"product_cat-auscultation-diagnostic","8":"product_cat-echographie-ecg-electrodes","9":"categorie_principale-medecine-generale","10":"categorie_principale-permanence-hopital","11":"marque-contec-medical-systems","13":"first","14":"instock","15":"taxable","16":"shipping-taxable","17":"purchasable","18":"product-type-simple"},"supplier_id":null,"supplier_sku":"","atum_controlled":true,"out_stock_date":null,"out_stock_threshold":null,"inheritable":false,"inbound_stock":0,"stock_on_hold":0,"sold_today":0,"sales_last_days":0,"reserved_stock":0,"customer_returns":0,"warehouse_damage":0,"lost_in_post":0,"other_logs":0,"out_stock_days":0,"lost_sales":0,"has_location":true,"update_date":"2026-04-08T00:03:12","atum_locations":[{"id":219,"name":"Cubo giallo","slug":"yellow-cube"}],"atum_stock_status":"instock","restock_status":false,"low_stock_amount":"","sales_update_date":"2026-04-08T00:03:12","calc_backorders":null,"acf":[],"_links":{"self":[{"href":"https:\/\/softymed.ch\/it\/wp-json\/wp\/v2\/product\/2917","targetHints":{"allow":["GET"]}}],"collection":[{"href":"https:\/\/softymed.ch\/it\/wp-json\/wp\/v2\/product"}],"about":[{"href":"https:\/\/softymed.ch\/it\/wp-json\/wp\/v2\/types\/product"}],"wp:featuredmedia":[{"embeddable":true,"href":"https:\/\/softymed.ch\/it\/wp-json\/wp\/v2\/media\/3535"}],"wp:attachment":[{"href":"https:\/\/softymed.ch\/it\/wp-json\/wp\/v2\/media?parent=2917"}],"wp:term":[{"taxonomy":"product_brand","embeddable":true,"href":"https:\/\/softymed.ch\/it\/wp-json\/wp\/v2\/product_brand?post=2917"},{"taxonomy":"product_cat","embeddable":true,"href":"https:\/\/softymed.ch\/it\/wp-json\/wp\/v2\/product_cat?post=2917"},{"taxonomy":"product_tag","embeddable":true,"href":"https:\/\/softymed.ch\/it\/wp-json\/wp\/v2\/product_tag?post=2917"},{"taxonomy":"categorie_principale","embeddable":true,"href":"https:\/\/softymed.ch\/it\/wp-json\/wp\/v2\/categorie_principale?post=2917"},{"taxonomy":"marque","embeddable":true,"href":"https:\/\/softymed.ch\/it\/wp-json\/wp\/v2\/marque?post=2917"}],"curies":[{"name":"wp","href":"https:\/\/api.w.org\/{rel}","templated":true}]}}