{"id":2915,"date":"2023-12-19T17:07:29","date_gmt":"2023-12-19T16:07:29","guid":{"rendered":"https:\/\/softymed.ch\/boutique\/non%20class\u00e9\/lingettes-desinfectantes-de-surface\/"},"modified":"2026-04-08T16:45:54","modified_gmt":"2026-04-08T14:45:54","slug":"salviette-disinfettanti-per-superfici","status":"publish","type":"product","link":"https:\/\/softymed.ch\/it\/boutique\/hygiene-desinfection\/desinfection-surface\/lingettes-desinfectantes-de-surface\/","title":{"rendered":"Salviette disinfettanti per superfici"},"content":{"rendered":"<p><strong>Applicazione<\/strong><br \/>\n-Lingettes pour la d\u00e9sinfection rapide de petit mat\u00e9riel m\u00e9dical r\u00e9sistant \u00e0 l\u2019alcool ainsi que toutes surfaces tels que WC, t\u00e9l\u00e9phones, point de contact, couverts, verres, assiettes, tables, robinets, et \u00e9quipements non-invasifs<br \/>\n-Imbib\u00e9es de Steripro C, elles sont efficaces contre les bact\u00e9ries standards, les mycobact\u00e9ries, les champignons (Candida albicans), virus grippaux<br \/>\n-Humecter l\u2019ensemble de la surface \u00e0 d\u00e9sinfecter. Utiliser une lingette d\u00e9sinfectante pour une surface de 0,5 m x 0,5 m en laissant agir une minute<\/p>\n<p><strong>Vantaggi<\/strong><br \/>\n-Lingettes pr\u00eates \u00e0 l\u2019emploi<br \/>\n-D\u00e9sinfection rapide et efficace<br \/>\n-Grand spectre d\u2019activit\u00e9: Bact\u00e9ricide, Fongicide, Mycobact\u00e9ricide, Virucide<br \/>\n-S\u00e9chage rapide<br \/>\n-Adapt\u00e9 en milieu m\u00e9dical et pour les zones alimentaires<br \/>\n-Tr\u00e8s bonne compatibilit\u00e9 avec les mat\u00e9riaux<br \/>\n-Non ingiallisce le superfici<br \/>\n-Couvercle refermable \u00e9vitant la contamination et l\u2019\u00e9vaporation de la solution<\/p>\n<p><strong>Composizione<\/strong><br \/>\n-Etanolo: 71,25%<br \/>\n-Isopropanolo: 3,75%<\/p>\n<p><strong>Particularit\u00e9s<\/strong><br \/>\nSenza profumo<br \/>\n-PH neutro<br \/>\n-Compos\u00e9 alcoolique naturel exempt d\u2019ald\u00e9hydes et amines<br \/>\n-Uso manuale, per sfregamento<\/p>\n<p><strong>Spectre d&rsquo;activit\u00e9 et temps de contact<\/strong><br \/>\n-Bact\u00e9ricide (bact\u00e9ries standards): 30 secondes<br \/>\n-Fungicida (lievito): 30 secondi<br \/>\n-Mycobact\u00e9ricide: 60 secondes<br \/>\n-Virucide (virus dell'influenza): 30 secondi<\/p>","protected":false},"excerpt":{"rendered":"<p>Salviette Steriwipes C<\/p>","protected":false},"featured_media":2485,"template":"","meta":{"_acf_changed":false,"_seopress_robots_primary_cat":"none","_seopress_titles_title":"","_seopress_titles_desc":"","_seopress_robots_index":""},"product_brand":[],"product_cat":[128,127],"product_tag":[],"categorie_principale":[32,31,27,106,28,29],"marque":[178],"class_list":{"0":"post-2915","1":"product","2":"type-product","3":"status-publish","4":"has-post-thumbnail","6":"product_cat-desinfection-surface","7":"product_cat-hygiene-desinfection","8":"categorie_principale-cardiologie","9":"categorie_principale-gynecologie","10":"categorie_principale-laboratoire","11":"categorie_principale-medecine-dentaire","12":"categorie_principale-medecine-generale","13":"categorie_principale-permanence-hopital","14":"marque-cleanplanet","16":"first","17":"instock","18":"taxable","19":"shipping-taxable","20":"purchasable","21":"product-type-simple"},"supplier_id":null,"supplier_sku":"","atum_controlled":true,"out_stock_date":null,"out_stock_threshold":null,"inheritable":false,"inbound_stock":null,"stock_on_hold":0,"sold_today":0,"sales_last_days":5,"reserved_stock":null,"customer_returns":null,"warehouse_damage":null,"lost_in_post":null,"other_logs":null,"out_stock_days":0,"lost_sales":0,"has_location":true,"update_date":"2026-04-09T00:04:04","atum_locations":[{"id":373,"name":"Officine","slug":"officine"}],"atum_stock_status":"instock","restock_status":false,"low_stock_amount":"","sales_update_date":"2026-04-09T00:04:04","calc_backorders":null,"acf":[],"_links":{"self":[{"href":"https:\/\/softymed.ch\/it\/wp-json\/wp\/v2\/product\/2915","targetHints":{"allow":["GET"]}}],"collection":[{"href":"https:\/\/softymed.ch\/it\/wp-json\/wp\/v2\/product"}],"about":[{"href":"https:\/\/softymed.ch\/it\/wp-json\/wp\/v2\/types\/product"}],"wp:featuredmedia":[{"embeddable":true,"href":"https:\/\/softymed.ch\/it\/wp-json\/wp\/v2\/media\/2485"}],"wp:attachment":[{"href":"https:\/\/softymed.ch\/it\/wp-json\/wp\/v2\/media?parent=2915"}],"wp:term":[{"taxonomy":"product_brand","embeddable":true,"href":"https:\/\/softymed.ch\/it\/wp-json\/wp\/v2\/product_brand?post=2915"},{"taxonomy":"product_cat","embeddable":true,"href":"https:\/\/softymed.ch\/it\/wp-json\/wp\/v2\/product_cat?post=2915"},{"taxonomy":"product_tag","embeddable":true,"href":"https:\/\/softymed.ch\/it\/wp-json\/wp\/v2\/product_tag?post=2915"},{"taxonomy":"categorie_principale","embeddable":true,"href":"https:\/\/softymed.ch\/it\/wp-json\/wp\/v2\/categorie_principale?post=2915"},{"taxonomy":"marque","embeddable":true,"href":"https:\/\/softymed.ch\/it\/wp-json\/wp\/v2\/marque?post=2915"}],"curies":[{"name":"wp","href":"https:\/\/api.w.org\/{rel}","templated":true}]}}