{"id":2910,"date":"2023-12-19T17:07:29","date_gmt":"2023-12-19T16:07:29","guid":{"rendered":"https:\/\/softymed.ch\/boutique\/non%20class\u00e9\/garrot-a-usage-unique\/"},"modified":"2025-09-22T15:53:27","modified_gmt":"2025-09-22T13:53:27","slug":"laccio-emostatico-monouso","status":"publish","type":"product","link":"https:\/\/softymed.ch\/it\/boutique\/prelevements\/prelevement-veineux\/garrot-a-usage-unique\/","title":{"rendered":"Laccio emostatico monouso"},"content":{"rendered":"<p><strong>Caratteristiche<\/strong><br \/>\n-Compression externe du syst\u00e8me circulatoire lors du pr\u00e9l\u00e8vement sanguin<br \/>\n-Morbido: non pizzica, non irrita e non ferisce la pelle.<br \/>\n-Hygi\u00e9nique: prot\u00e8ge de la transmission des germes et contre les contaminations crois\u00e9es et r\u00e9duit le risque d&rsquo;infection nocosomiale comme le SARM et soutient les standards d&rsquo;hygi\u00e8ne du personnel<br \/>\n-Renforce les standards en mati\u00e8re d\u2019hygi\u00e8ne pour le personnel<br \/>\n-Pas de nettoyage ou de d\u00e9sinfection co\u00fbteux<br \/>\n-Simple: facile \u00e0 mettre et \u00e0 enlever gr\u00e2ce \u00e0 son mini-scratch<br \/>\n-S\u00fbre: offre un serrage optimal et fiable gr\u00e2ce \u00e0 sa bande \u00e9lastique<br \/>\n-Uso singolo: s\u00ec<br \/>\n-Mati\u00e8re bande: \u00e9lastom\u00e8re<br \/>\n-Niveau de st\u00e9rilit\u00e9: non-st\u00e9rile<br \/>\n-Latex: no<br \/>\n-Autoclavabile: no<\/p>","protected":false},"excerpt":{"rendered":"<p>In confezione dispenser<\/p>","protected":false},"featured_media":2710,"template":"","meta":{"_acf_changed":false,"_seopress_robots_primary_cat":"none","_seopress_titles_title":"","_seopress_titles_desc":"","_seopress_robots_index":""},"product_brand":[],"product_cat":[288,137,136],"product_tag":[344],"categorie_principale":[31,27,28,29],"marque":[175],"class_list":{"0":"post-2910","1":"product","2":"type-product","3":"status-publish","4":"has-post-thumbnail","6":"product_cat-liste-additionnelle","7":"product_cat-prelevement-veineux","8":"product_cat-prelevements","9":"product_tag-destockage","10":"categorie_principale-gynecologie","11":"categorie_principale-laboratoire","12":"categorie_principale-medecine-generale","13":"categorie_principale-permanence-hopital","14":"marque-cbc-vecos","16":"first","17":"instock","18":"sale","19":"taxable","20":"shipping-taxable","21":"purchasable","22":"product-type-simple"},"supplier_id":null,"supplier_sku":"","atum_controlled":true,"out_stock_date":null,"out_stock_threshold":null,"inheritable":false,"inbound_stock":null,"stock_on_hold":0,"sold_today":0,"sales_last_days":0,"reserved_stock":null,"customer_returns":null,"warehouse_damage":null,"lost_in_post":null,"other_logs":null,"out_stock_days":0,"lost_sales":0,"has_location":true,"update_date":"2026-04-09T00:03:13","atum_locations":[{"id":219,"name":"Cubo giallo","slug":"yellow-cube"}],"atum_stock_status":"instock","restock_status":false,"low_stock_amount":"","sales_update_date":"2026-04-09T00:03:13","calc_backorders":null,"acf":[],"_links":{"self":[{"href":"https:\/\/softymed.ch\/it\/wp-json\/wp\/v2\/product\/2910","targetHints":{"allow":["GET"]}}],"collection":[{"href":"https:\/\/softymed.ch\/it\/wp-json\/wp\/v2\/product"}],"about":[{"href":"https:\/\/softymed.ch\/it\/wp-json\/wp\/v2\/types\/product"}],"wp:featuredmedia":[{"embeddable":true,"href":"https:\/\/softymed.ch\/it\/wp-json\/wp\/v2\/media\/2710"}],"wp:attachment":[{"href":"https:\/\/softymed.ch\/it\/wp-json\/wp\/v2\/media?parent=2910"}],"wp:term":[{"taxonomy":"product_brand","embeddable":true,"href":"https:\/\/softymed.ch\/it\/wp-json\/wp\/v2\/product_brand?post=2910"},{"taxonomy":"product_cat","embeddable":true,"href":"https:\/\/softymed.ch\/it\/wp-json\/wp\/v2\/product_cat?post=2910"},{"taxonomy":"product_tag","embeddable":true,"href":"https:\/\/softymed.ch\/it\/wp-json\/wp\/v2\/product_tag?post=2910"},{"taxonomy":"categorie_principale","embeddable":true,"href":"https:\/\/softymed.ch\/it\/wp-json\/wp\/v2\/categorie_principale?post=2910"},{"taxonomy":"marque","embeddable":true,"href":"https:\/\/softymed.ch\/it\/wp-json\/wp\/v2\/marque?post=2910"}],"curies":[{"name":"wp","href":"https:\/\/api.w.org\/{rel}","templated":true}]}}