{"id":2898,"date":"2023-12-19T17:07:21","date_gmt":"2023-12-19T16:07:21","guid":{"rendered":"https:\/\/softymed.ch\/boutique\/non%20class\u00e9\/bd-vacutainer-heparine-de-lithium-et-separateur-de-plasma\/"},"modified":"2026-03-31T07:48:50","modified_gmt":"2026-03-31T05:48:50","slug":"vacutainer-bd-con-eparina-di-litio-e-separatore-di-plasma","status":"publish","type":"product","link":"https:\/\/softymed.ch\/it\/boutique\/prelevements\/prelevement-veineux\/bd-vacutainer-heparine-de-lithium-et-separateur-de-plasma\/","title":{"rendered":"BD Vacutainer\u00ae separatore di eparina e plasma al litio"},"content":{"rendered":"<p>Tubes h\u00e9parine de lithium et s\u00e9parateur de plasma &#8211; Tubes en polym\u00e8res<br \/>\nFormat 13&#215;100<br \/>\nVuoto 4,5 ml<br \/>\n\u00c9tiquette papier<br \/>\nS\u00e9parateur de plasma: polym\u00e8re acrylique<br \/>\nH\u00e9parine de lithium: 17 U.I. \/ ml<br \/>\nTubi in PET<\/p>","protected":false},"excerpt":{"rendered":"<p>Provette BD PST\u2122 II<\/p>","protected":false},"featured_media":2536,"template":"","meta":{"_acf_changed":false,"_seopress_robots_primary_cat":"137","_seopress_titles_title":"","_seopress_titles_desc":"","_seopress_robots_index":""},"product_brand":[],"product_cat":[333,372,137,136],"product_tag":[],"categorie_principale":[31,27,28,29],"marque":[172],"class_list":{"0":"post-2898","1":"product","2":"type-product","3":"status-publish","4":"has-post-thumbnail","6":"product_cat-autre-materiel-de-prelevement-labpoint","7":"product_cat-medicusana","8":"product_cat-prelevement-veineux","9":"product_cat-prelevements","10":"categorie_principale-gynecologie","11":"categorie_principale-laboratoire","12":"categorie_principale-medecine-generale","13":"categorie_principale-permanence-hopital","14":"marque-becton-dickinson","16":"first","17":"instock","18":"taxable","19":"shipping-taxable","20":"purchasable","21":"product-type-simple"},"supplier_id":null,"supplier_sku":"","atum_controlled":true,"out_stock_date":null,"out_stock_threshold":null,"inheritable":false,"inbound_stock":null,"stock_on_hold":0,"sold_today":0,"sales_last_days":6,"reserved_stock":null,"customer_returns":null,"warehouse_damage":null,"lost_in_post":null,"other_logs":null,"out_stock_days":0,"lost_sales":0,"has_location":true,"update_date":"2026-04-09T00:03:52","atum_locations":[{"id":373,"name":"Officine","slug":"officine"}],"atum_stock_status":"instock","restock_status":false,"low_stock_amount":"","sales_update_date":"2026-04-09T00:03:52","calc_backorders":null,"acf":[],"_links":{"self":[{"href":"https:\/\/softymed.ch\/it\/wp-json\/wp\/v2\/product\/2898","targetHints":{"allow":["GET"]}}],"collection":[{"href":"https:\/\/softymed.ch\/it\/wp-json\/wp\/v2\/product"}],"about":[{"href":"https:\/\/softymed.ch\/it\/wp-json\/wp\/v2\/types\/product"}],"wp:featuredmedia":[{"embeddable":true,"href":"https:\/\/softymed.ch\/it\/wp-json\/wp\/v2\/media\/2536"}],"wp:attachment":[{"href":"https:\/\/softymed.ch\/it\/wp-json\/wp\/v2\/media?parent=2898"}],"wp:term":[{"taxonomy":"product_brand","embeddable":true,"href":"https:\/\/softymed.ch\/it\/wp-json\/wp\/v2\/product_brand?post=2898"},{"taxonomy":"product_cat","embeddable":true,"href":"https:\/\/softymed.ch\/it\/wp-json\/wp\/v2\/product_cat?post=2898"},{"taxonomy":"product_tag","embeddable":true,"href":"https:\/\/softymed.ch\/it\/wp-json\/wp\/v2\/product_tag?post=2898"},{"taxonomy":"categorie_principale","embeddable":true,"href":"https:\/\/softymed.ch\/it\/wp-json\/wp\/v2\/categorie_principale?post=2898"},{"taxonomy":"marque","embeddable":true,"href":"https:\/\/softymed.ch\/it\/wp-json\/wp\/v2\/marque?post=2898"}],"curies":[{"name":"wp","href":"https:\/\/api.w.org\/{rel}","templated":true}]}}