{"id":2893,"date":"2023-12-19T17:07:21","date_gmt":"2023-12-19T16:07:21","guid":{"rendered":"https:\/\/softymed.ch\/boutique\/non%20class\u00e9\/bd-vacutainer-9nc\/"},"modified":"2025-12-01T18:11:39","modified_gmt":"2025-12-01T17:11:39","slug":"bd-vacutainer-9nc","status":"publish","type":"product","link":"https:\/\/softymed.ch\/it\/boutique\/prelevements\/prelevement-veineux\/bd-vacutainer-9nc\/","title":{"rendered":"BD Vacutainer\u00ae 9NC"},"content":{"rendered":"<p>Tubes Citrate de Sodium 9NC pour tests de coagulation &#8211; Tubes en polym\u00e8res<br \/>\nFormat 13&#215;75<br \/>\n\u00c9chantillon 2 ml<br \/>\nVuoto 1,8 ml<br \/>\n\u00c9tiquette papier<br \/>\nMolarit\u00e9 3,8%<br \/>\nSolution tamponn\u00e9e de citrate de sodium<br \/>\nRapporto 1:9<br \/>\nTubes avec parois en polym\u00e8res associ\u00e9s : ext\u00e9rieur PET, int\u00e9rieur PP<\/p>","protected":false},"excerpt":{"rendered":"<p>Sodio citrato 9NC<\/p>","protected":false},"featured_media":2528,"template":"","meta":{"_acf_changed":false,"_seopress_robots_primary_cat":"none","_seopress_titles_title":"","_seopress_titles_desc":"","_seopress_robots_index":""},"product_brand":[],"product_cat":[333,137,136],"product_tag":[],"categorie_principale":[31,27,28,29],"marque":[172],"class_list":{"0":"post-2893","1":"product","2":"type-product","3":"status-publish","4":"has-post-thumbnail","6":"product_cat-autre-materiel-de-prelevement-labpoint","7":"product_cat-prelevement-veineux","8":"product_cat-prelevements","9":"categorie_principale-gynecologie","10":"categorie_principale-laboratoire","11":"categorie_principale-medecine-generale","12":"categorie_principale-permanence-hopital","13":"marque-becton-dickinson","15":"first","16":"outofstock","17":"taxable","18":"shipping-taxable","19":"product-type-simple"},"supplier_id":null,"supplier_sku":"","atum_controlled":true,"out_stock_date":"2023-12-22 11:44:42","out_stock_threshold":null,"inheritable":false,"inbound_stock":null,"stock_on_hold":0,"sold_today":0,"sales_last_days":0,"reserved_stock":null,"customer_returns":null,"warehouse_damage":null,"lost_in_post":null,"other_logs":null,"out_stock_days":838,"lost_sales":0,"has_location":true,"update_date":"2026-04-09T00:03:12","atum_locations":[{"id":373,"name":"Officine","slug":"officine"}],"atum_stock_status":"outofstock","restock_status":false,"low_stock_amount":"","sales_update_date":"2026-04-09T00:03:12","calc_backorders":null,"acf":[],"_links":{"self":[{"href":"https:\/\/softymed.ch\/it\/wp-json\/wp\/v2\/product\/2893","targetHints":{"allow":["GET"]}}],"collection":[{"href":"https:\/\/softymed.ch\/it\/wp-json\/wp\/v2\/product"}],"about":[{"href":"https:\/\/softymed.ch\/it\/wp-json\/wp\/v2\/types\/product"}],"wp:featuredmedia":[{"embeddable":true,"href":"https:\/\/softymed.ch\/it\/wp-json\/wp\/v2\/media\/2528"}],"wp:attachment":[{"href":"https:\/\/softymed.ch\/it\/wp-json\/wp\/v2\/media?parent=2893"}],"wp:term":[{"taxonomy":"product_brand","embeddable":true,"href":"https:\/\/softymed.ch\/it\/wp-json\/wp\/v2\/product_brand?post=2893"},{"taxonomy":"product_cat","embeddable":true,"href":"https:\/\/softymed.ch\/it\/wp-json\/wp\/v2\/product_cat?post=2893"},{"taxonomy":"product_tag","embeddable":true,"href":"https:\/\/softymed.ch\/it\/wp-json\/wp\/v2\/product_tag?post=2893"},{"taxonomy":"categorie_principale","embeddable":true,"href":"https:\/\/softymed.ch\/it\/wp-json\/wp\/v2\/categorie_principale?post=2893"},{"taxonomy":"marque","embeddable":true,"href":"https:\/\/softymed.ch\/it\/wp-json\/wp\/v2\/marque?post=2893"}],"curies":[{"name":"wp","href":"https:\/\/api.w.org\/{rel}","templated":true}]}}