{"id":2889,"date":"2023-12-19T17:07:21","date_gmt":"2023-12-19T16:07:21","guid":{"rendered":"https:\/\/softymed.ch\/boutique\/non%20class\u00e9\/adaptateur-luer-bd-vacutainer\/"},"modified":"2026-03-02T14:57:51","modified_gmt":"2026-03-02T13:57:51","slug":"adattatore-luer-bd-per-vacutainer","status":"publish","type":"product","link":"https:\/\/softymed.ch\/it\/boutique\/prelevements\/prelevement-veineux\/adaptateur-luer-bd-vacutainer\/","title":{"rendered":"Vacutainer\u00ae BD Adattatore Luer"},"content":{"rendered":"<p><strong>Caratteristiche<\/strong><br \/>\n-Adaptateur \u00e0 c\u00f4ne Luer m\u00e2le, pour pr\u00e9l\u00e8vement multiple de sang veineux<br \/>\n-Colore della guaina blu reale<\/p>","protected":false},"excerpt":{"rendered":"<p>Per il prelievo multiplo di sangue venoso<\/p>","protected":false},"featured_media":2535,"template":"","meta":{"_acf_changed":false,"_seopress_robots_primary_cat":"none","_seopress_titles_title":"","_seopress_titles_desc":"","_seopress_robots_index":""},"product_brand":[],"product_cat":[333,137,136],"product_tag":[],"categorie_principale":[31,27,28,29],"marque":[172],"class_list":{"0":"post-2889","1":"product","2":"type-product","3":"status-publish","4":"has-post-thumbnail","6":"product_cat-autre-materiel-de-prelevement-labpoint","7":"product_cat-prelevement-veineux","8":"product_cat-prelevements","9":"categorie_principale-gynecologie","10":"categorie_principale-laboratoire","11":"categorie_principale-medecine-generale","12":"categorie_principale-permanence-hopital","13":"marque-becton-dickinson","15":"first","16":"instock","17":"taxable","18":"shipping-taxable","19":"purchasable","20":"product-type-simple"},"supplier_id":null,"supplier_sku":"","atum_controlled":true,"out_stock_date":null,"out_stock_threshold":null,"inheritable":false,"inbound_stock":null,"stock_on_hold":0,"sold_today":0,"sales_last_days":0,"reserved_stock":null,"customer_returns":null,"warehouse_damage":null,"lost_in_post":null,"other_logs":null,"out_stock_days":0,"lost_sales":0,"has_location":true,"update_date":"2026-04-09T00:03:35","atum_locations":[{"id":373,"name":"Officine","slug":"officine"}],"atum_stock_status":"instock","restock_status":false,"low_stock_amount":"","sales_update_date":"2026-04-09T00:03:35","calc_backorders":null,"acf":[],"_links":{"self":[{"href":"https:\/\/softymed.ch\/it\/wp-json\/wp\/v2\/product\/2889","targetHints":{"allow":["GET"]}}],"collection":[{"href":"https:\/\/softymed.ch\/it\/wp-json\/wp\/v2\/product"}],"about":[{"href":"https:\/\/softymed.ch\/it\/wp-json\/wp\/v2\/types\/product"}],"wp:featuredmedia":[{"embeddable":true,"href":"https:\/\/softymed.ch\/it\/wp-json\/wp\/v2\/media\/2535"}],"wp:attachment":[{"href":"https:\/\/softymed.ch\/it\/wp-json\/wp\/v2\/media?parent=2889"}],"wp:term":[{"taxonomy":"product_brand","embeddable":true,"href":"https:\/\/softymed.ch\/it\/wp-json\/wp\/v2\/product_brand?post=2889"},{"taxonomy":"product_cat","embeddable":true,"href":"https:\/\/softymed.ch\/it\/wp-json\/wp\/v2\/product_cat?post=2889"},{"taxonomy":"product_tag","embeddable":true,"href":"https:\/\/softymed.ch\/it\/wp-json\/wp\/v2\/product_tag?post=2889"},{"taxonomy":"categorie_principale","embeddable":true,"href":"https:\/\/softymed.ch\/it\/wp-json\/wp\/v2\/categorie_principale?post=2889"},{"taxonomy":"marque","embeddable":true,"href":"https:\/\/softymed.ch\/it\/wp-json\/wp\/v2\/marque?post=2889"}],"curies":[{"name":"wp","href":"https:\/\/api.w.org\/{rel}","templated":true}]}}