{"id":2882,"date":"2023-12-19T17:07:21","date_gmt":"2023-12-19T16:07:21","guid":{"rendered":"https:\/\/softymed.ch\/boutique\/non%20class\u00e9\/sterican\/"},"modified":"2026-03-31T18:54:28","modified_gmt":"2026-03-31T16:54:28","slug":"insulina-steranica","status":"publish","type":"product","link":"https:\/\/softymed.ch\/it\/boutique\/liste-additionnelle\/sterican-insuline\/","title":{"rendered":"Insulina Sterican"},"content":{"rendered":"<p>Les aiguilles \u00e0 insuline Sterican\u00ae de B. Braun sont sp\u00e9cialement con\u00e7ues pour l&rsquo;injection sous-cutan\u00e9e d&rsquo;insuline. Les canules sont dot\u00e9es d&rsquo;un fin rev\u00eatement en silicone qui permet une injection peu douloureuse.<\/p>\n<p><strong>Caratteristiche<\/strong><br \/>\n-Aiguilles d&rsquo;insuline Sterican\u00ae de B. Braun<br \/>\n-Aiguilles \u00e0 paroi fine<br \/>\n-Conforme agli standard ISO 7864 e DIN 13097<br \/>\n-Tube de canule en acier-nickel-chrome inoxydable avec surface particuli\u00e8rement lisse<br \/>\n-Rev\u00eatement fin en silicone<br \/>\n-Aff\u00fbtage long \u00e0 facettes sp\u00e9cial<br \/>\nIniezione a basso dolore<br \/>\n-Punta Luer in plastica trasparente<br \/>\n-Code couleur conforme \u00e0 la norme ISO 6009<\/p>","protected":false},"excerpt":{"rendered":"<p>Ago da insulina<\/p>","protected":false},"featured_media":12676,"template":"","meta":{"_acf_changed":false,"_seopress_robots_primary_cat":"none","_seopress_titles_title":"","_seopress_titles_desc":"","_seopress_robots_index":""},"product_brand":[],"product_cat":[288,133],"product_tag":[],"categorie_principale":[31,27,28,29],"marque":[171],"class_list":{"0":"post-2882","1":"product","2":"type-product","3":"status-publish","4":"has-post-thumbnail","6":"product_cat-liste-additionnelle","7":"product_cat-perfusion-injection","8":"categorie_principale-gynecologie","9":"categorie_principale-laboratoire","10":"categorie_principale-medecine-generale","11":"categorie_principale-permanence-hopital","12":"marque-b-braun","14":"first","15":"instock","16":"taxable","17":"shipping-taxable","18":"purchasable","19":"product-type-variable"},"supplier_id":null,"supplier_sku":"","atum_controlled":true,"out_stock_date":null,"out_stock_threshold":null,"inheritable":true,"inbound_stock":null,"stock_on_hold":0,"sold_today":0,"sales_last_days":0,"reserved_stock":null,"customer_returns":null,"warehouse_damage":null,"lost_in_post":null,"other_logs":null,"out_stock_days":0,"lost_sales":0,"has_location":true,"update_date":"2026-04-08T00:03:54","atum_locations":[{"id":373,"name":"Officine","slug":"officine"}],"atum_stock_status":"instock","restock_status":false,"low_stock_amount":"","sales_update_date":"2026-04-08T00:03:54","calc_backorders":null,"acf":[],"_links":{"self":[{"href":"https:\/\/softymed.ch\/it\/wp-json\/wp\/v2\/product\/2882","targetHints":{"allow":["GET"]}}],"collection":[{"href":"https:\/\/softymed.ch\/it\/wp-json\/wp\/v2\/product"}],"about":[{"href":"https:\/\/softymed.ch\/it\/wp-json\/wp\/v2\/types\/product"}],"wp:featuredmedia":[{"embeddable":true,"href":"https:\/\/softymed.ch\/it\/wp-json\/wp\/v2\/media\/12676"}],"wp:attachment":[{"href":"https:\/\/softymed.ch\/it\/wp-json\/wp\/v2\/media?parent=2882"}],"wp:term":[{"taxonomy":"product_brand","embeddable":true,"href":"https:\/\/softymed.ch\/it\/wp-json\/wp\/v2\/product_brand?post=2882"},{"taxonomy":"product_cat","embeddable":true,"href":"https:\/\/softymed.ch\/it\/wp-json\/wp\/v2\/product_cat?post=2882"},{"taxonomy":"product_tag","embeddable":true,"href":"https:\/\/softymed.ch\/it\/wp-json\/wp\/v2\/product_tag?post=2882"},{"taxonomy":"categorie_principale","embeddable":true,"href":"https:\/\/softymed.ch\/it\/wp-json\/wp\/v2\/categorie_principale?post=2882"},{"taxonomy":"marque","embeddable":true,"href":"https:\/\/softymed.ch\/it\/wp-json\/wp\/v2\/marque?post=2882"}],"curies":[{"name":"wp","href":"https:\/\/api.w.org\/{rel}","templated":true}]}}