{"id":2870,"date":"2023-12-19T17:07:13","date_gmt":"2023-12-19T16:07:13","guid":{"rendered":"https:\/\/softymed.ch\/boutique\/non%20class\u00e9\/test-de-streptocoques-du-groupe-a\/"},"modified":"2026-04-08T11:37:01","modified_gmt":"2026-04-08T09:37:01","slug":"test-per-lo-streptococco-di-gruppo-a","status":"publish","type":"product","link":"https:\/\/softymed.ch\/it\/boutique\/liste-additionnelle\/test-de-streptocoques-du-groupe-a\/","title":{"rendered":"Test per lo streptococco di gruppo A"},"content":{"rendered":"<p>La bact\u00e9rie streptocoque du groupe A (GAS) est \u00e9galement connue sous le nom de streptococcus pyog\u00e8nes, qui est une forme de bact\u00e9rie streptocoque ?-h\u00e9molytique responsable de la plupart des cas de maladie \u00e0 streptocoque: cellulite, \u00e9rysip\u00e8le, infections focales, fasciite n\u00e9crosante, scarlatine, sinusite, angine streptococcique et syndrome de choc toxique. Certaines souches de GAS causent une infection grave, comme le rhumatisme articulaire aigu, la glom\u00e9rulon\u00e9phrite post-streptococcique.<\/p>\n<p>Test de d\u00e9pistage pour la recherche qualitative d\u2019antig\u00e8ne de streptocoques du groupe A dans les frottis de gorge.<\/p>","protected":false},"excerpt":{"rendered":"<p>Cassetta per test rapido Strep A Gola<\/p>","protected":false},"featured_media":2729,"template":"","meta":{"_acf_changed":false,"_seopress_robots_primary_cat":"none","_seopress_titles_title":"","_seopress_titles_desc":"","_seopress_robots_index":""},"product_brand":[],"product_cat":[288,68],"product_tag":[347],"categorie_principale":[27,28,29],"marque":[78],"class_list":{"0":"post-2870","1":"product","2":"type-product","3":"status-publish","4":"has-post-thumbnail","6":"product_cat-liste-additionnelle","7":"product_cat-test-rapide","8":"product_tag-best-seller","9":"categorie_principale-laboratoire","10":"categorie_principale-medecine-generale","11":"categorie_principale-permanence-hopital","12":"marque-all-test","14":"first","15":"instock","16":"taxable","17":"shipping-taxable","18":"purchasable","19":"product-type-simple"},"supplier_id":null,"supplier_sku":"","atum_controlled":true,"out_stock_date":null,"out_stock_threshold":null,"inheritable":false,"inbound_stock":null,"stock_on_hold":0,"sold_today":0,"sales_last_days":3,"reserved_stock":null,"customer_returns":null,"warehouse_damage":null,"lost_in_post":null,"other_logs":null,"out_stock_days":0,"lost_sales":0,"has_location":true,"update_date":"2026-04-09T00:04:06","atum_locations":[{"id":373,"name":"Officine","slug":"officine"}],"atum_stock_status":"instock","restock_status":false,"low_stock_amount":"","sales_update_date":"2026-04-09T00:04:06","calc_backorders":null,"acf":[],"_links":{"self":[{"href":"https:\/\/softymed.ch\/it\/wp-json\/wp\/v2\/product\/2870","targetHints":{"allow":["GET"]}}],"collection":[{"href":"https:\/\/softymed.ch\/it\/wp-json\/wp\/v2\/product"}],"about":[{"href":"https:\/\/softymed.ch\/it\/wp-json\/wp\/v2\/types\/product"}],"wp:featuredmedia":[{"embeddable":true,"href":"https:\/\/softymed.ch\/it\/wp-json\/wp\/v2\/media\/2729"}],"wp:attachment":[{"href":"https:\/\/softymed.ch\/it\/wp-json\/wp\/v2\/media?parent=2870"}],"wp:term":[{"taxonomy":"product_brand","embeddable":true,"href":"https:\/\/softymed.ch\/it\/wp-json\/wp\/v2\/product_brand?post=2870"},{"taxonomy":"product_cat","embeddable":true,"href":"https:\/\/softymed.ch\/it\/wp-json\/wp\/v2\/product_cat?post=2870"},{"taxonomy":"product_tag","embeddable":true,"href":"https:\/\/softymed.ch\/it\/wp-json\/wp\/v2\/product_tag?post=2870"},{"taxonomy":"categorie_principale","embeddable":true,"href":"https:\/\/softymed.ch\/it\/wp-json\/wp\/v2\/categorie_principale?post=2870"},{"taxonomy":"marque","embeddable":true,"href":"https:\/\/softymed.ch\/it\/wp-json\/wp\/v2\/marque?post=2870"}],"curies":[{"name":"wp","href":"https:\/\/api.w.org\/{rel}","templated":true}]}}