{"id":2868,"date":"2023-12-19T17:07:13","date_gmt":"2023-12-19T16:07:13","guid":{"rendered":"https:\/\/softymed.ch\/boutique\/non%20class\u00e9\/topper-8\/"},"modified":"2026-03-31T16:48:39","modified_gmt":"2026-03-31T14:48:39","slug":"topper-8","status":"publish","type":"product","link":"https:\/\/softymed.ch\/it\/boutique\/soin-des-plaies\/compresse\/topper-8\/","title":{"rendered":"Topper\u2122 8"},"content":{"rendered":"<p>Les compresses textiles en non tiss\u00e9es TOPPER\u2122 8 sont des \u00e9ponges non tiss\u00e9es uniques en rayonne\/polyester qui offrent une r\u00e9sistance, une absorption et une texture de r\u00e9curage am\u00e9lior\u00e9es par rapport \u00e0 la gaze traditionnelle.<\/p>\n<p><strong>Caratteristiche<\/strong><br \/>\n-Conserve mieux sa forme et sa texture que l\u2019\u00e9ponge en gaze de coton<br \/>\n-Aide \u00e0 prot\u00e9ger et \u00e0 amortir la plaie<br \/>\n-R\u00e9duit les accrocs sur les sutures et offre une excellente lib\u00e9ration de la plaie<br \/>\n-Polyvalent; habille, pr\u00e9pare et exfolie, nettoie, absorbe et \u00e9vacue<br \/>\n-Non st\u00e9rile<\/p>","protected":false},"excerpt":{"rendered":"<p>Tamponi non sterili in tessuto non tessuto<\/p>","protected":false},"featured_media":2748,"template":"","meta":{"_acf_changed":false,"_seopress_robots_primary_cat":"none","_seopress_titles_title":"","_seopress_titles_desc":"","_seopress_robots_index":""},"product_brand":[],"product_cat":[147,104],"product_tag":[],"categorie_principale":[165,31,28,29],"marque":[102],"class_list":{"0":"post-2868","1":"product","2":"type-product","3":"status-publish","4":"has-post-thumbnail","6":"product_cat-compresse","7":"product_cat-soin-des-plaies","8":"categorie_principale-autre","9":"categorie_principale-gynecologie","10":"categorie_principale-medecine-generale","11":"categorie_principale-permanence-hopital","12":"marque-3m","14":"first","15":"instock","16":"taxable","17":"shipping-taxable","18":"purchasable","19":"product-type-variable"},"supplier_id":null,"supplier_sku":"","atum_controlled":true,"out_stock_date":"2023-12-22 11:44:46","out_stock_threshold":null,"inheritable":true,"inbound_stock":null,"stock_on_hold":0,"sold_today":0,"sales_last_days":20,"reserved_stock":null,"customer_returns":null,"warehouse_damage":null,"lost_in_post":null,"other_logs":null,"out_stock_days":837,"lost_sales":0,"has_location":true,"update_date":"2026-04-08T00:03:53","atum_locations":[{"id":219,"name":"Cubo giallo","slug":"yellow-cube"}],"atum_stock_status":"instock","restock_status":false,"low_stock_amount":"","sales_update_date":"2026-04-08T00:03:53","calc_backorders":null,"acf":[],"_links":{"self":[{"href":"https:\/\/softymed.ch\/it\/wp-json\/wp\/v2\/product\/2868","targetHints":{"allow":["GET"]}}],"collection":[{"href":"https:\/\/softymed.ch\/it\/wp-json\/wp\/v2\/product"}],"about":[{"href":"https:\/\/softymed.ch\/it\/wp-json\/wp\/v2\/types\/product"}],"wp:featuredmedia":[{"embeddable":true,"href":"https:\/\/softymed.ch\/it\/wp-json\/wp\/v2\/media\/2748"}],"wp:attachment":[{"href":"https:\/\/softymed.ch\/it\/wp-json\/wp\/v2\/media?parent=2868"}],"wp:term":[{"taxonomy":"product_brand","embeddable":true,"href":"https:\/\/softymed.ch\/it\/wp-json\/wp\/v2\/product_brand?post=2868"},{"taxonomy":"product_cat","embeddable":true,"href":"https:\/\/softymed.ch\/it\/wp-json\/wp\/v2\/product_cat?post=2868"},{"taxonomy":"product_tag","embeddable":true,"href":"https:\/\/softymed.ch\/it\/wp-json\/wp\/v2\/product_tag?post=2868"},{"taxonomy":"categorie_principale","embeddable":true,"href":"https:\/\/softymed.ch\/it\/wp-json\/wp\/v2\/categorie_principale?post=2868"},{"taxonomy":"marque","embeddable":true,"href":"https:\/\/softymed.ch\/it\/wp-json\/wp\/v2\/marque?post=2868"}],"curies":[{"name":"wp","href":"https:\/\/api.w.org\/{rel}","templated":true}]}}