{"id":2862,"date":"2023-12-19T17:07:13","date_gmt":"2023-12-19T16:07:13","guid":{"rendered":"https:\/\/softymed.ch\/boutique\/non%20class\u00e9\/3m-nu-gel\/"},"modified":"2026-01-12T15:43:01","modified_gmt":"2026-01-12T14:43:01","slug":"3-m-di-gel-nudo","status":"publish","type":"product","link":"https:\/\/softymed.ch\/it\/boutique\/soin-des-plaies\/pansement\/3m-nu-gel\/","title":{"rendered":"3M\u2122 Nu-Gel\u2122"},"content":{"rendered":"<p>L\u2019hydrogel avec alginate 3M\u2122 Nu-Gel\u2122 favorise le nettoyage autolytique naturel de la plaie et maintient un environnement humide de la plaie. Il peut \u00eatre utilis\u00e9 pour ramollir et hydrater la cro\u00fbte de la plaie. Les composants alginate augmentent la capacit\u00e9 d\u2019absorption.<\/p>\n<p><strong>Caratteristiche<\/strong><br \/>\n-Hydrogel avec alginate 3M\u2122 Nu-Gel\u2122<br \/>\n-Promuove la pulizia autolitica naturale delle ferite<br \/>\n-Fornisce un ambiente umido alla ferita<br \/>\n-Les composants de l\u2019alginate am\u00e9liorent les propri\u00e9t\u00e9s d\u2019absorption<br \/>\n-Peut \u00eatre utilis\u00e9 pour ramollir et hydrater la cro\u00fbte<br \/>\n-Facile \u00e0 appliquer d\u2019une seule main<br \/>\n-Efficacit\u00e9 durable<br \/>\n-Dur\u00e9e de vie plus longue que les hydrogels comparables<br \/>\n-Peut \u00eatre utilis\u00e9 \u00e0 tous les stades du processus de cicatrisation des plaies<br \/>\n-Adatto al trattamento delle ferite croniche<\/p>","protected":false},"excerpt":{"rendered":"<p>Medicazione in idrogel con alginato<\/p>","protected":false},"featured_media":2749,"template":"","meta":{"_acf_changed":false,"_seopress_robots_primary_cat":"none","_seopress_titles_title":"","_seopress_titles_desc":"","_seopress_robots_index":""},"product_brand":[],"product_cat":[146,104],"product_tag":[],"categorie_principale":[28,29],"marque":[102],"class_list":{"0":"post-2862","1":"product","2":"type-product","3":"status-publish","4":"has-post-thumbnail","6":"product_cat-pansement","7":"product_cat-soin-des-plaies","8":"categorie_principale-medecine-generale","9":"categorie_principale-permanence-hopital","10":"marque-3m","12":"first","13":"outofstock","14":"taxable","15":"shipping-taxable","16":"product-type-simple"},"supplier_id":null,"supplier_sku":"","atum_controlled":true,"out_stock_date":"2025-03-25 16:38:56","out_stock_threshold":null,"inheritable":false,"inbound_stock":null,"stock_on_hold":0,"sold_today":0,"sales_last_days":0,"reserved_stock":null,"customer_returns":null,"warehouse_damage":null,"lost_in_post":null,"other_logs":null,"out_stock_days":378,"lost_sales":0,"has_location":true,"update_date":"2026-04-08T00:03:12","atum_locations":[{"id":373,"name":"Officine","slug":"officine"}],"atum_stock_status":"outofstock","restock_status":false,"low_stock_amount":"","sales_update_date":"2026-04-08T00:03:12","calc_backorders":null,"acf":[],"_links":{"self":[{"href":"https:\/\/softymed.ch\/it\/wp-json\/wp\/v2\/product\/2862","targetHints":{"allow":["GET"]}}],"collection":[{"href":"https:\/\/softymed.ch\/it\/wp-json\/wp\/v2\/product"}],"about":[{"href":"https:\/\/softymed.ch\/it\/wp-json\/wp\/v2\/types\/product"}],"wp:featuredmedia":[{"embeddable":true,"href":"https:\/\/softymed.ch\/it\/wp-json\/wp\/v2\/media\/2749"}],"wp:attachment":[{"href":"https:\/\/softymed.ch\/it\/wp-json\/wp\/v2\/media?parent=2862"}],"wp:term":[{"taxonomy":"product_brand","embeddable":true,"href":"https:\/\/softymed.ch\/it\/wp-json\/wp\/v2\/product_brand?post=2862"},{"taxonomy":"product_cat","embeddable":true,"href":"https:\/\/softymed.ch\/it\/wp-json\/wp\/v2\/product_cat?post=2862"},{"taxonomy":"product_tag","embeddable":true,"href":"https:\/\/softymed.ch\/it\/wp-json\/wp\/v2\/product_tag?post=2862"},{"taxonomy":"categorie_principale","embeddable":true,"href":"https:\/\/softymed.ch\/it\/wp-json\/wp\/v2\/categorie_principale?post=2862"},{"taxonomy":"marque","embeddable":true,"href":"https:\/\/softymed.ch\/it\/wp-json\/wp\/v2\/marque?post=2862"}],"curies":[{"name":"wp","href":"https:\/\/api.w.org\/{rel}","templated":true}]}}