{"id":2860,"date":"2023-12-19T17:07:13","date_gmt":"2023-12-19T16:07:13","guid":{"rendered":"https:\/\/softymed.ch\/boutique\/non%20class\u00e9\/3m-adaptic-touch-2\/"},"modified":"2026-03-25T08:19:41","modified_gmt":"2026-03-25T07:19:41","slug":"3-m-adaptic-touch","status":"publish","type":"product","link":"https:\/\/softymed.ch\/it\/boutique\/soin-des-plaies\/pansement\/3m-adaptic-touch\/","title":{"rendered":"3M\u2122 Adaptic\u2122 Touch"},"content":{"rendered":"<p>Le pansement 3M\u2122 Adaptic\u2122 Touch minimise l\u2019adh\u00e9rence et le traumatisme associ\u00e9s aux changements de pansement, ce qui permet de prot\u00e9ger les tissus nouvellement form\u00e9s et de r\u00e9duire la douleur.<br \/>\nIl permet de prot\u00e9ger la plaie tout en minimisant le traumatisme du patient lors du changement de pansement et le risque de croissance du tissu de granulation. Le silicone peu adh\u00e9rent permet d\u2019\u00e9viter que le pansement secondaire n\u2019adh\u00e8re \u00e0 la plaie. La taille optimis\u00e9e des pores permet de visualiser la plaie en dessous sans avoir besoin de retirer le pansement et de perturber le processus de cicatrisation.<\/p>\n<p><strong>Caratteristiche<\/strong><br \/>\n-Permet le libre passage des fluides vers le pansement secondaire, r\u00e9duisant ainsi le risque d\u2019accumulation et de mac\u00e9ration de l\u2019exsudat<br \/>\n-Prot\u00e8ge la plaie tout en minimisant la douleur et le traumatisme du patient lors du retrait et du changement du pansement<br \/>\n-Convient \u00e0 la protection des plaies fragiles sous supervision m\u00e9dicale, avec un traitement des plaies par pression n\u00e9gative (TPN)<br \/>\n-D\u00e9coupable<\/p>","protected":false},"excerpt":{"rendered":"<p>Medicazione di interfaccia in silicone non aderente<\/p>","protected":false},"featured_media":2769,"template":"","meta":{"_acf_changed":false,"_seopress_robots_primary_cat":"none","_seopress_titles_title":"","_seopress_titles_desc":"","_seopress_robots_index":""},"product_brand":[],"product_cat":[288,146,104],"product_tag":[],"categorie_principale":[28,29],"marque":[102],"class_list":{"0":"post-2860","1":"product","2":"type-product","3":"status-publish","4":"has-post-thumbnail","6":"product_cat-liste-additionnelle","7":"product_cat-pansement","8":"product_cat-soin-des-plaies","9":"categorie_principale-medecine-generale","10":"categorie_principale-permanence-hopital","11":"marque-3m","13":"first","14":"outofstock","15":"taxable","16":"shipping-taxable","17":"purchasable","18":"product-type-simple"},"supplier_id":null,"supplier_sku":"","atum_controlled":true,"out_stock_date":"2026-03-25 08:19:41","out_stock_threshold":null,"inheritable":false,"inbound_stock":null,"stock_on_hold":0,"sold_today":0,"sales_last_days":2,"reserved_stock":null,"customer_returns":null,"warehouse_damage":null,"lost_in_post":null,"other_logs":null,"out_stock_days":13,"lost_sales":334,"has_location":true,"update_date":"2026-04-08T00:03:44","atum_locations":[{"id":373,"name":"Officine","slug":"officine"}],"atum_stock_status":"outofstock","restock_status":false,"low_stock_amount":"","sales_update_date":"2026-04-08T00:03:44","calc_backorders":null,"acf":[],"_links":{"self":[{"href":"https:\/\/softymed.ch\/it\/wp-json\/wp\/v2\/product\/2860","targetHints":{"allow":["GET"]}}],"collection":[{"href":"https:\/\/softymed.ch\/it\/wp-json\/wp\/v2\/product"}],"about":[{"href":"https:\/\/softymed.ch\/it\/wp-json\/wp\/v2\/types\/product"}],"wp:featuredmedia":[{"embeddable":true,"href":"https:\/\/softymed.ch\/it\/wp-json\/wp\/v2\/media\/2769"}],"wp:attachment":[{"href":"https:\/\/softymed.ch\/it\/wp-json\/wp\/v2\/media?parent=2860"}],"wp:term":[{"taxonomy":"product_brand","embeddable":true,"href":"https:\/\/softymed.ch\/it\/wp-json\/wp\/v2\/product_brand?post=2860"},{"taxonomy":"product_cat","embeddable":true,"href":"https:\/\/softymed.ch\/it\/wp-json\/wp\/v2\/product_cat?post=2860"},{"taxonomy":"product_tag","embeddable":true,"href":"https:\/\/softymed.ch\/it\/wp-json\/wp\/v2\/product_tag?post=2860"},{"taxonomy":"categorie_principale","embeddable":true,"href":"https:\/\/softymed.ch\/it\/wp-json\/wp\/v2\/categorie_principale?post=2860"},{"taxonomy":"marque","embeddable":true,"href":"https:\/\/softymed.ch\/it\/wp-json\/wp\/v2\/marque?post=2860"}],"curies":[{"name":"wp","href":"https:\/\/api.w.org\/{rel}","templated":true}]}}