{"id":15668,"date":"2026-03-31T10:20:43","date_gmt":"2026-03-31T08:20:43","guid":{"rendered":"https:\/\/softymed.ch\/?post_type=product&#038;p=15668"},"modified":"2026-03-31T17:25:40","modified_gmt":"2026-03-31T15:25:40","slug":"stabimed-fresh","status":"publish","type":"product","link":"https:\/\/softymed.ch\/it\/boutique\/hygiene-desinfection\/desinfection-instruments\/stabimed-fresh\/","title":{"rendered":"Stabimed\u00ae fresh"},"content":{"rendered":"<p>Traitement rapide, \u00e9conomique et d\u00e9licat des instruments thermolabiles et thermostables<\/p>\n<p><strong>Caratteristiche<\/strong><br \/>\n-D\u00e9sinfection manuelle et nettoyage d\u2019instruments<br \/>\n-Agit contre les bact\u00e9ries (y compris M. terrae), les champignons, les virus envelopp\u00e9s et non envelopp\u00e9s (y compris VHB \/ VHC \/ VIH)<br \/>\n-Dissout les impuret\u00e9s \u00e0 forte teneur en prot\u00e9ines comme le sang et les s\u00e9cr\u00e9tions<br \/>\n-Principes actifs: 20 g de cocopropyl\u00e8nediamine pour 100 g de solution<br \/>\n-Test\u00e9 in vitro et dans des conditions similaires (m\u00e9thodes DGHM \/ VAH) conform\u00e9ment aux normes EN 14348, EN 14563, EN 13727, EN 14561, EN 13624, EN 14562<br \/>\n-\u00c9galement adapt\u00e9 \u00e0 une utilisation en bain \u00e0 ultrasons<br \/>\n-Sans ald\u00e9hyde, ni ph\u00e9nol, guanidine ou compos\u00e9s d\u2019ammonium quaternaire<br \/>\n-D\u00e9j\u00e0 efficace \u00e0 partir de 5 minutes<br \/>\n-Odeur fra\u00eeche et agr\u00e9able<br \/>\n-Excellente tol\u00e9rance mat\u00e9rielle<br \/>\n-Basses concentrations d\u2019utilisation: 5 minutes \u00e0 1%, 15 minutes \u00e0 0.5%<\/p>","protected":false},"excerpt":{"rendered":"<p>Disinfezione manuale e pulizia di strumenti<\/p>","protected":false},"featured_media":15671,"template":"","meta":{"_acf_changed":false,"_seopress_robots_primary_cat":"none","_seopress_titles_title":"","_seopress_titles_desc":"","_seopress_robots_index":""},"product_brand":[],"product_cat":[199,127],"product_tag":[348],"categorie_principale":[32,31,27,28,29],"marque":[171],"class_list":{"0":"post-15668","1":"product","2":"type-product","3":"status-publish","4":"has-post-thumbnail","6":"product_cat-desinfection-instruments","7":"product_cat-hygiene-desinfection","8":"product_tag-nouveaute","9":"categorie_principale-cardiologie","10":"categorie_principale-gynecologie","11":"categorie_principale-laboratoire","12":"categorie_principale-medecine-generale","13":"categorie_principale-permanence-hopital","14":"marque-b-braun","16":"first","17":"instock","18":"taxable","19":"shipping-taxable","20":"purchasable","21":"product-type-simple"},"supplier_id":null,"supplier_sku":"","atum_controlled":true,"out_stock_date":null,"out_stock_threshold":null,"inheritable":false,"inbound_stock":null,"stock_on_hold":0,"sold_today":0,"sales_last_days":0,"reserved_stock":null,"customer_returns":null,"warehouse_damage":null,"lost_in_post":null,"other_logs":null,"out_stock_days":0,"lost_sales":0,"has_location":true,"update_date":"2026-04-08T00:03:57","atum_locations":[{"id":373,"name":"Officine","slug":"officine"}],"atum_stock_status":"instock","restock_status":false,"low_stock_amount":"","sales_update_date":"2026-04-08T00:03:57","calc_backorders":null,"acf":[],"_links":{"self":[{"href":"https:\/\/softymed.ch\/it\/wp-json\/wp\/v2\/product\/15668","targetHints":{"allow":["GET"]}}],"collection":[{"href":"https:\/\/softymed.ch\/it\/wp-json\/wp\/v2\/product"}],"about":[{"href":"https:\/\/softymed.ch\/it\/wp-json\/wp\/v2\/types\/product"}],"wp:featuredmedia":[{"embeddable":true,"href":"https:\/\/softymed.ch\/it\/wp-json\/wp\/v2\/media\/15671"}],"wp:attachment":[{"href":"https:\/\/softymed.ch\/it\/wp-json\/wp\/v2\/media?parent=15668"}],"wp:term":[{"taxonomy":"product_brand","embeddable":true,"href":"https:\/\/softymed.ch\/it\/wp-json\/wp\/v2\/product_brand?post=15668"},{"taxonomy":"product_cat","embeddable":true,"href":"https:\/\/softymed.ch\/it\/wp-json\/wp\/v2\/product_cat?post=15668"},{"taxonomy":"product_tag","embeddable":true,"href":"https:\/\/softymed.ch\/it\/wp-json\/wp\/v2\/product_tag?post=15668"},{"taxonomy":"categorie_principale","embeddable":true,"href":"https:\/\/softymed.ch\/it\/wp-json\/wp\/v2\/categorie_principale?post=15668"},{"taxonomy":"marque","embeddable":true,"href":"https:\/\/softymed.ch\/it\/wp-json\/wp\/v2\/marque?post=15668"}],"curies":[{"name":"wp","href":"https:\/\/api.w.org\/{rel}","templated":true}]}}