{"id":15303,"date":"2026-03-18T09:58:07","date_gmt":"2026-03-18T08:58:07","guid":{"rendered":"https:\/\/softymed.ch\/?post_type=product&#038;p=15303"},"modified":"2026-04-02T19:26:12","modified_gmt":"2026-04-02T17:26:12","slug":"batuffolo-di-cotone","status":"publish","type":"product","link":"https:\/\/softymed.ch\/it\/boutique\/hygiene-desinfection\/desinfection-peau\/boule-de-coton-hydrophile\/","title":{"rendered":"Gomitolo di cotone idrofilo"},"content":{"rendered":"<p>Les boules de coton Medistock sont fabriqu\u00e9es en coton hydrophile 100 % coton, doux et tr\u00e8s absorbant, sp\u00e9cialement con\u00e7ues pour les gestes d\u2019hygi\u00e8ne et de soins quotidiens en cabinet m\u00e9dical comme \u00e0 domicile. Pr\u00e9sent\u00e9es en sachet de 700 unit\u00e9s, elles offrent une solution \u00e0 la fois pratique et \u00e9conomique pour le nettoyage de la peau et l\u2019application de solutions ou antiseptiques.<\/p>\n<p>Compos\u00e9es de coton hydrophile 100 % coton, les boules de coton Medistock sont agr\u00e9ables au contact de la peau et conviennent parfaitement aux peaux sensibles, y compris celles des enfants et des personnes fragiles. Leur fort pouvoir d\u2019absorption permet un nettoyage d\u00e9licat et efficace sans agresser l\u2019\u00e9piderme.<\/p>\n<p>Ces boules de coton m\u00e9dicales sont id\u00e9ales pour le nettoyage localis\u00e9 de la peau, la d\u00e9tersion l\u00e9g\u00e8re, ainsi que pour l\u2019application de lotions, de solutions antiseptiques ou de produits de soin. Elles s\u2019utilisent facilement lors des petits soins, des pr\u00e9parations cutan\u00e9es ou des gestes de toilette quotidiens.<\/p>\n<p><strong>Caratteristiche<\/strong><br \/>\n-Coton doux, non irritant et tr\u00e8s absorbant<br \/>\n-Id\u00e9ales pour le nettoyage et l\u2019application de solutions<br \/>\n-Conditionnement \u00e9conomique pour un usage intensif<br \/>\n-Sacchetto di 700 batuffoli di cotone<\/p>","protected":false},"excerpt":{"rendered":"<p>non sterile, 100% cotone, morbido e molto assorbente<\/p>","protected":false},"featured_media":15306,"template":"","meta":{"_acf_changed":false,"_seopress_robots_primary_cat":"none","_seopress_titles_title":"","_seopress_titles_desc":"","_seopress_robots_index":""},"product_brand":[],"product_cat":[129,127,288,133,138,142,137,136,104],"product_tag":[],"categorie_principale":[165,32,31,27,28,29],"marque":[386],"class_list":{"0":"post-15303","1":"product","2":"type-product","3":"status-publish","4":"has-post-thumbnail","6":"product_cat-desinfection-peau","7":"product_cat-hygiene-desinfection","8":"product_cat-liste-additionnelle","9":"product_cat-perfusion-injection","10":"product_cat-prelevement-capillaire","11":"product_cat-prelevement-special","12":"product_cat-prelevement-veineux","13":"product_cat-prelevements","14":"product_cat-soin-des-plaies","15":"categorie_principale-autre","16":"categorie_principale-cardiologie","17":"categorie_principale-gynecologie","18":"categorie_principale-laboratoire","19":"categorie_principale-medecine-generale","20":"categorie_principale-permanence-hopital","21":"marque-medistock","23":"first","24":"instock","25":"taxable","26":"shipping-taxable","27":"purchasable","28":"product-type-simple"},"supplier_id":null,"supplier_sku":"","atum_controlled":true,"out_stock_date":null,"out_stock_threshold":null,"inheritable":false,"inbound_stock":null,"stock_on_hold":0,"sold_today":0,"sales_last_days":1,"reserved_stock":null,"customer_returns":null,"warehouse_damage":null,"lost_in_post":null,"other_logs":null,"out_stock_days":0,"lost_sales":0,"has_location":true,"update_date":"2026-04-08T00:04:00","atum_locations":[{"id":373,"name":"Officine","slug":"officine"}],"atum_stock_status":"instock","restock_status":false,"low_stock_amount":"","sales_update_date":"2026-04-08T00:04:00","calc_backorders":null,"acf":[],"_links":{"self":[{"href":"https:\/\/softymed.ch\/it\/wp-json\/wp\/v2\/product\/15303","targetHints":{"allow":["GET"]}}],"collection":[{"href":"https:\/\/softymed.ch\/it\/wp-json\/wp\/v2\/product"}],"about":[{"href":"https:\/\/softymed.ch\/it\/wp-json\/wp\/v2\/types\/product"}],"wp:featuredmedia":[{"embeddable":true,"href":"https:\/\/softymed.ch\/it\/wp-json\/wp\/v2\/media\/15306"}],"wp:attachment":[{"href":"https:\/\/softymed.ch\/it\/wp-json\/wp\/v2\/media?parent=15303"}],"wp:term":[{"taxonomy":"product_brand","embeddable":true,"href":"https:\/\/softymed.ch\/it\/wp-json\/wp\/v2\/product_brand?post=15303"},{"taxonomy":"product_cat","embeddable":true,"href":"https:\/\/softymed.ch\/it\/wp-json\/wp\/v2\/product_cat?post=15303"},{"taxonomy":"product_tag","embeddable":true,"href":"https:\/\/softymed.ch\/it\/wp-json\/wp\/v2\/product_tag?post=15303"},{"taxonomy":"categorie_principale","embeddable":true,"href":"https:\/\/softymed.ch\/it\/wp-json\/wp\/v2\/categorie_principale?post=15303"},{"taxonomy":"marque","embeddable":true,"href":"https:\/\/softymed.ch\/it\/wp-json\/wp\/v2\/marque?post=15303"}],"curies":[{"name":"wp","href":"https:\/\/api.w.org\/{rel}","templated":true}]}}