{"id":15301,"date":"2026-02-16T15:30:48","date_gmt":"2026-02-16T14:30:48","guid":{"rendered":"https:\/\/softymed.ch\/?post_type=product&#038;p=15301"},"modified":"2026-04-08T17:22:08","modified_gmt":"2026-04-08T15:22:08","slug":"maschera-chirurgica-di-tipo-iir","status":"publish","type":"product","link":"https:\/\/softymed.ch\/it\/boutique\/liste-additionnelle\/masque-chirurgical-type-iir\/","title":{"rendered":"Maschera chirurgica di tipo IIR"},"content":{"rendered":"<p>Masque de chirurgie 3 plis \u00e0 usage unique de type II. Elastiques ronds exempts de latex.<br \/>\nBFE: 99,8% per particelle di 2,7 micron.<br \/>\nFabriqu\u00e9 suivant un proc\u00e9d\u00e9 assurant une protection, un confort respiratoire et une douceur maximum.<\/p>\n<p><strong>Caratteristiche<\/strong><br \/>\n-Alta filtrazione<br \/>\n-Ponte nasale lungo<br \/>\n-Antibu\u00e9e<br \/>\n-Hypoallerg\u00e9nique<br \/>\nSenza fibra di vetro<br \/>\n-Conforme \u00e0 la norme EN 14683<br \/>\n-Colori: bianco\/blu<br \/>\n-Non st\u00e9rile<\/p>","protected":false},"excerpt":{"rendered":"<p>A 3 strati, elasticizzato, non sterile<\/p>","protected":false},"featured_media":15302,"template":"","meta":{"_acf_changed":false,"_seopress_robots_primary_cat":"none","_seopress_titles_title":"","_seopress_titles_desc":"","_seopress_robots_index":""},"product_brand":[],"product_cat":[288,176],"product_tag":[],"categorie_principale":[165,32,31,27,106,28,30,29],"marque":[386],"class_list":{"0":"post-15301","1":"product","2":"type-product","3":"status-publish","4":"has-post-thumbnail","6":"product_cat-liste-additionnelle","7":"product_cat-protection-consommable","8":"categorie_principale-autre","9":"categorie_principale-cardiologie","10":"categorie_principale-gynecologie","11":"categorie_principale-laboratoire","12":"categorie_principale-medecine-dentaire","13":"categorie_principale-medecine-generale","14":"categorie_principale-orthopedie","15":"categorie_principale-permanence-hopital","16":"marque-medistock","18":"first","19":"outofstock","20":"taxable","21":"shipping-taxable","22":"purchasable","23":"product-type-simple"},"supplier_id":null,"supplier_sku":"","atum_controlled":true,"out_stock_date":"2026-04-08 17:22:08","out_stock_threshold":null,"inheritable":false,"inbound_stock":null,"stock_on_hold":0,"sold_today":0,"sales_last_days":1,"reserved_stock":null,"customer_returns":null,"warehouse_damage":null,"lost_in_post":null,"other_logs":null,"out_stock_days":2,"lost_sales":1,"has_location":true,"update_date":"2026-04-11T00:04:57","atum_locations":[{"id":373,"name":"Officine","slug":"officine"}],"atum_stock_status":"outofstock","restock_status":false,"low_stock_amount":"","sales_update_date":"2026-04-11T00:04:57","calc_backorders":null,"acf":[],"_links":{"self":[{"href":"https:\/\/softymed.ch\/it\/wp-json\/wp\/v2\/product\/15301","targetHints":{"allow":["GET"]}}],"collection":[{"href":"https:\/\/softymed.ch\/it\/wp-json\/wp\/v2\/product"}],"about":[{"href":"https:\/\/softymed.ch\/it\/wp-json\/wp\/v2\/types\/product"}],"wp:featuredmedia":[{"embeddable":true,"href":"https:\/\/softymed.ch\/it\/wp-json\/wp\/v2\/media\/15302"}],"wp:attachment":[{"href":"https:\/\/softymed.ch\/it\/wp-json\/wp\/v2\/media?parent=15301"}],"wp:term":[{"taxonomy":"product_brand","embeddable":true,"href":"https:\/\/softymed.ch\/it\/wp-json\/wp\/v2\/product_brand?post=15301"},{"taxonomy":"product_cat","embeddable":true,"href":"https:\/\/softymed.ch\/it\/wp-json\/wp\/v2\/product_cat?post=15301"},{"taxonomy":"product_tag","embeddable":true,"href":"https:\/\/softymed.ch\/it\/wp-json\/wp\/v2\/product_tag?post=15301"},{"taxonomy":"categorie_principale","embeddable":true,"href":"https:\/\/softymed.ch\/it\/wp-json\/wp\/v2\/categorie_principale?post=15301"},{"taxonomy":"marque","embeddable":true,"href":"https:\/\/softymed.ch\/it\/wp-json\/wp\/v2\/marque?post=15301"}],"curies":[{"name":"wp","href":"https:\/\/api.w.org\/{rel}","templated":true}]}}