{"id":15291,"date":"2026-02-16T12:11:14","date_gmt":"2026-02-16T11:11:14","guid":{"rendered":"https:\/\/softymed.ch\/?post_type=product&#038;p=15291"},"modified":"2026-02-25T11:39:56","modified_gmt":"2026-02-25T10:39:56","slug":"foliodress-eye-protect","status":"publish","type":"product","link":"https:\/\/softymed.ch\/it\/boutique\/hygiene-desinfection\/foliodress-eye-protect\/","title":{"rendered":"Foliodress\u00ae eye Protect"},"content":{"rendered":"<p>Foliodress\u00ae eye protect sont des lunettes de protection r\u00e9utilisables, utiles en OP, st\u00e9rilisation centrale, soins intensifs, unit\u00e9s septiques ainsi que dans l&rsquo;industrie. Elles sont sp\u00e9cialement con\u00e7ues pour prot\u00e9ger le visage des projections de liquides potentiellement infectieux, sans pour autant diminuer la qualit\u00e9 visuelle. Ses multiples possibilit\u00e9s d\u2019adaptation individuelle permettent un port des plus confortable. Les verres panoramiques sont en couches renforc\u00e9es de polycarbonate, trait\u00e9s anti-bu\u00e9e, avec protection lat\u00e9rales int\u00e9gr\u00e9es. Selon EN 166, ces lunettes font partie de la classe II de l\u2019\u00e9quipement de protection personnelle.<\/p>\n<p><strong>Caratteristiche<\/strong><br \/>\n-Lunettes de protection r\u00e9utilisables jusqu&rsquo;\u00e0 10 x apr\u00e8s nettoyage<br \/>\n-Prot\u00e8gent les yeux des liquides ou des particules libres potentiellement infectieux<br \/>\n-Adaptation optimale gr\u00e2ce \u00e0 l&rsquo;articulation verticale des branches<br \/>\n-Branches r\u00e9glables individuellement en 4 longueurs<br \/>\n-Verres trait\u00e9s antibu\u00e9e avec protections lat\u00e9rales int\u00e9gr\u00e9es et r\u00e9sistants aux faibles chocs<\/p>","protected":false},"excerpt":{"rendered":"<p>Occhiali di sicurezza non sterili<\/p>","protected":false},"featured_media":15294,"template":"","meta":{"_acf_changed":false,"_seopress_robots_primary_cat":"none","_seopress_titles_title":"","_seopress_titles_desc":"","_seopress_robots_index":""},"product_brand":[],"product_cat":[127,176],"product_tag":[348],"categorie_principale":[165,31,27,106,28,29],"marque":[107],"class_list":{"0":"post-15291","1":"product","2":"type-product","3":"status-publish","4":"has-post-thumbnail","6":"product_cat-hygiene-desinfection","7":"product_cat-protection-consommable","8":"product_tag-nouveaute","9":"categorie_principale-autre","10":"categorie_principale-gynecologie","11":"categorie_principale-laboratoire","12":"categorie_principale-medecine-dentaire","13":"categorie_principale-medecine-generale","14":"categorie_principale-permanence-hopital","15":"marque-hartmann","17":"first","18":"instock","19":"taxable","20":"shipping-taxable","21":"purchasable","22":"product-type-simple"},"supplier_id":null,"supplier_sku":"","atum_controlled":true,"out_stock_date":null,"out_stock_threshold":null,"inheritable":false,"inbound_stock":null,"stock_on_hold":0,"sold_today":0,"sales_last_days":0,"reserved_stock":null,"customer_returns":null,"warehouse_damage":null,"lost_in_post":null,"other_logs":null,"out_stock_days":0,"lost_sales":0,"has_location":true,"update_date":"2026-04-08T00:03:46","atum_locations":[{"id":373,"name":"Officine","slug":"officine"}],"atum_stock_status":"instock","restock_status":false,"low_stock_amount":"","sales_update_date":"2026-04-08T00:03:46","calc_backorders":null,"acf":[],"_links":{"self":[{"href":"https:\/\/softymed.ch\/it\/wp-json\/wp\/v2\/product\/15291","targetHints":{"allow":["GET"]}}],"collection":[{"href":"https:\/\/softymed.ch\/it\/wp-json\/wp\/v2\/product"}],"about":[{"href":"https:\/\/softymed.ch\/it\/wp-json\/wp\/v2\/types\/product"}],"wp:featuredmedia":[{"embeddable":true,"href":"https:\/\/softymed.ch\/it\/wp-json\/wp\/v2\/media\/15294"}],"wp:attachment":[{"href":"https:\/\/softymed.ch\/it\/wp-json\/wp\/v2\/media?parent=15291"}],"wp:term":[{"taxonomy":"product_brand","embeddable":true,"href":"https:\/\/softymed.ch\/it\/wp-json\/wp\/v2\/product_brand?post=15291"},{"taxonomy":"product_cat","embeddable":true,"href":"https:\/\/softymed.ch\/it\/wp-json\/wp\/v2\/product_cat?post=15291"},{"taxonomy":"product_tag","embeddable":true,"href":"https:\/\/softymed.ch\/it\/wp-json\/wp\/v2\/product_tag?post=15291"},{"taxonomy":"categorie_principale","embeddable":true,"href":"https:\/\/softymed.ch\/it\/wp-json\/wp\/v2\/categorie_principale?post=15291"},{"taxonomy":"marque","embeddable":true,"href":"https:\/\/softymed.ch\/it\/wp-json\/wp\/v2\/marque?post=15291"}],"curies":[{"name":"wp","href":"https:\/\/api.w.org\/{rel}","templated":true}]}}