{"id":15261,"date":"2026-02-18T16:49:19","date_gmt":"2026-02-18T15:49:19","guid":{"rendered":"https:\/\/softymed.ch\/?post_type=product&#038;p=15261"},"modified":"2026-04-08T17:22:08","modified_gmt":"2026-04-08T15:22:08","slug":"bacillol-30-tessuti-sensibili-verde","status":"publish","type":"product","link":"https:\/\/softymed.ch\/it\/boutique\/hygiene-desinfection\/desinfection-surface\/bacillol-30-sensitive-tissues-green\/","title":{"rendered":"Tessuti Bacillol\u00ae 30 Sensitive - Verde"},"content":{"rendered":"<p>Les lingettes Bacillol\u00ae 30 Sensitive Green de Paul Hartmann conviennent parfaitement \u00e0 la d\u00e9sinfection rapide et efficace des surfaces. Elles sont particuli\u00e8rement respectueuses des mat\u00e9riaux et conviennent donc \u00e9galement aux mat\u00e9riaux sensibles. Les lingettes Bacillol uniques en leur genre sont 100% sans plastique ni microplastique et constituent donc une alternative plus respectueuse de l&rsquo;environnement.<\/p>\n<p>Ils convainquent par leur efficacit\u00e9 de premier ordre et leurs excellentes propri\u00e9t\u00e9s de nettoyage. Elles sont en outre bien tol\u00e9r\u00e9es par la peau et adapt\u00e9es aux personnes allergiques. Apr\u00e8s ouverture, les lingettes se conservent 3 mois. Les lingettes Bacillol\u00ae 30 Sensitive Green, tr\u00e8s appr\u00e9ci\u00e9es, sont disponibles dans un flowpack pratique de 120 lingettes. Avec ces lingettes d\u00e9sinfectantes, vous avez toujours une solution formidable et efficace \u00e0 port\u00e9e de main pour la d\u00e9sinfection des surfaces.<\/p>\n<p>Principes actifs de la solution d\u2019impr\u00e9gnation<br \/>\n\u00c9thanol 140 mg\/g; propane-2-ol 100mg\/g; propane-1-ol 60 mg\/g; amines, N-C10-16-alkyltrim\u00e9thylenedi-, produits de r\u00e9action avec l\u2019acide chlorac\u00e9tique (n\u00b0 CAS 139734-65-9) 2 mg\/g<\/p>\n<p><strong>Domaines d\u2019utilisation<\/strong><br \/>\nLes non-tiss\u00e9s Bacillol 30 Sensitive Tissues permettent de d\u00e9sinfecter facilement, rapidement et en les m\u00e9nageant, les surfaces, les surfaces d\u00e9licates, les dispositifs m\u00e9dicaux ainsi que le mat\u00e9riel m\u00e9dical.<\/p>\n<p><strong>Utilizzo<\/strong><br \/>\nEssuyer les surfaces avec soin \u00e0 l\u2019aide des lingettes Bacillol \u00ae 30 Sensitive Green Tissues. Veiller \u00e0 un mouillage int\u00e9gral afin de garantir une d\u00e9sinfection optimale. De par leur composition, les lingettes Bacillol \u00ae 30 Sensitive Green Tissues peuvent aussi \u00eatre utilis\u00e9es sans recourir \u00e0 des gants, dans la mesure o\u00f9 la protection contre les infections et la s\u00e9curit\u00e9 au travail le permettent.<br \/>\nNe pas utiliser pour la toilette cutan\u00e9e. Apr\u00e8s utilisation, \u00e9liminer les lingettes. Pour \u00e9viter tout dess\u00e8chement pr\u00e9coce des lingettes, refermer l\u2019emballage directement apr\u00e8s usage.<\/p>\n<p><strong>Caratteristiche<\/strong><br \/>\n-Lingettes Bacillol\u00ae 30 Sensitive Green<br \/>\n-Lingettes d\u00e9sinfectantes rapides qui pr\u00e9servent les mat\u00e9riaux<br \/>\n-Pour la d\u00e9sinfection des surfaces sensibles<br \/>\n-\u00c9galement pour les mat\u00e9riaux sensibles (polycarbonate, verre acrylique, polysulfone)<br \/>\nSalviette senza plastica 100%<br \/>\n-Fabriqu\u00e9es avec des mati\u00e8res premi\u00e8res issues de la sylviculture durable<br \/>\n-Impronta di carbonio 25% pi\u00f9 bassa rispetto alle salviette in PET<br \/>\n-Efficacit\u00e9 rapide<br \/>\nApplicazione rapida e senza sprechi di tempo<br \/>\n-Propri\u00e9t\u00e9s de nettoyage particuli\u00e8rement bonnes (test\u00e9 wfk)<br \/>\n-Dimensioni della salvietta: 17 x 20 cm<br \/>\n-Port\u00e9e de 1,5 m2 par lingette<br \/>\n-Bien tol\u00e9r\u00e9 par la peau et adapt\u00e9 aux personnes allergiques<br \/>\n-Pu\u00f2 essere utilizzato senza guanti se la protezione contro le infezioni e la tutela del lavoro lo consentono.<br \/>\n-Se conserve 3 mois apr\u00e8s ouverture<br \/>\n-Confezione da 120 salviette a flusso rapido<\/p>","protected":false},"excerpt":{"rendered":"<p>Salviette disinfettanti per superfici<\/p>","protected":false},"featured_media":15264,"template":"","meta":{"_acf_changed":false,"_seopress_robots_primary_cat":"none","_seopress_titles_title":"","_seopress_titles_desc":"","_seopress_robots_index":""},"product_brand":[],"product_cat":[128,127,288],"product_tag":[347,348],"categorie_principale":[165,32,31,27,106,28,29],"marque":[107],"class_list":{"0":"post-15261","1":"product","2":"type-product","3":"status-publish","4":"has-post-thumbnail","6":"product_cat-desinfection-surface","7":"product_cat-hygiene-desinfection","8":"product_cat-liste-additionnelle","9":"product_tag-best-seller","10":"product_tag-nouveaute","11":"categorie_principale-autre","12":"categorie_principale-cardiologie","13":"categorie_principale-gynecologie","14":"categorie_principale-laboratoire","15":"categorie_principale-medecine-dentaire","16":"categorie_principale-medecine-generale","17":"categorie_principale-permanence-hopital","18":"marque-hartmann","20":"first","21":"instock","22":"taxable","23":"shipping-taxable","24":"purchasable","25":"product-type-simple"},"supplier_id":null,"supplier_sku":"","atum_controlled":true,"out_stock_date":null,"out_stock_threshold":null,"inheritable":false,"inbound_stock":null,"stock_on_hold":20,"sold_today":4,"sales_last_days":39,"reserved_stock":null,"customer_returns":null,"warehouse_damage":null,"lost_in_post":null,"other_logs":null,"out_stock_days":0,"lost_sales":0,"has_location":true,"update_date":"2026-04-08T18:50:07","atum_locations":[{"id":373,"name":"Officine","slug":"officine"}],"atum_stock_status":"instock","restock_status":false,"low_stock_amount":"","sales_update_date":"2026-04-08T18:50:07","calc_backorders":null,"acf":[],"_links":{"self":[{"href":"https:\/\/softymed.ch\/it\/wp-json\/wp\/v2\/product\/15261","targetHints":{"allow":["GET"]}}],"collection":[{"href":"https:\/\/softymed.ch\/it\/wp-json\/wp\/v2\/product"}],"about":[{"href":"https:\/\/softymed.ch\/it\/wp-json\/wp\/v2\/types\/product"}],"wp:featuredmedia":[{"embeddable":true,"href":"https:\/\/softymed.ch\/it\/wp-json\/wp\/v2\/media\/15264"}],"wp:attachment":[{"href":"https:\/\/softymed.ch\/it\/wp-json\/wp\/v2\/media?parent=15261"}],"wp:term":[{"taxonomy":"product_brand","embeddable":true,"href":"https:\/\/softymed.ch\/it\/wp-json\/wp\/v2\/product_brand?post=15261"},{"taxonomy":"product_cat","embeddable":true,"href":"https:\/\/softymed.ch\/it\/wp-json\/wp\/v2\/product_cat?post=15261"},{"taxonomy":"product_tag","embeddable":true,"href":"https:\/\/softymed.ch\/it\/wp-json\/wp\/v2\/product_tag?post=15261"},{"taxonomy":"categorie_principale","embeddable":true,"href":"https:\/\/softymed.ch\/it\/wp-json\/wp\/v2\/categorie_principale?post=15261"},{"taxonomy":"marque","embeddable":true,"href":"https:\/\/softymed.ch\/it\/wp-json\/wp\/v2\/marque?post=15261"}],"curies":[{"name":"wp","href":"https:\/\/api.w.org\/{rel}","templated":true}]}}