{"id":15108,"date":"2026-04-21T16:32:15","date_gmt":"2026-04-21T14:32:15","guid":{"rendered":"https:\/\/softymed.ch\/?post_type=product&#038;p=15108"},"modified":"2026-04-22T10:57:59","modified_gmt":"2026-04-22T08:57:59","slug":"pot-de-recueil-des-urines-nft","status":"publish","type":"product","link":"https:\/\/softymed.ch\/it\/boutique\/prelevements\/prelevement-urinaire\/pot-de-recueil-des-urines-nft\/","title":{"rendered":"Vaso di raccolta urine NFT"},"content":{"rendered":"<p>Pr\u00e9l\u00e8vement d\u2019urine avec fonction de recueil hygi\u00e9nique ferm\u00e9e et sans aiguille pour les Monovettes Urine<br \/>\nVolume massimo di lavoro: 100 ml<br \/>\n(\u00d8 x h): 57 x 76 mm, \u00d8 orifice: 62 mm<br \/>\nTrasparente, graduato\/a<br \/>\nMat\u00e9riau: PP, bouchon \u00e0 vis, bouchon: blanc, avec \u00e9tiquette de s\u00e9curit\u00e9, avec dispositif de transfert int\u00e9gr\u00e9 sans aiguille, bouchon assembl\u00e9, st\u00e9rile.<br \/>\n5 pi\u00e8ce(s)\/sachet<\/p>","protected":false},"excerpt":{"rendered":"<p>Con funzione di raccolta igienica chiusa e senza ago<\/p>","protected":false},"featured_media":15111,"template":"","meta":{"_acf_changed":false,"_seopress_robots_primary_cat":"none","_seopress_titles_title":"","_seopress_titles_desc":"","_seopress_robots_index":""},"product_brand":[],"product_cat":[287,140,136],"product_tag":[347,348],"categorie_principale":[31,27,28,29],"marque":[207],"class_list":{"0":"post-15108","1":"product","2":"type-product","3":"status-publish","4":"has-post-thumbnail","6":"product_cat-carte-de-commande","7":"product_cat-prelevement-urinaire","8":"product_cat-prelevements","9":"product_tag-best-seller","10":"product_tag-nouveaute","11":"categorie_principale-gynecologie","12":"categorie_principale-laboratoire","13":"categorie_principale-medecine-generale","14":"categorie_principale-permanence-hopital","15":"marque-sarstedt","17":"first","18":"instock","19":"taxable","20":"shipping-taxable","21":"purchasable","22":"product-type-simple"},"supplier_id":null,"supplier_sku":"","atum_controlled":true,"out_stock_date":null,"out_stock_threshold":null,"inheritable":false,"inbound_stock":null,"stock_on_hold":0,"sold_today":1,"sales_last_days":1,"reserved_stock":null,"customer_returns":null,"warehouse_damage":null,"lost_in_post":null,"other_logs":null,"out_stock_days":0,"lost_sales":0,"has_location":true,"update_date":"2026-04-22T11:32:01","atum_locations":[{"id":373,"name":"Officine","slug":"officine"}],"atum_stock_status":"instock","restock_status":false,"low_stock_amount":"","sales_update_date":"2026-04-22T11:32:01","calc_backorders":null,"group_of_quantity":0,"min_quantity":0,"max_quantity":"","exclude_order_quantity_value_rules":"no","exclude_category_quantity_rules":"no","combine_variations":"no","acf":[],"_links":{"self":[{"href":"https:\/\/softymed.ch\/it\/wp-json\/wp\/v2\/product\/15108","targetHints":{"allow":["GET"]}}],"collection":[{"href":"https:\/\/softymed.ch\/it\/wp-json\/wp\/v2\/product"}],"about":[{"href":"https:\/\/softymed.ch\/it\/wp-json\/wp\/v2\/types\/product"}],"wp:featuredmedia":[{"embeddable":true,"href":"https:\/\/softymed.ch\/it\/wp-json\/wp\/v2\/media\/15111"}],"wp:attachment":[{"href":"https:\/\/softymed.ch\/it\/wp-json\/wp\/v2\/media?parent=15108"}],"wp:term":[{"taxonomy":"product_brand","embeddable":true,"href":"https:\/\/softymed.ch\/it\/wp-json\/wp\/v2\/product_brand?post=15108"},{"taxonomy":"product_cat","embeddable":true,"href":"https:\/\/softymed.ch\/it\/wp-json\/wp\/v2\/product_cat?post=15108"},{"taxonomy":"product_tag","embeddable":true,"href":"https:\/\/softymed.ch\/it\/wp-json\/wp\/v2\/product_tag?post=15108"},{"taxonomy":"categorie_principale","embeddable":true,"href":"https:\/\/softymed.ch\/it\/wp-json\/wp\/v2\/categorie_principale?post=15108"},{"taxonomy":"marque","embeddable":true,"href":"https:\/\/softymed.ch\/it\/wp-json\/wp\/v2\/marque?post=15108"}],"curies":[{"name":"wp","href":"https:\/\/api.w.org\/{rel}","templated":true}]}}